{"id":16718,"date":"2023-08-11T13:29:25","date_gmt":"2023-08-11T11:29:25","guid":{"rendered":"https:\/\/melanin.md\/?post_type=product&#038;p=16718"},"modified":"2025-02-11T09:52:33","modified_gmt":"2025-02-11T07:52:33","slug":"kholo-white-cream","status":"publish","type":"product","link":"http:\/\/melanin.md\/ru\/product\/kholo-white-cream\/","title":{"rendered":"KHOLO White Cream"},"content":{"rendered":"<p class=\" translation-block\">\u042d\u0442\u043e\u0442 \u043d\u043e\u0432\u044b\u0439 <strong> \u041a\u0440\u0435\u043c-\u043e\u0442\u0431\u0435\u043b\u0438\u0432\u0430\u0442\u0435\u043b\u044c \u0434\u043b\u044f \u043d\u0430\u0440\u0430\u0449\u0438\u0432\u0430\u043d\u0438\u044f \u0432\u043e\u043b\u043e\u0441 KholoPlex<\/strong> \u043c\u044f\u0433\u043a\u043e \u043e\u0441\u0432\u0435\u0442\u043b\u044f\u0435\u0442 \u0432\u043e\u043b\u043e\u0441\u044b \u0434\u043e 6\u20137 \u0443\u0440\u043e\u0432\u043d\u0435\u0439, \u0447\u0442\u043e \u0438\u0434\u0435\u0430\u043b\u044c\u043d\u043e \u043f\u043e\u0434\u0445\u043e\u0434\u0438\u0442 \u0434\u043b\u044f \u043a\u043e\u0436\u0438 \u0433\u043e\u043b\u043e\u0432\u044b. \u041f\u0440\u043e\u0446\u0435\u0434\u0443\u0440\u044b \u043e\u0442\u0431\u0435\u043b\u0438\u0432\u0430\u043d\u0438\u044f, \u0430 \u0442\u0430\u043a\u0436\u0435 \u043c\u0435\u0442\u043e\u0434\u044b \u0440\u0443\u0447\u043d\u043e\u0433\u043e \u043e\u0441\u0432\u0435\u0442\u043b\u0435\u043d\u0438\u044f. \u041d\u0430\u0442\u0443\u0440\u0430\u043b\u044c\u043d\u044b\u0435 \u043a\u043e\u043d\u0434\u0438\u0446\u0438\u043e\u043d\u0438\u0440\u0443\u044e\u0449\u0438\u0435 \u0438 \u0431\u0430\u0440\u044c\u0435\u0440\u043d\u044b\u0435 \u043c\u0430\u0441\u043b\u0430 \u0437\u0430\u0449\u0438\u0449\u0430\u044e\u0442, \u0430 \u0443\u043b\u044c\u0442\u0440\u0430\u043e\u0441\u0432\u0435\u0442\u043b\u044f\u044e\u0449\u0438\u0435 \u0444\u0430\u043a\u0442\u043e\u0440\u044b \u0443\u0434\u0430\u043b\u044f\u044e\u0442 \u043c\u043e\u043b\u0435\u043a\u0443\u043b\u044b \u043c\u0435\u043b\u0430\u043d\u0438\u043d\u0430 \u043d\u0430 \u043d\u0443\u0436\u043d\u043e\u043c \u0443\u0440\u043e\u0432\u043d\u0435. \u041a\u0440\u0435\u043c\u043e\u0432\u0430\u044f \u0444\u043e\u0440\u043c\u0443\u043b\u0430 \u0441\u043c\u044f\u0433\u0447\u0430\u044e\u0449\u0435\u0433\u043e \u0441\u0440\u0435\u0434\u0441\u0442\u0432\u0430 \u043f\u0440\u0435\u0434\u043b\u0430\u0433\u0430\u0435\u0442 \u043a\u043e\u043b\u043e\u0440\u0438\u0441\u0442\u0443 \u043d\u0435\u043e\u0433\u0440\u0430\u043d\u0438\u0447\u0435\u043d\u043d\u044b\u0439 \u0441\u043f\u0435\u043a\u0442\u0440 \u0442\u0435\u0445\u043d\u0438\u0447\u0435\u0441\u043a\u0438\u0445 \u0432\u043e\u0437\u043c\u043e\u0436\u043d\u043e\u0441\u0442\u0435\u0439 \u043f\u043e \u043e\u0441\u0432\u0435\u0449\u0435\u043d\u0438\u044e \u0438 \u043d\u0430\u043d\u0435\u0441\u0435\u043d\u0438\u044e, \u043a\u043e\u043d\u0442\u0440\u043e\u043b\u044e.<\/p>\n<p><strong>\u041f\u0420\u0418\u041c\u0415\u041d\u0415\u041d\u0418\u0415 <\/strong>: \u041f\u0440\u043e\u043f\u043e\u0440\u0446\u0438\u044f \u0441\u043c\u0435\u0448\u0438\u0432\u0430\u043d\u0438\u044f \u0441 \u043f\u0440\u043e\u044f\u0432\u0438\u0442\u0435\u043b\u0435\u043c \u043e\u0442 1:1 \u0434\u043e 1:2. \u0421\u043c\u0435\u0448\u0430\u0439\u0442\u0435 \u0432 \u043d\u0435\u043c\u0435\u0442\u0430\u043b\u043b\u0438\u0447\u0435\u0441\u043a\u043e\u0439 \u043c\u0438\u0441\u043a\u0435. \u041d\u0430\u043d\u0435\u0441\u0438\u0442\u0435 \u043d\u0430 \u0441\u0443\u0445\u0438\u0435 \u0432\u043e\u043b\u043e\u0441\u044b. \u0412\u0440\u0435\u043c\u044f: \u0434\u043e 60 \u043c\u0438\u043d\u0443\u0442. \u041f\u0440\u043e\u0432\u0435\u0440\u044f\u0439\u0442\u0435 \u0432\u043e\u043b\u043e\u0441\u044b \u043a\u0430\u0436\u0434\u044b\u0435 10 \u043c\u0438\u043d\u0443\u0442, \u0447\u0442\u043e\u0431\u044b \u0434\u043e\u0431\u0438\u0442\u044c\u0441\u044f \u0436\u0435\u043b\u0430\u0435\u043c\u043e\u0433\u043e \u0440\u0435\u0437\u0443\u043b\u044c\u0442\u0430\u0442\u0430 \u043e\u0441\u0432\u0435\u0442\u043b\u0435\u043d\u0438\u044f. \u041f\u043e\u0441\u043b\u0435 \u043d\u0430\u043d\u0435\u0441\u0435\u043d\u0438\u044f \u0442\u0449\u0430\u0442\u0435\u043b\u044c\u043d\u043e \u043f\u0440\u043e\u043c\u043e\u0439\u0442\u0435 \u0432\u043e\u043b\u043e\u0441\u044b \u0448\u0430\u043c\u043f\u0443\u043d\u0435\u043c \u0438 \u043a\u043e\u043d\u0434\u0438\u0446\u0438\u043e\u043d\u0435\u0440\u043e\u043c Post-Color.<\/p>","protected":false},"excerpt":{"rendered":"<p>\u042d\u0442\u043e\u0442 \u043d\u043e\u0432\u044b\u0439 \u043a\u0440\u0435\u043c-\u043e\u0442\u0431\u0435\u043b\u0438\u0432\u0430\u0442\u0435\u043b\u044c KholoPlex Bond Building Cream Bleach \u043c\u044f\u0433\u043a\u043e \u043e\u0442\u0431\u0435\u043b\u0438\u0432\u0430\u0435\u0442 \u0432\u043e\u043b\u043e\u0441\u044b \u0434\u043e 6-7 \u0443\u0440\u043e\u0432\u043d\u0435\u0439, \u0447\u0442\u043e \u0438\u0434\u0435\u0430\u043b\u044c\u043d\u043e \u043f\u043e\u0434\u0445\u043e\u0434\u0438\u0442 \u0434\u043b\u044f \u043a\u043e\u0436\u0438 \u0433\u043e\u043b\u043e\u0432\u044b. \u041f\u0440\u043e\u0446\u0435\u0434\u0443\u0440\u044b<\/p>","protected":false},"featured_media":22826,"template":"","meta":[],"product_brand":[],"product_cat":[83,1559,1572,79],"product_tag":[1553],"class_list":{"0":"post-16718","1":"product","2":"type-product","3":"status-publish","4":"has-post-thumbnail","6":"product_cat-vopsea-si-oxidant","7":"product_cat-kholo-beauty","8":"product_cat-kholo-color-pentru-colorarea-parului","9":"product_cat-toate","10":"product_tag-kholocolor","12":"first","13":"instock","14":"sale","15":"shipping-taxable","16":"purchasable","17":"product-type-simple"},"yoast_head":"<!-- This site is optimized with the Yoast SEO plugin v27.0 - https:\/\/yoast.com\/product\/yoast-seo-wordpress\/ -->\n<title>KHOLO White Cream - Melanin Cosmetics<\/title>\n<meta name=\"robots\" content=\"index, follow, max-snippet:-1, max-image-preview:large, max-video-preview:-1\" \/>\n<link rel=\"canonical\" href=\"http:\/\/melanin.md\/ru\/product\/kholo-white-cream\/\" \/>\n<meta property=\"og:locale\" content=\"ru_RU\" \/>\n<meta property=\"og:type\" content=\"article\" \/>\n<meta property=\"og:title\" content=\"KHOLO White Cream - Melanin Cosmetics\" \/>\n<meta property=\"og:description\" content=\"Acest nou KholoPlex Bond Building Cream Bleach poate decolora u\u0219or p\u0103rul p\u00e2n\u0103 la 6-7 niveluri, perfect pentru scalp. Proceduri de\" \/>\n<meta property=\"og:url\" content=\"http:\/\/melanin.md\/ru\/product\/kholo-white-cream\/\" \/>\n<meta property=\"og:site_name\" content=\"Melanin Cosmetics\" \/>\n<meta property=\"article:modified_time\" content=\"2025-02-11T07:52:33+00:00\" \/>\n<meta property=\"og:image\" content=\"https:\/\/melanin.md\/wp-content\/uploads\/2024\/07\/98.webp\" \/>\n\t<meta property=\"og:image:width\" content=\"800\" \/>\n\t<meta property=\"og:image:height\" content=\"800\" \/>\n\t<meta property=\"og:image:type\" content=\"image\/webp\" \/>\n<meta name=\"twitter:card\" content=\"summary_large_image\" \/>\n<meta name=\"twitter:label1\" content=\"\u041f\u0440\u0438\u043c\u0435\u0440\u043d\u043e\u0435 \u0432\u0440\u0435\u043c\u044f \u0434\u043b\u044f \u0447\u0442\u0435\u043d\u0438\u044f\" \/>\n\t<meta name=\"twitter:data1\" content=\"1 \u043c\u0438\u043d\u0443\u0442\u0430\" \/>\n<script type=\"application\/ld+json\" class=\"yoast-schema-graph\">{\"@context\":\"https:\/\/schema.org\",\"@graph\":[{\"@type\":\"WebPage\",\"@id\":\"https:\/\/melanin.md\/produs\/kholo-white-cream\/\",\"url\":\"https:\/\/melanin.md\/produs\/kholo-white-cream\/\",\"name\":\"KHOLO White Cream - Melanin Cosmetics\",\"isPartOf\":{\"@id\":\"https:\/\/melanin.md\/#website\"},\"primaryImageOfPage\":{\"@id\":\"https:\/\/melanin.md\/produs\/kholo-white-cream\/#primaryimage\"},\"image\":{\"@id\":\"https:\/\/melanin.md\/produs\/kholo-white-cream\/#primaryimage\"},\"thumbnailUrl\":\"https:\/\/melanin.md\/wp-content\/uploads\/2024\/07\/98.webp\",\"datePublished\":\"2023-08-11T11:29:25+00:00\",\"dateModified\":\"2025-02-11T07:52:33+00:00\",\"breadcrumb\":{\"@id\":\"https:\/\/melanin.md\/produs\/kholo-white-cream\/#breadcrumb\"},\"inLanguage\":\"ru-RU\",\"potentialAction\":[{\"@type\":\"ReadAction\",\"target\":[\"https:\/\/melanin.md\/produs\/kholo-white-cream\/\"]}]},{\"@type\":\"ImageObject\",\"inLanguage\":\"ru-RU\",\"@id\":\"https:\/\/melanin.md\/produs\/kholo-white-cream\/#primaryimage\",\"url\":\"https:\/\/melanin.md\/wp-content\/uploads\/2024\/07\/98.webp\",\"contentUrl\":\"https:\/\/melanin.md\/wp-content\/uploads\/2024\/07\/98.webp\",\"width\":800,\"height\":800},{\"@type\":\"BreadcrumbList\",\"@id\":\"https:\/\/melanin.md\/produs\/kholo-white-cream\/#breadcrumb\",\"itemListElement\":[{\"@type\":\"ListItem\",\"position\":1,\"name\":\"Prima pagin\u0103\",\"item\":\"https:\/\/melanin.md\/\"},{\"@type\":\"ListItem\",\"position\":2,\"name\":\"Produse\",\"item\":\"https:\/\/melanin.md\/shop\/\"},{\"@type\":\"ListItem\",\"position\":3,\"name\":\"KHOLO White Cream\"}]},{\"@type\":\"WebSite\",\"@id\":\"https:\/\/melanin.md\/#website\",\"url\":\"https:\/\/melanin.md\/\",\"name\":\"Melanin Cosmetics\",\"description\":\"\u00cen fabric\u0103 producem cosmetice, \u00een magazine vindem speran\u021b\u0103.\",\"publisher\":{\"@id\":\"https:\/\/melanin.md\/#organization\"},\"potentialAction\":[{\"@type\":\"SearchAction\",\"target\":{\"@type\":\"EntryPoint\",\"urlTemplate\":\"https:\/\/melanin.md\/?s={search_term_string}\"},\"query-input\":{\"@type\":\"PropertyValueSpecification\",\"valueRequired\":true,\"valueName\":\"search_term_string\"}}],\"inLanguage\":\"ru-RU\"},{\"@type\":\"Organization\",\"@id\":\"https:\/\/melanin.md\/#organization\",\"name\":\"Melanin Cosmetics\",\"url\":\"https:\/\/melanin.md\/\",\"logo\":{\"@type\":\"ImageObject\",\"inLanguage\":\"ru-RU\",\"@id\":\"https:\/\/melanin.md\/#\/schema\/logo\/image\/\",\"url\":\"https:\/\/melanin.md\/wp-content\/uploads\/2023\/06\/cropped-SM-2-1.png\",\"contentUrl\":\"https:\/\/melanin.md\/wp-content\/uploads\/2023\/06\/cropped-SM-2-1.png\",\"width\":512,\"height\":512,\"caption\":\"Melanin Cosmetics\"},\"image\":{\"@id\":\"https:\/\/melanin.md\/#\/schema\/logo\/image\/\"}}]}<\/script>\n<!-- \/ Yoast SEO plugin. -->","yoast_head_json":{"title":"KHOLO White Cream - Melanin Cosmetics","robots":{"index":"index","follow":"follow","max-snippet":"max-snippet:-1","max-image-preview":"max-image-preview:large","max-video-preview":"max-video-preview:-1"},"canonical":"http:\/\/melanin.md\/ru\/product\/kholo-white-cream\/","og_locale":"ru_RU","og_type":"article","og_title":"KHOLO White Cream - Melanin Cosmetics","og_description":"Acest nou KholoPlex Bond Building Cream Bleach poate decolora u\u0219or p\u0103rul p\u00e2n\u0103 la 6-7 niveluri, perfect pentru scalp. Proceduri de","og_url":"http:\/\/melanin.md\/ru\/product\/kholo-white-cream\/","og_site_name":"Melanin Cosmetics","article_modified_time":"2025-02-11T07:52:33+00:00","og_image":[{"width":800,"height":800,"url":"https:\/\/melanin.md\/wp-content\/uploads\/2024\/07\/98.webp","type":"image\/webp"}],"twitter_card":"summary_large_image","twitter_misc":{"\u041f\u0440\u0438\u043c\u0435\u0440\u043d\u043e\u0435 \u0432\u0440\u0435\u043c\u044f \u0434\u043b\u044f \u0447\u0442\u0435\u043d\u0438\u044f":"1 \u043c\u0438\u043d\u0443\u0442\u0430"},"schema":{"@context":"https:\/\/schema.org","@graph":[{"@type":"WebPage","@id":"https:\/\/melanin.md\/produs\/kholo-white-cream\/","url":"https:\/\/melanin.md\/produs\/kholo-white-cream\/","name":"KHOLO White Cream - Melanin Cosmetics","isPartOf":{"@id":"https:\/\/melanin.md\/#website"},"primaryImageOfPage":{"@id":"https:\/\/melanin.md\/produs\/kholo-white-cream\/#primaryimage"},"image":{"@id":"https:\/\/melanin.md\/produs\/kholo-white-cream\/#primaryimage"},"thumbnailUrl":"https:\/\/melanin.md\/wp-content\/uploads\/2024\/07\/98.webp","datePublished":"2023-08-11T11:29:25+00:00","dateModified":"2025-02-11T07:52:33+00:00","breadcrumb":{"@id":"https:\/\/melanin.md\/produs\/kholo-white-cream\/#breadcrumb"},"inLanguage":"ru-RU","potentialAction":[{"@type":"ReadAction","target":["https:\/\/melanin.md\/produs\/kholo-white-cream\/"]}]},{"@type":"ImageObject","inLanguage":"ru-RU","@id":"https:\/\/melanin.md\/produs\/kholo-white-cream\/#primaryimage","url":"https:\/\/melanin.md\/wp-content\/uploads\/2024\/07\/98.webp","contentUrl":"https:\/\/melanin.md\/wp-content\/uploads\/2024\/07\/98.webp","width":800,"height":800},{"@type":"BreadcrumbList","@id":"https:\/\/melanin.md\/produs\/kholo-white-cream\/#breadcrumb","itemListElement":[{"@type":"ListItem","position":1,"name":"Prima pagin\u0103","item":"https:\/\/melanin.md\/"},{"@type":"ListItem","position":2,"name":"Produse","item":"https:\/\/melanin.md\/shop\/"},{"@type":"ListItem","position":3,"name":"KHOLO White Cream"}]},{"@type":"WebSite","@id":"https:\/\/melanin.md\/#website","url":"https:\/\/melanin.md\/","name":"Melanin Cosmetics","description":"\u00cen fabric\u0103 producem cosmetice, \u00een magazine vindem speran\u021b\u0103.","publisher":{"@id":"https:\/\/melanin.md\/#organization"},"potentialAction":[{"@type":"SearchAction","target":{"@type":"EntryPoint","urlTemplate":"https:\/\/melanin.md\/?s={search_term_string}"},"query-input":{"@type":"PropertyValueSpecification","valueRequired":true,"valueName":"search_term_string"}}],"inLanguage":"ru-RU"},{"@type":"Organization","@id":"https:\/\/melanin.md\/#organization","name":"Melanin Cosmetics","url":"https:\/\/melanin.md\/","logo":{"@type":"ImageObject","inLanguage":"ru-RU","@id":"https:\/\/melanin.md\/#\/schema\/logo\/image\/","url":"https:\/\/melanin.md\/wp-content\/uploads\/2023\/06\/cropped-SM-2-1.png","contentUrl":"https:\/\/melanin.md\/wp-content\/uploads\/2023\/06\/cropped-SM-2-1.png","width":512,"height":512,"caption":"Melanin Cosmetics"},"image":{"@id":"https:\/\/melanin.md\/#\/schema\/logo\/image\/"}}]}},"_links":{"self":[{"href":"http:\/\/melanin.md\/ru\/wp-json\/wp\/v2\/product\/16718","targetHints":{"allow":["GET"]}}],"collection":[{"href":"http:\/\/melanin.md\/ru\/wp-json\/wp\/v2\/product"}],"about":[{"href":"http:\/\/melanin.md\/ru\/wp-json\/wp\/v2\/types\/product"}],"version-history":[{"count":1,"href":"http:\/\/melanin.md\/ru\/wp-json\/wp\/v2\/product\/16718\/revisions"}],"predecessor-version":[{"id":22857,"href":"http:\/\/melanin.md\/ru\/wp-json\/wp\/v2\/product\/16718\/revisions\/22857"}],"wp:featuredmedia":[{"embeddable":true,"href":"http:\/\/melanin.md\/ru\/wp-json\/wp\/v2\/media\/22826"}],"wp:attachment":[{"href":"http:\/\/melanin.md\/ru\/wp-json\/wp\/v2\/media?parent=16718"}],"wp:term":[{"taxonomy":"product_brand","embeddable":true,"href":"http:\/\/melanin.md\/ru\/wp-json\/wp\/v2\/product_brand?post=16718"},{"taxonomy":"product_cat","embeddable":true,"href":"http:\/\/melanin.md\/ru\/wp-json\/wp\/v2\/product_cat?post=16718"},{"taxonomy":"product_tag","embeddable":true,"href":"http:\/\/melanin.md\/ru\/wp-json\/wp\/v2\/product_tag?post=16718"}],"curies":[{"name":"wp","href":"https:\/\/api.w.org\/{rel}","templated":true}]}}