{"id":23151,"date":"2024-09-05T15:40:06","date_gmt":"2024-09-05T13:40:06","guid":{"rendered":"https:\/\/melanin.md\/?post_type=product&#038;p=23151"},"modified":"2026-02-16T09:14:32","modified_gmt":"2026-02-16T07:14:32","slug":"restructure-hair-lotion","status":"publish","type":"product","link":"http:\/\/melanin.md\/ru\/product\/restructure-hair-lotion\/","title":{"rendered":"Restructure Hair Lotion"},"content":{"rendered":"<p><strong>Restructure Hair Lotion 135ml<\/strong><\/p>\n<p>&nbsp;<\/p>\n<p><span style=\"font-weight: 400;\">Lo\u021biunea de p\u0103r ajut\u0103 la descurcarea \u0219i hidratarea intensiv\u0103, oferind p\u0103rului str\u0103lucire \u0219i catifelare. Reface structura p\u0103rului, s\u0103tur\u00e2ndu-l cu keratina, panthenol \u0219i proteine \u200b\u200b\u200b\u200bde m\u0103tase.<\/span><\/p>\n<p>&nbsp;<\/p>\n<p><span style=\"font-weight: 400;\"><strong>Mod de utilizare <\/strong>: Agita\u021bi \u00eenainte de utilizare. Aplica\u021bi pe p\u0103rul curat, uscat sau u\u0219or umed pe toat\u0103 lungimea, acord\u00e2nd o aten\u021bie deosebit\u0103 v\u00e2rfurilor. NU SE SPAL\u0102 !<\/span><\/p>","protected":false},"excerpt":{"rendered":"<p>Restructure Hair Lotion 135ml &nbsp; Lo\u021biunea de p\u0103r ajut\u0103 la descurcarea \u0219i hidratarea intensiv\u0103, oferind p\u0103rului str\u0103lucire \u0219i catifelare. Reface<\/p>","protected":false},"featured_media":23144,"template":"","meta":[],"product_brand":[],"product_cat":[82,81,1558,1564,79],"product_tag":[],"class_list":{"0":"post-23151","1":"product","2":"type-product","3":"status-publish","4":"has-post-thumbnail","6":"product_cat-ulei-si-vitamine","7":"product_cat-produse-styling","8":"product_cat-spa-master","9":"product_cat-keratin-line-pentru-restructurarea-parului","10":"product_cat-toate","12":"first","13":"instock","14":"shipping-taxable","15":"purchasable","16":"product-type-simple"},"yoast_head":"<!-- This site is optimized with the Yoast SEO plugin v27.0 - https:\/\/yoast.com\/product\/yoast-seo-wordpress\/ -->\n<title>Restructure Hair Lotion - Melanin Cosmetics<\/title>\n<meta name=\"robots\" content=\"index, follow, max-snippet:-1, max-image-preview:large, max-video-preview:-1\" \/>\n<link rel=\"canonical\" href=\"http:\/\/melanin.md\/ru\/product\/restructure-hair-lotion\/\" \/>\n<meta property=\"og:locale\" content=\"ru_RU\" \/>\n<meta property=\"og:type\" content=\"article\" \/>\n<meta property=\"og:title\" content=\"Restructure Hair Lotion - Melanin Cosmetics\" \/>\n<meta property=\"og:description\" content=\"Restructure Hair Lotion 135ml &nbsp; Lo\u021biunea de p\u0103r ajut\u0103 la descurcarea \u0219i hidratarea intensiv\u0103, oferind p\u0103rului str\u0103lucire \u0219i catifelare. Reface\" \/>\n<meta property=\"og:url\" content=\"http:\/\/melanin.md\/ru\/product\/restructure-hair-lotion\/\" \/>\n<meta property=\"og:site_name\" content=\"Melanin Cosmetics\" \/>\n<meta property=\"article:modified_time\" content=\"2026-02-16T07:14:32+00:00\" \/>\n<meta property=\"og:image\" content=\"https:\/\/melanin.md\/wp-content\/uploads\/2024\/09\/MG_0795.webp\" \/>\n\t<meta property=\"og:image:width\" content=\"800\" \/>\n\t<meta property=\"og:image:height\" content=\"800\" \/>\n\t<meta property=\"og:image:type\" content=\"image\/webp\" \/>\n<meta name=\"twitter:card\" content=\"summary_large_image\" \/>\n<meta name=\"twitter:label1\" content=\"\u041f\u0440\u0438\u043c\u0435\u0440\u043d\u043e\u0435 \u0432\u0440\u0435\u043c\u044f \u0434\u043b\u044f \u0447\u0442\u0435\u043d\u0438\u044f\" \/>\n\t<meta name=\"twitter:data1\" content=\"1 \u043c\u0438\u043d\u0443\u0442\u0430\" \/>\n<script type=\"application\/ld+json\" class=\"yoast-schema-graph\">{\"@context\":\"https:\/\/schema.org\",\"@graph\":[{\"@type\":\"WebPage\",\"@id\":\"https:\/\/melanin.md\/produs\/restructure-hair-lotion\/\",\"url\":\"https:\/\/melanin.md\/produs\/restructure-hair-lotion\/\",\"name\":\"Restructure Hair Lotion - Melanin Cosmetics\",\"isPartOf\":{\"@id\":\"https:\/\/melanin.md\/#website\"},\"primaryImageOfPage\":{\"@id\":\"https:\/\/melanin.md\/produs\/restructure-hair-lotion\/#primaryimage\"},\"image\":{\"@id\":\"https:\/\/melanin.md\/produs\/restructure-hair-lotion\/#primaryimage\"},\"thumbnailUrl\":\"https:\/\/melanin.md\/wp-content\/uploads\/2024\/09\/MG_0795.webp\",\"datePublished\":\"2024-09-05T13:40:06+00:00\",\"dateModified\":\"2026-02-16T07:14:32+00:00\",\"breadcrumb\":{\"@id\":\"https:\/\/melanin.md\/produs\/restructure-hair-lotion\/#breadcrumb\"},\"inLanguage\":\"ru-RU\",\"potentialAction\":[{\"@type\":\"ReadAction\",\"target\":[\"https:\/\/melanin.md\/produs\/restructure-hair-lotion\/\"]}]},{\"@type\":\"ImageObject\",\"inLanguage\":\"ru-RU\",\"@id\":\"https:\/\/melanin.md\/produs\/restructure-hair-lotion\/#primaryimage\",\"url\":\"https:\/\/melanin.md\/wp-content\/uploads\/2024\/09\/MG_0795.webp\",\"contentUrl\":\"https:\/\/melanin.md\/wp-content\/uploads\/2024\/09\/MG_0795.webp\",\"width\":800,\"height\":800},{\"@type\":\"BreadcrumbList\",\"@id\":\"https:\/\/melanin.md\/produs\/restructure-hair-lotion\/#breadcrumb\",\"itemListElement\":[{\"@type\":\"ListItem\",\"position\":1,\"name\":\"Prima pagin\u0103\",\"item\":\"https:\/\/melanin.md\/\"},{\"@type\":\"ListItem\",\"position\":2,\"name\":\"Produse\",\"item\":\"https:\/\/melanin.md\/shop\/\"},{\"@type\":\"ListItem\",\"position\":3,\"name\":\"Restructure Hair Lotion\"}]},{\"@type\":\"WebSite\",\"@id\":\"https:\/\/melanin.md\/#website\",\"url\":\"https:\/\/melanin.md\/\",\"name\":\"Melanin Cosmetics\",\"description\":\"\u00cen fabric\u0103 producem cosmetice, \u00een magazine vindem speran\u021b\u0103.\",\"publisher\":{\"@id\":\"https:\/\/melanin.md\/#organization\"},\"potentialAction\":[{\"@type\":\"SearchAction\",\"target\":{\"@type\":\"EntryPoint\",\"urlTemplate\":\"https:\/\/melanin.md\/?s={search_term_string}\"},\"query-input\":{\"@type\":\"PropertyValueSpecification\",\"valueRequired\":true,\"valueName\":\"search_term_string\"}}],\"inLanguage\":\"ru-RU\"},{\"@type\":\"Organization\",\"@id\":\"https:\/\/melanin.md\/#organization\",\"name\":\"Melanin Cosmetics\",\"url\":\"https:\/\/melanin.md\/\",\"logo\":{\"@type\":\"ImageObject\",\"inLanguage\":\"ru-RU\",\"@id\":\"https:\/\/melanin.md\/#\/schema\/logo\/image\/\",\"url\":\"https:\/\/melanin.md\/wp-content\/uploads\/2023\/06\/cropped-SM-2-1.png\",\"contentUrl\":\"https:\/\/melanin.md\/wp-content\/uploads\/2023\/06\/cropped-SM-2-1.png\",\"width\":512,\"height\":512,\"caption\":\"Melanin Cosmetics\"},\"image\":{\"@id\":\"https:\/\/melanin.md\/#\/schema\/logo\/image\/\"}}]}<\/script>\n<!-- \/ Yoast SEO plugin. -->","yoast_head_json":{"title":"Restructure Hair Lotion - Melanin Cosmetics","robots":{"index":"index","follow":"follow","max-snippet":"max-snippet:-1","max-image-preview":"max-image-preview:large","max-video-preview":"max-video-preview:-1"},"canonical":"http:\/\/melanin.md\/ru\/product\/restructure-hair-lotion\/","og_locale":"ru_RU","og_type":"article","og_title":"Restructure Hair Lotion - Melanin Cosmetics","og_description":"Restructure Hair Lotion 135ml &nbsp; Lo\u021biunea de p\u0103r ajut\u0103 la descurcarea \u0219i hidratarea intensiv\u0103, oferind p\u0103rului str\u0103lucire \u0219i catifelare. Reface","og_url":"http:\/\/melanin.md\/ru\/product\/restructure-hair-lotion\/","og_site_name":"Melanin Cosmetics","article_modified_time":"2026-02-16T07:14:32+00:00","og_image":[{"width":800,"height":800,"url":"https:\/\/melanin.md\/wp-content\/uploads\/2024\/09\/MG_0795.webp","type":"image\/webp"}],"twitter_card":"summary_large_image","twitter_misc":{"\u041f\u0440\u0438\u043c\u0435\u0440\u043d\u043e\u0435 \u0432\u0440\u0435\u043c\u044f \u0434\u043b\u044f \u0447\u0442\u0435\u043d\u0438\u044f":"1 \u043c\u0438\u043d\u0443\u0442\u0430"},"schema":{"@context":"https:\/\/schema.org","@graph":[{"@type":"WebPage","@id":"https:\/\/melanin.md\/produs\/restructure-hair-lotion\/","url":"https:\/\/melanin.md\/produs\/restructure-hair-lotion\/","name":"Restructure Hair Lotion - Melanin Cosmetics","isPartOf":{"@id":"https:\/\/melanin.md\/#website"},"primaryImageOfPage":{"@id":"https:\/\/melanin.md\/produs\/restructure-hair-lotion\/#primaryimage"},"image":{"@id":"https:\/\/melanin.md\/produs\/restructure-hair-lotion\/#primaryimage"},"thumbnailUrl":"https:\/\/melanin.md\/wp-content\/uploads\/2024\/09\/MG_0795.webp","datePublished":"2024-09-05T13:40:06+00:00","dateModified":"2026-02-16T07:14:32+00:00","breadcrumb":{"@id":"https:\/\/melanin.md\/produs\/restructure-hair-lotion\/#breadcrumb"},"inLanguage":"ru-RU","potentialAction":[{"@type":"ReadAction","target":["https:\/\/melanin.md\/produs\/restructure-hair-lotion\/"]}]},{"@type":"ImageObject","inLanguage":"ru-RU","@id":"https:\/\/melanin.md\/produs\/restructure-hair-lotion\/#primaryimage","url":"https:\/\/melanin.md\/wp-content\/uploads\/2024\/09\/MG_0795.webp","contentUrl":"https:\/\/melanin.md\/wp-content\/uploads\/2024\/09\/MG_0795.webp","width":800,"height":800},{"@type":"BreadcrumbList","@id":"https:\/\/melanin.md\/produs\/restructure-hair-lotion\/#breadcrumb","itemListElement":[{"@type":"ListItem","position":1,"name":"Prima pagin\u0103","item":"https:\/\/melanin.md\/"},{"@type":"ListItem","position":2,"name":"Produse","item":"https:\/\/melanin.md\/shop\/"},{"@type":"ListItem","position":3,"name":"Restructure Hair Lotion"}]},{"@type":"WebSite","@id":"https:\/\/melanin.md\/#website","url":"https:\/\/melanin.md\/","name":"Melanin Cosmetics","description":"\u00cen fabric\u0103 producem cosmetice, \u00een magazine vindem speran\u021b\u0103.","publisher":{"@id":"https:\/\/melanin.md\/#organization"},"potentialAction":[{"@type":"SearchAction","target":{"@type":"EntryPoint","urlTemplate":"https:\/\/melanin.md\/?s={search_term_string}"},"query-input":{"@type":"PropertyValueSpecification","valueRequired":true,"valueName":"search_term_string"}}],"inLanguage":"ru-RU"},{"@type":"Organization","@id":"https:\/\/melanin.md\/#organization","name":"Melanin Cosmetics","url":"https:\/\/melanin.md\/","logo":{"@type":"ImageObject","inLanguage":"ru-RU","@id":"https:\/\/melanin.md\/#\/schema\/logo\/image\/","url":"https:\/\/melanin.md\/wp-content\/uploads\/2023\/06\/cropped-SM-2-1.png","contentUrl":"https:\/\/melanin.md\/wp-content\/uploads\/2023\/06\/cropped-SM-2-1.png","width":512,"height":512,"caption":"Melanin Cosmetics"},"image":{"@id":"https:\/\/melanin.md\/#\/schema\/logo\/image\/"}}]}},"_links":{"self":[{"href":"http:\/\/melanin.md\/ru\/wp-json\/wp\/v2\/product\/23151","targetHints":{"allow":["GET"]}}],"collection":[{"href":"http:\/\/melanin.md\/ru\/wp-json\/wp\/v2\/product"}],"about":[{"href":"http:\/\/melanin.md\/ru\/wp-json\/wp\/v2\/types\/product"}],"version-history":[{"count":1,"href":"http:\/\/melanin.md\/ru\/wp-json\/wp\/v2\/product\/23151\/revisions"}],"predecessor-version":[{"id":23152,"href":"http:\/\/melanin.md\/ru\/wp-json\/wp\/v2\/product\/23151\/revisions\/23152"}],"wp:featuredmedia":[{"embeddable":true,"href":"http:\/\/melanin.md\/ru\/wp-json\/wp\/v2\/media\/23144"}],"wp:attachment":[{"href":"http:\/\/melanin.md\/ru\/wp-json\/wp\/v2\/media?parent=23151"}],"wp:term":[{"taxonomy":"product_brand","embeddable":true,"href":"http:\/\/melanin.md\/ru\/wp-json\/wp\/v2\/product_brand?post=23151"},{"taxonomy":"product_cat","embeddable":true,"href":"http:\/\/melanin.md\/ru\/wp-json\/wp\/v2\/product_cat?post=23151"},{"taxonomy":"product_tag","embeddable":true,"href":"http:\/\/melanin.md\/ru\/wp-json\/wp\/v2\/product_tag?post=23151"}],"curies":[{"name":"wp","href":"https:\/\/api.w.org\/{rel}","templated":true}]}}