{"id":3259,"date":"2022-01-12T15:48:30","date_gmt":"2022-01-12T13:48:30","guid":{"rendered":"https:\/\/spamaster.md\/?post_type=product&#038;p=3259"},"modified":"2026-02-16T09:14:01","modified_gmt":"2026-02-16T07:14:01","slug":"gsp-t-complex","status":"publish","type":"product","link":"http:\/\/melanin.md\/ru\/product\/gsp-t-complex\/","title":{"rendered":"GSP-T Complex"},"content":{"rendered":"<p><b>Concentrat GSP-T\u00ae cu keratin\u0103, m\u0103tase, struguri \u0219i ulei de ricin<\/b><\/p>\n<p><b>pH 4.5<\/b><\/p>\n<p><span style=\"font-weight: 400;\">\u00cengrijire suplimentar\u0103 ce nu necesit\u0103 cl\u0103tire. \u00cembun\u0103t\u0103\u021be\u0219te propriet\u0103\u021bile protectoare ale m\u0103\u0219tilor \u0219i balsamurilor de p\u0103r. Creeaz\u0103 o barier\u0103 de protec\u021bie care p\u0103streaz\u0103 culoarea \u0219i componentele nutritive \u00een structura p\u0103rului. Protejeaz\u0103 \u00eempotriva factorilor nocivi externi, fizici \u0219i chimici. Antioxidant puternic \u0219i protec\u021bie contra razelor UV. Are efect antistatic, ofer\u0103 str\u0103lucire s\u0103n\u0103toas\u0103, moliciune \u0219i netezime. U\u0219ureaz\u0103 procesul de aranjare a p\u0103rului.<\/span><\/p>\n<p><b>\u0421\u043f\u043e\u0441\u043e\u0431 \u043f\u0440\u0438\u043c\u0435\u043d\u0435\u043d\u0438\u044f: <\/b><\/p>\n<p class=\" translation-block\">1. <\/strong><strong>\u041a\u0430\u043a \u0443\u0441\u0438\u043b\u0438\u0442\u0435\u043b\u044c \u0438 \u043f\u0440\u043e\u0432\u043e\u0434\u043d\u0438\u043a<\/strong> \u0430\u043a\u0442\u0438\u0432\u043d\u044b\u0445 \u0438\u043d\u0433\u0440\u0435\u0434\u0438\u0435\u043d\u0442\u043e\u0432, \u0443\u043b\u0443\u0447\u0448\u0430\u044e\u0449\u0438\u0445 \u0437\u0430\u0449\u0438\u0442\u043d\u044b\u0435 \u0441\u0432\u043e\u0439\u0441\u0442\u0432\u0430 \u0441\u0442\u0440\u0443\u043a\u0442\u0443\u0440\u044b \u0432\u043e\u043b\u043e\u0441. \u0414\u043e\u0431\u0430\u0432\u044c\u0442\u0435 5 \u043c\u043b \u043a\u043e\u043d\u0446\u0435\u043d\u0442\u0440\u0430\u0442\u0430 \u0432 30 \u043c\u043b \u043a\u043e\u043d\u0434\u0438\u0446\u0438\u043e\u043d\u0435\u0440\u0430 \u0438\u043b\u0438 \u043c\u0430\u0441\u043a\u0438 \u0434\u043b\u044f \u0432\u043e\u043b\u043e\u0441.<\/p>\n<p>2. <b>Ca solu\u021bie de \u00eengrijire, ce nu necesit\u0103 cl\u0103tire, al efectului de <\/b><b>laminare \u0219i \u00eendreptare.<\/b><span style=\"font-weight: 400;\"> Dup\u0103 aplicarea \u0219amponului \u0219i a <\/span><span style=\"font-weight: 400;\">balsamului sau a m\u0103\u0219tii, se aplica concentratul uniform pe toat\u0103 lungimea <\/span><span style=\"font-weight: 400;\">p\u0103rului umed. A se continua aranjarea cu un usc\u0103tor de p\u0103r cu <\/span><span style=\"font-weight: 400;\">aer cald (aerul fierbinte activeaz\u0103 fito-laminarea, ajut\u0103 la <\/span><span style=\"font-weight: 400;\">evaporarea umidit\u0103\u021bii \u0219i la fixarea procedurii).<\/span><\/p>","protected":false},"excerpt":{"rendered":"<p>\u041a\u043e\u043d\u0446\u0435\u043d\u0442\u0440\u0430\u0442 \u0441 \u0437\u0430\u0449\u0438\u0442\u043d\u044b\u043c \u044d\u0444\u0444\u0435\u043a\u0442\u043e\u043c \u0434\u043b\u044f \u0432\u043e\u043b\u043e\u0441.<\/p>\n<p>&nbsp;<\/p>\n<p>&nbsp;<\/p>","protected":false},"featured_media":5137,"template":"","meta":[],"product_brand":[],"product_cat":[82,81,79],"product_tag":[703],"class_list":{"0":"post-3259","1":"product","2":"type-product","3":"status-publish","4":"has-post-thumbnail","6":"product_cat-ulei-si-vitamine","7":"product_cat-produse-styling","8":"product_cat-toate","9":"product_tag-protect-line-pentru-protectia-culorii-parului","11":"first","12":"instock","13":"shipping-taxable","14":"purchasable","15":"product-type-simple"},"yoast_head":"<!-- This site is optimized with the Yoast SEO plugin v27.0 - https:\/\/yoast.com\/product\/yoast-seo-wordpress\/ -->\n<title>GSP-T Complex - Melanin Cosmetics<\/title>\n<meta name=\"robots\" content=\"index, follow, max-snippet:-1, max-image-preview:large, max-video-preview:-1\" \/>\n<link rel=\"canonical\" href=\"http:\/\/melanin.md\/ru\/product\/gsp-t-complex\/\" \/>\n<meta property=\"og:locale\" content=\"ru_RU\" \/>\n<meta property=\"og:type\" content=\"article\" \/>\n<meta property=\"og:title\" content=\"GSP-T Complex - Melanin Cosmetics\" \/>\n<meta property=\"og:description\" content=\"Concentrat cu efect de protec\u021bie pentru p\u0103r  &nbsp;  &nbsp;\" \/>\n<meta property=\"og:url\" content=\"http:\/\/melanin.md\/ru\/product\/gsp-t-complex\/\" \/>\n<meta property=\"og:site_name\" content=\"Melanin Cosmetics\" \/>\n<meta property=\"article:modified_time\" content=\"2026-02-16T07:14:01+00:00\" \/>\n<meta property=\"og:image\" content=\"https:\/\/melanin.md\/wp-content\/uploads\/2022\/01\/1541-1-scaled-scaled.jpg\" \/>\n\t<meta property=\"og:image:width\" content=\"2560\" \/>\n\t<meta property=\"og:image:height\" content=\"1707\" \/>\n\t<meta property=\"og:image:type\" content=\"image\/jpeg\" \/>\n<meta name=\"twitter:card\" content=\"summary_large_image\" \/>\n<meta name=\"twitter:label1\" content=\"\u041f\u0440\u0438\u043c\u0435\u0440\u043d\u043e\u0435 \u0432\u0440\u0435\u043c\u044f \u0434\u043b\u044f \u0447\u0442\u0435\u043d\u0438\u044f\" \/>\n\t<meta name=\"twitter:data1\" content=\"1 \u043c\u0438\u043d\u0443\u0442\u0430\" \/>\n<script type=\"application\/ld+json\" class=\"yoast-schema-graph\">{\"@context\":\"https:\/\/schema.org\",\"@graph\":[{\"@type\":\"WebPage\",\"@id\":\"https:\/\/melanin.md\/produs\/gsp-t-complex\/\",\"url\":\"https:\/\/melanin.md\/produs\/gsp-t-complex\/\",\"name\":\"GSP-T Complex - Melanin Cosmetics\",\"isPartOf\":{\"@id\":\"https:\/\/melanin.md\/#website\"},\"primaryImageOfPage\":{\"@id\":\"https:\/\/melanin.md\/produs\/gsp-t-complex\/#primaryimage\"},\"image\":{\"@id\":\"https:\/\/melanin.md\/produs\/gsp-t-complex\/#primaryimage\"},\"thumbnailUrl\":\"https:\/\/melanin.md\/wp-content\/uploads\/2022\/01\/1541-1-scaled-scaled.jpg\",\"datePublished\":\"2022-01-12T13:48:30+00:00\",\"dateModified\":\"2026-02-16T07:14:01+00:00\",\"breadcrumb\":{\"@id\":\"https:\/\/melanin.md\/produs\/gsp-t-complex\/#breadcrumb\"},\"inLanguage\":\"ru-RU\",\"potentialAction\":[{\"@type\":\"ReadAction\",\"target\":[\"https:\/\/melanin.md\/produs\/gsp-t-complex\/\"]}]},{\"@type\":\"ImageObject\",\"inLanguage\":\"ru-RU\",\"@id\":\"https:\/\/melanin.md\/produs\/gsp-t-complex\/#primaryimage\",\"url\":\"https:\/\/melanin.md\/wp-content\/uploads\/2022\/01\/1541-1-scaled-scaled.jpg\",\"contentUrl\":\"https:\/\/melanin.md\/wp-content\/uploads\/2022\/01\/1541-1-scaled-scaled.jpg\",\"width\":2560,\"height\":1707},{\"@type\":\"BreadcrumbList\",\"@id\":\"https:\/\/melanin.md\/produs\/gsp-t-complex\/#breadcrumb\",\"itemListElement\":[{\"@type\":\"ListItem\",\"position\":1,\"name\":\"Prima pagin\u0103\",\"item\":\"https:\/\/melanin.md\/\"},{\"@type\":\"ListItem\",\"position\":2,\"name\":\"Produse\",\"item\":\"https:\/\/melanin.md\/shop\/\"},{\"@type\":\"ListItem\",\"position\":3,\"name\":\"GSP-T Complex\"}]},{\"@type\":\"WebSite\",\"@id\":\"https:\/\/melanin.md\/#website\",\"url\":\"https:\/\/melanin.md\/\",\"name\":\"Melanin Cosmetics\",\"description\":\"\u00cen fabric\u0103 producem cosmetice, \u00een magazine vindem speran\u021b\u0103.\",\"publisher\":{\"@id\":\"https:\/\/melanin.md\/#organization\"},\"potentialAction\":[{\"@type\":\"SearchAction\",\"target\":{\"@type\":\"EntryPoint\",\"urlTemplate\":\"https:\/\/melanin.md\/?s={search_term_string}\"},\"query-input\":{\"@type\":\"PropertyValueSpecification\",\"valueRequired\":true,\"valueName\":\"search_term_string\"}}],\"inLanguage\":\"ru-RU\"},{\"@type\":\"Organization\",\"@id\":\"https:\/\/melanin.md\/#organization\",\"name\":\"Melanin Cosmetics\",\"url\":\"https:\/\/melanin.md\/\",\"logo\":{\"@type\":\"ImageObject\",\"inLanguage\":\"ru-RU\",\"@id\":\"https:\/\/melanin.md\/#\/schema\/logo\/image\/\",\"url\":\"https:\/\/melanin.md\/wp-content\/uploads\/2023\/06\/cropped-SM-2-1.png\",\"contentUrl\":\"https:\/\/melanin.md\/wp-content\/uploads\/2023\/06\/cropped-SM-2-1.png\",\"width\":512,\"height\":512,\"caption\":\"Melanin Cosmetics\"},\"image\":{\"@id\":\"https:\/\/melanin.md\/#\/schema\/logo\/image\/\"}}]}<\/script>\n<!-- \/ Yoast SEO plugin. -->","yoast_head_json":{"title":"GSP-T Complex - Melanin Cosmetics","robots":{"index":"index","follow":"follow","max-snippet":"max-snippet:-1","max-image-preview":"max-image-preview:large","max-video-preview":"max-video-preview:-1"},"canonical":"http:\/\/melanin.md\/ru\/product\/gsp-t-complex\/","og_locale":"ru_RU","og_type":"article","og_title":"GSP-T Complex - Melanin Cosmetics","og_description":"Concentrat cu efect de protec\u021bie pentru p\u0103r  &nbsp;  &nbsp;","og_url":"http:\/\/melanin.md\/ru\/product\/gsp-t-complex\/","og_site_name":"Melanin Cosmetics","article_modified_time":"2026-02-16T07:14:01+00:00","og_image":[{"width":2560,"height":1707,"url":"https:\/\/melanin.md\/wp-content\/uploads\/2022\/01\/1541-1-scaled-scaled.jpg","type":"image\/jpeg"}],"twitter_card":"summary_large_image","twitter_misc":{"\u041f\u0440\u0438\u043c\u0435\u0440\u043d\u043e\u0435 \u0432\u0440\u0435\u043c\u044f \u0434\u043b\u044f \u0447\u0442\u0435\u043d\u0438\u044f":"1 \u043c\u0438\u043d\u0443\u0442\u0430"},"schema":{"@context":"https:\/\/schema.org","@graph":[{"@type":"WebPage","@id":"https:\/\/melanin.md\/produs\/gsp-t-complex\/","url":"https:\/\/melanin.md\/produs\/gsp-t-complex\/","name":"GSP-T Complex - Melanin Cosmetics","isPartOf":{"@id":"https:\/\/melanin.md\/#website"},"primaryImageOfPage":{"@id":"https:\/\/melanin.md\/produs\/gsp-t-complex\/#primaryimage"},"image":{"@id":"https:\/\/melanin.md\/produs\/gsp-t-complex\/#primaryimage"},"thumbnailUrl":"https:\/\/melanin.md\/wp-content\/uploads\/2022\/01\/1541-1-scaled-scaled.jpg","datePublished":"2022-01-12T13:48:30+00:00","dateModified":"2026-02-16T07:14:01+00:00","breadcrumb":{"@id":"https:\/\/melanin.md\/produs\/gsp-t-complex\/#breadcrumb"},"inLanguage":"ru-RU","potentialAction":[{"@type":"ReadAction","target":["https:\/\/melanin.md\/produs\/gsp-t-complex\/"]}]},{"@type":"ImageObject","inLanguage":"ru-RU","@id":"https:\/\/melanin.md\/produs\/gsp-t-complex\/#primaryimage","url":"https:\/\/melanin.md\/wp-content\/uploads\/2022\/01\/1541-1-scaled-scaled.jpg","contentUrl":"https:\/\/melanin.md\/wp-content\/uploads\/2022\/01\/1541-1-scaled-scaled.jpg","width":2560,"height":1707},{"@type":"BreadcrumbList","@id":"https:\/\/melanin.md\/produs\/gsp-t-complex\/#breadcrumb","itemListElement":[{"@type":"ListItem","position":1,"name":"Prima pagin\u0103","item":"https:\/\/melanin.md\/"},{"@type":"ListItem","position":2,"name":"Produse","item":"https:\/\/melanin.md\/shop\/"},{"@type":"ListItem","position":3,"name":"GSP-T Complex"}]},{"@type":"WebSite","@id":"https:\/\/melanin.md\/#website","url":"https:\/\/melanin.md\/","name":"Melanin Cosmetics","description":"\u00cen fabric\u0103 producem cosmetice, \u00een magazine vindem speran\u021b\u0103.","publisher":{"@id":"https:\/\/melanin.md\/#organization"},"potentialAction":[{"@type":"SearchAction","target":{"@type":"EntryPoint","urlTemplate":"https:\/\/melanin.md\/?s={search_term_string}"},"query-input":{"@type":"PropertyValueSpecification","valueRequired":true,"valueName":"search_term_string"}}],"inLanguage":"ru-RU"},{"@type":"Organization","@id":"https:\/\/melanin.md\/#organization","name":"Melanin Cosmetics","url":"https:\/\/melanin.md\/","logo":{"@type":"ImageObject","inLanguage":"ru-RU","@id":"https:\/\/melanin.md\/#\/schema\/logo\/image\/","url":"https:\/\/melanin.md\/wp-content\/uploads\/2023\/06\/cropped-SM-2-1.png","contentUrl":"https:\/\/melanin.md\/wp-content\/uploads\/2023\/06\/cropped-SM-2-1.png","width":512,"height":512,"caption":"Melanin Cosmetics"},"image":{"@id":"https:\/\/melanin.md\/#\/schema\/logo\/image\/"}}]}},"_links":{"self":[{"href":"http:\/\/melanin.md\/ru\/wp-json\/wp\/v2\/product\/3259","targetHints":{"allow":["GET"]}}],"collection":[{"href":"http:\/\/melanin.md\/ru\/wp-json\/wp\/v2\/product"}],"about":[{"href":"http:\/\/melanin.md\/ru\/wp-json\/wp\/v2\/types\/product"}],"version-history":[{"count":1,"href":"http:\/\/melanin.md\/ru\/wp-json\/wp\/v2\/product\/3259\/revisions"}],"predecessor-version":[{"id":23297,"href":"http:\/\/melanin.md\/ru\/wp-json\/wp\/v2\/product\/3259\/revisions\/23297"}],"wp:featuredmedia":[{"embeddable":true,"href":"http:\/\/melanin.md\/ru\/wp-json\/wp\/v2\/media\/5137"}],"wp:attachment":[{"href":"http:\/\/melanin.md\/ru\/wp-json\/wp\/v2\/media?parent=3259"}],"wp:term":[{"taxonomy":"product_brand","embeddable":true,"href":"http:\/\/melanin.md\/ru\/wp-json\/wp\/v2\/product_brand?post=3259"},{"taxonomy":"product_cat","embeddable":true,"href":"http:\/\/melanin.md\/ru\/wp-json\/wp\/v2\/product_cat?post=3259"},{"taxonomy":"product_tag","embeddable":true,"href":"http:\/\/melanin.md\/ru\/wp-json\/wp\/v2\/product_tag?post=3259"}],"curies":[{"name":"wp","href":"https:\/\/api.w.org\/{rel}","templated":true}]}}