{"id":3324,"date":"2022-01-12T15:49:12","date_gmt":"2022-01-12T13:49:12","guid":{"rendered":"https:\/\/spamaster.md\/?post_type=product&#038;p=3324"},"modified":"2026-02-16T09:10:09","modified_gmt":"2026-02-16T07:10:09","slug":"aftershave-balm","status":"publish","type":"product","link":"http:\/\/melanin.md\/ru\/product\/aftershave-balm\/","title":{"rendered":"Aftershave Balm"},"content":{"rendered":"<p><strong>Balsam dup\u0103 b\u0103rbierit arbore de ceai \u0219i mentol 120ml<\/strong><\/p>\n<p><span style=\"font-weight: 400;\">Arborele de ceai hidrateaz\u0103 \u0219i amelioreaz\u0103 irita\u021bia, mentolul are un efect de r\u0103cire. De asemenea, con\u021bine <\/span><b>PhytoDefense CLR \u2122<\/b><span style=\"font-weight: 400;\">, alantoin\u0103, bisabolol \u0219i pantenol \u2013 aceste componente garanteaz\u0103 protec\u021bia pielii pe tot parcursul zilei, hidratare maxim\u0103 \u0219i \u00eengrijire delicat\u0103.<\/span><\/p>\n<p><b>\u0421\u043f\u043e\u0441\u043e\u0431 \u0438\u0441\u043f\u043e\u043b\u044c\u0437\u043e\u0432\u0430\u043d\u0438\u044f:\u00a0<\/b><\/p>\n<p><span style=\"font-weight: 400;\">Dup\u0103 b\u0103rbierit, aplica\u021bi pe pielea curat\u0103 o cantitate mic\u0103 de balsam \u0219i masa\u021bi cu mi\u0219c\u0103ri circulare u\u0219oare. Poate fi folosit \u0219i \u00een loc de crem\u0103 hidratant\u0103.<\/span><\/p>\n<p>&nbsp;<\/p>\n<p><b>Ingredients : <\/b><span style=\"font-weight: 400;\">AQUA, ALCOHOL DENAT. PEG-40 HYDROGENATED CASTOR OIL, PARFUM, CITRAL FARNESOL, LINALOOL. LIMONENE. CITRONELLOL, GERANIOL, HYDROXYCITRONELLAL, BENZYL SALICYLATE, GLYCERIN, MENTHOL, CARTHAMUS TINCTORIUS SEED OIL, PRUNUS AMYGDALUS DULCIS OIL, TOCOPHERYL ACETATE, ASCORBYL PALMITATE, LINOLEIC ACID, PEG &#8211; 8, HAMAMELIS VIRGINIANA LEAF EXTRACT, ARCTIUM LAPPA LEAF EXTRACT, ROSMARINUS OFFICINALIS EXTRACT, COTINUS COGGYGRIA LEAF EXTRACT, DIAZOLIDINYL UREA, CAPSICUM ANNUUM FRUIT EXTRACT, CITRIC ACID. SODIUM BENZOATE, POTASSIUM SORBATE CARAMEL, PHENOXYETHANOL, ETHYLHEXYLGLYCERIN<\/span><\/p>","protected":false},"excerpt":{"rendered":"<p>\u0411\u0430\u043b\u044c\u0437\u0430\u043c \u043f\u043e\u0441\u043b\u0435 \u0431\u0440\u0438\u0442\u044c\u044f \u0434\u043b\u044f \u043c\u0430\u043a\u0441\u0438\u043c\u0430\u043b\u044c\u043d\u043e\u0433\u043e \u0443\u0432\u043b\u0430\u0436\u043d\u0435\u043d\u0438\u044f \u0438 \u0434\u0435\u043b\u0438\u043a\u0430\u0442\u043d\u043e\u0433\u043e \u0443\u0445\u043e\u0434\u0430;<\/p>","protected":false},"featured_media":5153,"template":"","meta":[],"product_brand":[],"product_cat":[1558,1571,85,79],"product_tag":[],"class_list":{"0":"post-3324","1":"product","2":"type-product","3":"status-publish","4":"has-post-thumbnail","6":"product_cat-spa-master","7":"product_cat-mens-master-pentru-barbati","8":"product_cat-mens-master","9":"product_cat-toate","11":"first","12":"instock","13":"shipping-taxable","14":"purchasable","15":"product-type-simple"},"yoast_head":"<!-- This site is optimized with the Yoast SEO plugin v27.0 - https:\/\/yoast.com\/product\/yoast-seo-wordpress\/ -->\n<title>Aftershave Balm - Melanin Cosmetics<\/title>\n<meta name=\"robots\" content=\"index, follow, max-snippet:-1, max-image-preview:large, max-video-preview:-1\" \/>\n<link rel=\"canonical\" href=\"http:\/\/melanin.md\/ru\/product\/aftershave-balm\/\" \/>\n<meta property=\"og:locale\" content=\"ru_RU\" \/>\n<meta property=\"og:type\" content=\"article\" \/>\n<meta property=\"og:title\" content=\"Aftershave Balm - Melanin Cosmetics\" \/>\n<meta property=\"og:description\" content=\"Balsam dup\u0103 b\u0103rbierit pentru hidratare maxim\u0103 \u0219i \u00eengrijire delicat\u0103.\" \/>\n<meta property=\"og:url\" content=\"http:\/\/melanin.md\/ru\/product\/aftershave-balm\/\" \/>\n<meta property=\"og:site_name\" content=\"Melanin Cosmetics\" \/>\n<meta property=\"article:modified_time\" content=\"2026-02-16T07:10:09+00:00\" \/>\n<meta property=\"og:image\" content=\"https:\/\/melanin.md\/wp-content\/uploads\/2022\/01\/1576-1-scaled-scaled.jpg\" \/>\n\t<meta property=\"og:image:width\" content=\"2560\" \/>\n\t<meta property=\"og:image:height\" content=\"1707\" \/>\n\t<meta property=\"og:image:type\" content=\"image\/jpeg\" \/>\n<meta name=\"twitter:card\" content=\"summary_large_image\" \/>\n<meta name=\"twitter:label1\" content=\"\u041f\u0440\u0438\u043c\u0435\u0440\u043d\u043e\u0435 \u0432\u0440\u0435\u043c\u044f \u0434\u043b\u044f \u0447\u0442\u0435\u043d\u0438\u044f\" \/>\n\t<meta name=\"twitter:data1\" content=\"1 \u043c\u0438\u043d\u0443\u0442\u0430\" \/>\n<script type=\"application\/ld+json\" class=\"yoast-schema-graph\">{\"@context\":\"https:\/\/schema.org\",\"@graph\":[{\"@type\":\"WebPage\",\"@id\":\"https:\/\/melanin.md\/produs\/aftershave-balm\/\",\"url\":\"https:\/\/melanin.md\/produs\/aftershave-balm\/\",\"name\":\"Aftershave Balm - Melanin Cosmetics\",\"isPartOf\":{\"@id\":\"https:\/\/melanin.md\/#website\"},\"primaryImageOfPage\":{\"@id\":\"https:\/\/melanin.md\/produs\/aftershave-balm\/#primaryimage\"},\"image\":{\"@id\":\"https:\/\/melanin.md\/produs\/aftershave-balm\/#primaryimage\"},\"thumbnailUrl\":\"https:\/\/melanin.md\/wp-content\/uploads\/2022\/01\/1576-1-scaled-scaled.jpg\",\"datePublished\":\"2022-01-12T13:49:12+00:00\",\"dateModified\":\"2026-02-16T07:10:09+00:00\",\"breadcrumb\":{\"@id\":\"https:\/\/melanin.md\/produs\/aftershave-balm\/#breadcrumb\"},\"inLanguage\":\"ru-RU\",\"potentialAction\":[{\"@type\":\"ReadAction\",\"target\":[\"https:\/\/melanin.md\/produs\/aftershave-balm\/\"]}]},{\"@type\":\"ImageObject\",\"inLanguage\":\"ru-RU\",\"@id\":\"https:\/\/melanin.md\/produs\/aftershave-balm\/#primaryimage\",\"url\":\"https:\/\/melanin.md\/wp-content\/uploads\/2022\/01\/1576-1-scaled-scaled.jpg\",\"contentUrl\":\"https:\/\/melanin.md\/wp-content\/uploads\/2022\/01\/1576-1-scaled-scaled.jpg\",\"width\":2560,\"height\":1707},{\"@type\":\"BreadcrumbList\",\"@id\":\"https:\/\/melanin.md\/produs\/aftershave-balm\/#breadcrumb\",\"itemListElement\":[{\"@type\":\"ListItem\",\"position\":1,\"name\":\"Prima pagin\u0103\",\"item\":\"https:\/\/melanin.md\/\"},{\"@type\":\"ListItem\",\"position\":2,\"name\":\"Produse\",\"item\":\"https:\/\/melanin.md\/shop\/\"},{\"@type\":\"ListItem\",\"position\":3,\"name\":\"Aftershave Balm\"}]},{\"@type\":\"WebSite\",\"@id\":\"https:\/\/melanin.md\/#website\",\"url\":\"https:\/\/melanin.md\/\",\"name\":\"Melanin Cosmetics\",\"description\":\"\u00cen fabric\u0103 producem cosmetice, \u00een magazine vindem speran\u021b\u0103.\",\"publisher\":{\"@id\":\"https:\/\/melanin.md\/#organization\"},\"potentialAction\":[{\"@type\":\"SearchAction\",\"target\":{\"@type\":\"EntryPoint\",\"urlTemplate\":\"https:\/\/melanin.md\/?s={search_term_string}\"},\"query-input\":{\"@type\":\"PropertyValueSpecification\",\"valueRequired\":true,\"valueName\":\"search_term_string\"}}],\"inLanguage\":\"ru-RU\"},{\"@type\":\"Organization\",\"@id\":\"https:\/\/melanin.md\/#organization\",\"name\":\"Melanin Cosmetics\",\"url\":\"https:\/\/melanin.md\/\",\"logo\":{\"@type\":\"ImageObject\",\"inLanguage\":\"ru-RU\",\"@id\":\"https:\/\/melanin.md\/#\/schema\/logo\/image\/\",\"url\":\"https:\/\/melanin.md\/wp-content\/uploads\/2023\/06\/cropped-SM-2-1.png\",\"contentUrl\":\"https:\/\/melanin.md\/wp-content\/uploads\/2023\/06\/cropped-SM-2-1.png\",\"width\":512,\"height\":512,\"caption\":\"Melanin Cosmetics\"},\"image\":{\"@id\":\"https:\/\/melanin.md\/#\/schema\/logo\/image\/\"}}]}<\/script>\n<!-- \/ Yoast SEO plugin. -->","yoast_head_json":{"title":"Aftershave Balm - Melanin Cosmetics","robots":{"index":"index","follow":"follow","max-snippet":"max-snippet:-1","max-image-preview":"max-image-preview:large","max-video-preview":"max-video-preview:-1"},"canonical":"http:\/\/melanin.md\/ru\/product\/aftershave-balm\/","og_locale":"ru_RU","og_type":"article","og_title":"Aftershave Balm - Melanin Cosmetics","og_description":"Balsam dup\u0103 b\u0103rbierit pentru hidratare maxim\u0103 \u0219i \u00eengrijire delicat\u0103.","og_url":"http:\/\/melanin.md\/ru\/product\/aftershave-balm\/","og_site_name":"Melanin Cosmetics","article_modified_time":"2026-02-16T07:10:09+00:00","og_image":[{"width":2560,"height":1707,"url":"https:\/\/melanin.md\/wp-content\/uploads\/2022\/01\/1576-1-scaled-scaled.jpg","type":"image\/jpeg"}],"twitter_card":"summary_large_image","twitter_misc":{"\u041f\u0440\u0438\u043c\u0435\u0440\u043d\u043e\u0435 \u0432\u0440\u0435\u043c\u044f \u0434\u043b\u044f \u0447\u0442\u0435\u043d\u0438\u044f":"1 \u043c\u0438\u043d\u0443\u0442\u0430"},"schema":{"@context":"https:\/\/schema.org","@graph":[{"@type":"WebPage","@id":"https:\/\/melanin.md\/produs\/aftershave-balm\/","url":"https:\/\/melanin.md\/produs\/aftershave-balm\/","name":"Aftershave Balm - Melanin Cosmetics","isPartOf":{"@id":"https:\/\/melanin.md\/#website"},"primaryImageOfPage":{"@id":"https:\/\/melanin.md\/produs\/aftershave-balm\/#primaryimage"},"image":{"@id":"https:\/\/melanin.md\/produs\/aftershave-balm\/#primaryimage"},"thumbnailUrl":"https:\/\/melanin.md\/wp-content\/uploads\/2022\/01\/1576-1-scaled-scaled.jpg","datePublished":"2022-01-12T13:49:12+00:00","dateModified":"2026-02-16T07:10:09+00:00","breadcrumb":{"@id":"https:\/\/melanin.md\/produs\/aftershave-balm\/#breadcrumb"},"inLanguage":"ru-RU","potentialAction":[{"@type":"ReadAction","target":["https:\/\/melanin.md\/produs\/aftershave-balm\/"]}]},{"@type":"ImageObject","inLanguage":"ru-RU","@id":"https:\/\/melanin.md\/produs\/aftershave-balm\/#primaryimage","url":"https:\/\/melanin.md\/wp-content\/uploads\/2022\/01\/1576-1-scaled-scaled.jpg","contentUrl":"https:\/\/melanin.md\/wp-content\/uploads\/2022\/01\/1576-1-scaled-scaled.jpg","width":2560,"height":1707},{"@type":"BreadcrumbList","@id":"https:\/\/melanin.md\/produs\/aftershave-balm\/#breadcrumb","itemListElement":[{"@type":"ListItem","position":1,"name":"Prima pagin\u0103","item":"https:\/\/melanin.md\/"},{"@type":"ListItem","position":2,"name":"Produse","item":"https:\/\/melanin.md\/shop\/"},{"@type":"ListItem","position":3,"name":"Aftershave Balm"}]},{"@type":"WebSite","@id":"https:\/\/melanin.md\/#website","url":"https:\/\/melanin.md\/","name":"Melanin Cosmetics","description":"\u00cen fabric\u0103 producem cosmetice, \u00een magazine vindem speran\u021b\u0103.","publisher":{"@id":"https:\/\/melanin.md\/#organization"},"potentialAction":[{"@type":"SearchAction","target":{"@type":"EntryPoint","urlTemplate":"https:\/\/melanin.md\/?s={search_term_string}"},"query-input":{"@type":"PropertyValueSpecification","valueRequired":true,"valueName":"search_term_string"}}],"inLanguage":"ru-RU"},{"@type":"Organization","@id":"https:\/\/melanin.md\/#organization","name":"Melanin Cosmetics","url":"https:\/\/melanin.md\/","logo":{"@type":"ImageObject","inLanguage":"ru-RU","@id":"https:\/\/melanin.md\/#\/schema\/logo\/image\/","url":"https:\/\/melanin.md\/wp-content\/uploads\/2023\/06\/cropped-SM-2-1.png","contentUrl":"https:\/\/melanin.md\/wp-content\/uploads\/2023\/06\/cropped-SM-2-1.png","width":512,"height":512,"caption":"Melanin Cosmetics"},"image":{"@id":"https:\/\/melanin.md\/#\/schema\/logo\/image\/"}}]}},"_links":{"self":[{"href":"http:\/\/melanin.md\/ru\/wp-json\/wp\/v2\/product\/3324","targetHints":{"allow":["GET"]}}],"collection":[{"href":"http:\/\/melanin.md\/ru\/wp-json\/wp\/v2\/product"}],"about":[{"href":"http:\/\/melanin.md\/ru\/wp-json\/wp\/v2\/types\/product"}],"version-history":[{"count":1,"href":"http:\/\/melanin.md\/ru\/wp-json\/wp\/v2\/product\/3324\/revisions"}],"predecessor-version":[{"id":23291,"href":"http:\/\/melanin.md\/ru\/wp-json\/wp\/v2\/product\/3324\/revisions\/23291"}],"wp:featuredmedia":[{"embeddable":true,"href":"http:\/\/melanin.md\/ru\/wp-json\/wp\/v2\/media\/5153"}],"wp:attachment":[{"href":"http:\/\/melanin.md\/ru\/wp-json\/wp\/v2\/media?parent=3324"}],"wp:term":[{"taxonomy":"product_brand","embeddable":true,"href":"http:\/\/melanin.md\/ru\/wp-json\/wp\/v2\/product_brand?post=3324"},{"taxonomy":"product_cat","embeddable":true,"href":"http:\/\/melanin.md\/ru\/wp-json\/wp\/v2\/product_cat?post=3324"},{"taxonomy":"product_tag","embeddable":true,"href":"http:\/\/melanin.md\/ru\/wp-json\/wp\/v2\/product_tag?post=3324"}],"curies":[{"name":"wp","href":"https:\/\/api.w.org\/{rel}","templated":true}]}}