{"id":3430,"date":"2022-01-13T13:05:29","date_gmt":"2022-01-13T11:05:29","guid":{"rendered":"https:\/\/spamaster.md\/?post_type=product&#038;p=3430"},"modified":"2026-02-16T09:17:46","modified_gmt":"2026-02-16T07:17:46","slug":"laminating-grape-chia-shampoo-2","status":"publish","type":"product","link":"http:\/\/melanin.md\/ru\/product\/laminating-grape-chia-shampoo-2\/","title":{"rendered":"Laminating Grape &#038; Chia Shampoo"},"content":{"rendered":"<p><b>\u041b\u0430\u043c\u0438\u043d\u0438\u0440\u0443\u044e\u0449\u0438\u0439 \u0448\u0430\u043c\u043f\u0443\u043d\u044c \u0434\u043b\u044f \u0437\u0430\u0449\u0438\u0442\u044b \u0432\u043e\u043b\u043e\u0441 \u0441 \u0432\u0438\u043d\u043e\u0433\u0440\u0430\u0434\u043e\u043c \u0438 \u0447\u0438\u0430 970\u043c\u043b<\/b><\/p>\n<p><b>pH 4,5<\/b><\/p>\n<p class=\" translation-block\"><span style=\"font-weight: 400\">\u041c\u044f\u0433\u043a\u0438\u0439, \u0431\u0435\u0437\u0441\u0443\u043b\u044c\u0444\u0430\u0442\u043d\u044b\u0439, \u043a\u0440\u0435\u043c\u043e\u043e\u0431\u0440\u0430\u0437\u043d\u044b\u0439 \u0448\u0430\u043c\u043f\u0443\u043d\u044c \u0434\u043b\u044f \u0431\u0435\u0440\u0435\u0436\u043d\u043e\u0433\u043e \u043e\u0447\u0438\u0449\u0435\u043d\u0438\u044f \u0438 \u0437\u0430\u0449\u0438\u0442\u044b \u0446\u0432\u0435\u0442\u0430 \u043e\u043a\u0440\u0430\u0448\u0435\u043d\u043d\u044b\u0445 \u0438 \u043d\u0430\u0442\u0443\u0440\u0430\u043b\u044c\u043d\u044b\u0445 \u0432\u043e\u043b\u043e\u0441 \u043e\u0442 \u043e\u0436\u043e\u0433\u043e\u0432, \u0442\u0435\u0440\u043c\u0438\u0447\u0435\u0441\u043a\u043e\u0433\u043e \u0432\u043e\u0437\u0434\u0435\u0439\u0441\u0442\u0432\u0438\u044f, \u0445\u0438\u043c\u0438\u0447\u0435\u0441\u043a\u0438\u0445 \u0438 \u0444\u0438\u0437\u0438\u0447\u0435\u0441\u043a\u0438\u0445 \u043f\u043e\u0432\u0440\u0435\u0436\u0434\u0435\u043d\u0438\u0439, \u0431\u043b\u0430\u0433\u043e\u0434\u0430\u0440\u044f <\/span><b>GSP-T Complex\u00ae<\/b><span style=\"font-weight: 400\"> \u0438 <\/span><b>CHIAPROTECT\u00ae<\/b><span style=\"font-weight: 400\">. \u0417\u0430\u043f\u0430\u0442\u0435\u043d\u0442\u043e\u0432\u0430\u043d\u043d\u0430\u044f \u0441\u0438\u0441\u0442\u0435\u043c\u0430 <\/span><b>SilPLEX\u00ae<\/b><span style=\"font-weight: 400\"> \u0438\u0441\u043a\u043b\u044e\u0447\u0430\u0435\u0442 \u043f\u043e\u0432\u0440\u0435\u0436\u0434\u0435\u043d\u0438\u0435, \u043b\u043e\u043c\u043a\u043e\u0441\u0442\u044c \u0438 \u043f\u043e\u0440\u0438\u0441\u0442\u043e\u0441\u0442\u044c \u0432\u043e\u043b\u043e\u0441. \u041e\u043a\u0430\u0437\u044b\u0432\u0430\u0435\u0442 \u0430\u043d\u0442\u0438\u043e\u043a\u0441\u0438\u0434\u0430\u043d\u0442\u043d\u043e\u0435 \u0434\u0435\u0439\u0441\u0442\u0432\u0438\u0435 \u0438 \u0441\u043e\u0437\u0434\u0430\u0435\u0442 \u0437\u0430\u0449\u0438\u0442\u043d\u0443\u044e \u043f\u043b\u0435\u043d\u043a\u0443 \u043d\u0430 \u043f\u043e\u0432\u0435\u0440\u0445\u043d\u043e\u0441\u0442\u0438 \u0432\u043e\u043b\u043e\u0441. \u041a\u0430\u0441\u0442\u043e\u0440\u043e\u0432\u043e\u0435 \u043c\u0430\u0441\u043b\u043e, \u043a\u043e\u043a\u043e\u0441\u043e\u0432\u043e\u0435 \u043c\u0430\u0441\u043b\u043e, \u043c\u0430\u0441\u043b\u043e \u0437\u0430\u0440\u043e\u0434\u044b\u0448\u0435\u0439 \u043f\u0448\u0435\u043d\u0438\u0446\u044b \u0438 \u043c\u043e\u043b\u043e\u0447\u043d\u044b\u0435 \u043f\u0440\u043e\u0442\u0435\u0438\u043d\u044b \u043f\u043e\u0437\u0432\u043e\u043b\u044f\u0442 \u0432\u043e\u0441\u043f\u043e\u043b\u043d\u0438\u0442\u044c \u0438 \u0432\u043e\u0441\u0441\u0442\u0430\u043d\u043e\u0432\u0438\u0442\u044c \u044d\u043b\u0430\u0441\u0442\u0438\u0447\u043d\u043e\u0441\u0442\u044c, \u043f\u043b\u043e\u0442\u043d\u043e\u0441\u0442\u044c \u0438 \u043f\u0440\u0438\u0434\u0430\u0442\u044c \u0432\u043e\u043b\u043e\u0441\u0430\u043c \u0440\u043e\u0441\u043a\u043e\u0448\u043d\u044b\u0439 \u0431\u043b\u0435\u0441\u043a. <\/span><span style=\"font-weight: 400\">\u041f\u043e\u0434\u0445\u043e\u0434\u0438\u0442 \u0434\u043b\u044f \u0435\u0436\u0435\u0434\u043d\u0435\u0432\u043d\u043e\u0433\u043e \u0438\u0441\u043f\u043e\u043b\u044c\u0437\u043e\u0432\u0430\u043d\u0438\u044f \u0438 \u043d\u0430\u043d\u0435\u0441\u0435\u043d\u0438\u044f \u043d\u0430 \u043a\u043e\u0436\u0443 \u0433\u043e\u043b\u043e\u0432\u044b.<\/span><\/p>\n<p><b>\u0421\u043f\u043e\u0441\u043e\u0431 \u043f\u0440\u0438\u043c\u0435\u043d\u0435\u043d\u0438\u044f: <\/b><\/p>\n<p><b>1. <\/b><b>\u0415\u0436\u0435\u0434\u043d\u0435\u0432\u043d\u043e\u0435 \u043c\u044b\u0442\u044c\u0435.<\/b><span style=\"font-weight: 400;\"> \u0412\u0441\u043f\u0435\u043d\u044c\u0442\u0435 \u0448\u0430\u043c\u043f\u0443\u043d\u044c \u0432 \u0440\u0443\u043a\u0430\u0445 \u0438 \u043d\u0430\u043d\u0435\u0441\u0438\u0442\u0435 \u043d\u0430 \u0432\u043b\u0430\u0436\u043d\u044b\u0435 \u0432\u043e\u043b\u043e\u0441\u044b \u0432 \u043e\u0431\u043b\u0430\u0441\u0442\u0438 \u043a\u043e\u0440\u043d\u0435\u0439, \u043c\u0430\u0441\u0441\u0438\u0440\u0443\u044f \u043a\u043e\u0436\u0443 \u0433\u043e\u043b\u043e\u0432\u044b \u043a\u0440\u0443\u0433\u043e\u0432\u044b\u043c\u0438 \u0434\u0432\u0438\u0436\u0435\u043d\u0438\u044f\u043c\u0438. \u0420\u0430\u0441\u043f\u0440\u0435\u0434\u0435\u043b\u0438\u0442\u044c \u043f\u043e \u0432\u0441\u0435\u0439 \u0434\u043b\u0438\u043d\u0435 \u0432\u043e\u043b\u043e\u0441 \u0440\u0430\u0441\u0447\u0435\u0441\u044b\u0432\u0430\u044e\u0449\u0438\u043c\u0438 \u0434\u0432\u0438\u0436\u0435\u043d\u0438\u044f\u043c\u0438 \u0438 \u0434\u0435\u0440\u0436\u0430\u0442\u044c 2 \u043c\u0438\u043d\u0443\u0442\u044b. \u041f\u0440\u043e\u043c\u044b\u0442\u044c \u0442\u0435\u043f\u043b\u043e\u0439 \u0432\u043e\u0434\u043e\u0439.<\/span><\/p>\n<p><span style=\"font-weight: 400;\"><strong>2.<\/strong> <\/span><b>\u041b\u0435\u0447\u0435\u0431\u043d\u0430\u044f \u043f\u0440\u043e\u043c\u044b\u0432\u043a\u0430. <\/b>\u041f\u043e\u0432\u0442\u043e\u0440\u0438\u0442\u0435 \u043f\u0440\u043e\u0446\u0435\u0434\u0443\u0440\u0443 \u0438 \u0434\u0435\u0440\u0436\u0438\u0442\u0435 \u043f\u0435\u043d\u0443 \u043d\u0430 \u0432\u043e\u043b\u043e\u0441\u0430\u0445 2 \u043c\u0438\u043d\u0443\u0442\u044b. \u041f\u0440\u043e\u043c\u044b\u0442\u044c \u0442\u0435\u043f\u043b\u043e\u0439 \u0432\u043e\u0434\u043e\u0439.\u00a0 <b>\u041d\u0430\u043d\u0435\u0441\u0438\u0442\u0435 \u043a\u043e\u043d\u0434\u0438\u0446\u0438\u043e\u043d\u0435\u0440 \u0438\u043b\u0438 \u043c\u0430\u0441\u043a\u0443 \u0434\u043b\u044f \u0432\u043e\u043b\u043e\u0441 \u0438\u0437 \u0441\u0435\u0440\u0438\u0438 GRAPE&amp;CHIA PROTECT.<\/b><\/p>\n<p>Ingredients :<span style=\"font-weight: 400;\"> AQUA, LAURYL GLUCOSIDE, SODIUM LAUROYL METHYL ISETHIONATE, COCAMIDOPROPYL BETAINE, SODIUM LAUROYL. SARCOSINATE. POLYQUATERNIUM- 10, GLYCERIN, RICINUS COMMUNIS SEED OIL, SALVIA HISPANICA SEED OIL, COCOS NUCIFERA SEED BUTTER, TRIICUM VULGARE GERM OIL, PENTYLENE GLYCOL. PEG 40 HYDROGENATED CASTOR OIL, TRIDEGETH-9, NONFAT DRY MILK (SINE ADIPE (LAC), DECYLENE GLYCOL, 1 2-HEXANEDIOL, SILICONE QUATERNIUM-20, VITIS VINIFERA (GRAPE) SEED EXTRACT, TOCOPHEROL, ALCOHOL, METHYLCHLOROISOTHIAZOLINONE, METHYLISOTHIAZOLINONE, CITRIC ACID, PARFUM., C1 14720, C1 42090<\/span><span style=\"font-weight: 400;\"><br \/>\n<\/span><\/p>","protected":false},"excerpt":{"rendered":"<p>\u041b\u0430\u043c\u0438\u043d\u0438\u0440\u0443\u044e\u0449\u0438\u0439 \u0448\u0430\u043c\u043f\u0443\u043d\u044c \u0434\u043b\u044f \u0437\u0430\u0449\u0438\u0442\u044b \u0432\u043e\u043b\u043e\u0441 \u0441 \u0432\u0438\u043d\u043e\u0433\u0440\u0430\u0434\u043e\u043c \u0438 \u0447\u0438\u0430<\/p>","protected":false},"featured_media":22801,"template":"","meta":[],"product_brand":[],"product_cat":[80,1558,1563,79],"product_tag":[703],"class_list":{"0":"post-3430","1":"product","2":"type-product","3":"status-publish","4":"has-post-thumbnail","6":"product_cat-sampon","7":"product_cat-spa-master","8":"product_cat-protect-line-pentru-protectia-culorii-parului","9":"product_cat-toate","10":"product_tag-protect-line-pentru-protectia-culorii-parului","12":"first","13":"instock","14":"shipping-taxable","15":"purchasable","16":"product-type-simple"},"yoast_head":"<!-- This site is optimized with the Yoast SEO plugin v27.0 - https:\/\/yoast.com\/product\/yoast-seo-wordpress\/ -->\n<title>Laminating Grape &amp; Chia Shampoo - Melanin Cosmetics<\/title>\n<meta name=\"robots\" content=\"index, follow, max-snippet:-1, max-image-preview:large, max-video-preview:-1\" \/>\n<link rel=\"canonical\" href=\"http:\/\/melanin.md\/ru\/product\/laminating-grape-chia-shampoo-2\/\" \/>\n<meta property=\"og:locale\" content=\"ru_RU\" \/>\n<meta property=\"og:type\" content=\"article\" \/>\n<meta property=\"og:title\" content=\"Laminating Grape &amp; Chia Shampoo - Melanin Cosmetics\" \/>\n<meta property=\"og:description\" content=\"\u0218ampon laminant pentru protejarea p\u0103rului cu struguri \u0219i chia\" \/>\n<meta property=\"og:url\" content=\"http:\/\/melanin.md\/ru\/product\/laminating-grape-chia-shampoo-2\/\" \/>\n<meta property=\"og:site_name\" content=\"Melanin Cosmetics\" \/>\n<meta property=\"article:modified_time\" content=\"2026-02-16T07:17:46+00:00\" \/>\n<meta property=\"og:image\" content=\"https:\/\/melanin.md\/wp-content\/uploads\/2024\/07\/73.webp\" \/>\n\t<meta property=\"og:image:width\" content=\"800\" \/>\n\t<meta property=\"og:image:height\" content=\"800\" \/>\n\t<meta property=\"og:image:type\" content=\"image\/webp\" \/>\n<meta name=\"twitter:card\" content=\"summary_large_image\" \/>\n<meta name=\"twitter:label1\" content=\"\u041f\u0440\u0438\u043c\u0435\u0440\u043d\u043e\u0435 \u0432\u0440\u0435\u043c\u044f \u0434\u043b\u044f \u0447\u0442\u0435\u043d\u0438\u044f\" \/>\n\t<meta name=\"twitter:data1\" content=\"1 \u043c\u0438\u043d\u0443\u0442\u0430\" \/>\n<script type=\"application\/ld+json\" class=\"yoast-schema-graph\">{\"@context\":\"https:\/\/schema.org\",\"@graph\":[{\"@type\":\"WebPage\",\"@id\":\"https:\/\/melanin.md\/produs\/laminating-grape-chia-shampoo-2\/\",\"url\":\"https:\/\/melanin.md\/produs\/laminating-grape-chia-shampoo-2\/\",\"name\":\"Laminating Grape & Chia Shampoo - Melanin Cosmetics\",\"isPartOf\":{\"@id\":\"https:\/\/melanin.md\/#website\"},\"primaryImageOfPage\":{\"@id\":\"https:\/\/melanin.md\/produs\/laminating-grape-chia-shampoo-2\/#primaryimage\"},\"image\":{\"@id\":\"https:\/\/melanin.md\/produs\/laminating-grape-chia-shampoo-2\/#primaryimage\"},\"thumbnailUrl\":\"https:\/\/melanin.md\/wp-content\/uploads\/2024\/07\/73.webp\",\"datePublished\":\"2022-01-13T11:05:29+00:00\",\"dateModified\":\"2026-02-16T07:17:46+00:00\",\"breadcrumb\":{\"@id\":\"https:\/\/melanin.md\/produs\/laminating-grape-chia-shampoo-2\/#breadcrumb\"},\"inLanguage\":\"ru-RU\",\"potentialAction\":[{\"@type\":\"ReadAction\",\"target\":[\"https:\/\/melanin.md\/produs\/laminating-grape-chia-shampoo-2\/\"]}]},{\"@type\":\"ImageObject\",\"inLanguage\":\"ru-RU\",\"@id\":\"https:\/\/melanin.md\/produs\/laminating-grape-chia-shampoo-2\/#primaryimage\",\"url\":\"https:\/\/melanin.md\/wp-content\/uploads\/2024\/07\/73.webp\",\"contentUrl\":\"https:\/\/melanin.md\/wp-content\/uploads\/2024\/07\/73.webp\",\"width\":800,\"height\":800},{\"@type\":\"BreadcrumbList\",\"@id\":\"https:\/\/melanin.md\/produs\/laminating-grape-chia-shampoo-2\/#breadcrumb\",\"itemListElement\":[{\"@type\":\"ListItem\",\"position\":1,\"name\":\"Prima pagin\u0103\",\"item\":\"https:\/\/melanin.md\/\"},{\"@type\":\"ListItem\",\"position\":2,\"name\":\"Produse\",\"item\":\"https:\/\/melanin.md\/shop\/\"},{\"@type\":\"ListItem\",\"position\":3,\"name\":\"Laminating Grape &#038; Chia Shampoo\"}]},{\"@type\":\"WebSite\",\"@id\":\"https:\/\/melanin.md\/#website\",\"url\":\"https:\/\/melanin.md\/\",\"name\":\"Melanin Cosmetics\",\"description\":\"\u00cen fabric\u0103 producem cosmetice, \u00een magazine vindem speran\u021b\u0103.\",\"publisher\":{\"@id\":\"https:\/\/melanin.md\/#organization\"},\"potentialAction\":[{\"@type\":\"SearchAction\",\"target\":{\"@type\":\"EntryPoint\",\"urlTemplate\":\"https:\/\/melanin.md\/?s={search_term_string}\"},\"query-input\":{\"@type\":\"PropertyValueSpecification\",\"valueRequired\":true,\"valueName\":\"search_term_string\"}}],\"inLanguage\":\"ru-RU\"},{\"@type\":\"Organization\",\"@id\":\"https:\/\/melanin.md\/#organization\",\"name\":\"Melanin Cosmetics\",\"url\":\"https:\/\/melanin.md\/\",\"logo\":{\"@type\":\"ImageObject\",\"inLanguage\":\"ru-RU\",\"@id\":\"https:\/\/melanin.md\/#\/schema\/logo\/image\/\",\"url\":\"https:\/\/melanin.md\/wp-content\/uploads\/2023\/06\/cropped-SM-2-1.png\",\"contentUrl\":\"https:\/\/melanin.md\/wp-content\/uploads\/2023\/06\/cropped-SM-2-1.png\",\"width\":512,\"height\":512,\"caption\":\"Melanin Cosmetics\"},\"image\":{\"@id\":\"https:\/\/melanin.md\/#\/schema\/logo\/image\/\"}}]}<\/script>\n<!-- \/ Yoast SEO plugin. -->","yoast_head_json":{"title":"Laminating Grape & Chia Shampoo - Melanin Cosmetics","robots":{"index":"index","follow":"follow","max-snippet":"max-snippet:-1","max-image-preview":"max-image-preview:large","max-video-preview":"max-video-preview:-1"},"canonical":"http:\/\/melanin.md\/ru\/product\/laminating-grape-chia-shampoo-2\/","og_locale":"ru_RU","og_type":"article","og_title":"Laminating Grape & Chia Shampoo - Melanin Cosmetics","og_description":"\u0218ampon laminant pentru protejarea p\u0103rului cu struguri \u0219i chia","og_url":"http:\/\/melanin.md\/ru\/product\/laminating-grape-chia-shampoo-2\/","og_site_name":"Melanin Cosmetics","article_modified_time":"2026-02-16T07:17:46+00:00","og_image":[{"width":800,"height":800,"url":"https:\/\/melanin.md\/wp-content\/uploads\/2024\/07\/73.webp","type":"image\/webp"}],"twitter_card":"summary_large_image","twitter_misc":{"\u041f\u0440\u0438\u043c\u0435\u0440\u043d\u043e\u0435 \u0432\u0440\u0435\u043c\u044f \u0434\u043b\u044f \u0447\u0442\u0435\u043d\u0438\u044f":"1 \u043c\u0438\u043d\u0443\u0442\u0430"},"schema":{"@context":"https:\/\/schema.org","@graph":[{"@type":"WebPage","@id":"https:\/\/melanin.md\/produs\/laminating-grape-chia-shampoo-2\/","url":"https:\/\/melanin.md\/produs\/laminating-grape-chia-shampoo-2\/","name":"Laminating Grape & Chia Shampoo - Melanin Cosmetics","isPartOf":{"@id":"https:\/\/melanin.md\/#website"},"primaryImageOfPage":{"@id":"https:\/\/melanin.md\/produs\/laminating-grape-chia-shampoo-2\/#primaryimage"},"image":{"@id":"https:\/\/melanin.md\/produs\/laminating-grape-chia-shampoo-2\/#primaryimage"},"thumbnailUrl":"https:\/\/melanin.md\/wp-content\/uploads\/2024\/07\/73.webp","datePublished":"2022-01-13T11:05:29+00:00","dateModified":"2026-02-16T07:17:46+00:00","breadcrumb":{"@id":"https:\/\/melanin.md\/produs\/laminating-grape-chia-shampoo-2\/#breadcrumb"},"inLanguage":"ru-RU","potentialAction":[{"@type":"ReadAction","target":["https:\/\/melanin.md\/produs\/laminating-grape-chia-shampoo-2\/"]}]},{"@type":"ImageObject","inLanguage":"ru-RU","@id":"https:\/\/melanin.md\/produs\/laminating-grape-chia-shampoo-2\/#primaryimage","url":"https:\/\/melanin.md\/wp-content\/uploads\/2024\/07\/73.webp","contentUrl":"https:\/\/melanin.md\/wp-content\/uploads\/2024\/07\/73.webp","width":800,"height":800},{"@type":"BreadcrumbList","@id":"https:\/\/melanin.md\/produs\/laminating-grape-chia-shampoo-2\/#breadcrumb","itemListElement":[{"@type":"ListItem","position":1,"name":"Prima pagin\u0103","item":"https:\/\/melanin.md\/"},{"@type":"ListItem","position":2,"name":"Produse","item":"https:\/\/melanin.md\/shop\/"},{"@type":"ListItem","position":3,"name":"Laminating Grape &#038; Chia Shampoo"}]},{"@type":"WebSite","@id":"https:\/\/melanin.md\/#website","url":"https:\/\/melanin.md\/","name":"Melanin Cosmetics","description":"\u00cen fabric\u0103 producem cosmetice, \u00een magazine vindem speran\u021b\u0103.","publisher":{"@id":"https:\/\/melanin.md\/#organization"},"potentialAction":[{"@type":"SearchAction","target":{"@type":"EntryPoint","urlTemplate":"https:\/\/melanin.md\/?s={search_term_string}"},"query-input":{"@type":"PropertyValueSpecification","valueRequired":true,"valueName":"search_term_string"}}],"inLanguage":"ru-RU"},{"@type":"Organization","@id":"https:\/\/melanin.md\/#organization","name":"Melanin Cosmetics","url":"https:\/\/melanin.md\/","logo":{"@type":"ImageObject","inLanguage":"ru-RU","@id":"https:\/\/melanin.md\/#\/schema\/logo\/image\/","url":"https:\/\/melanin.md\/wp-content\/uploads\/2023\/06\/cropped-SM-2-1.png","contentUrl":"https:\/\/melanin.md\/wp-content\/uploads\/2023\/06\/cropped-SM-2-1.png","width":512,"height":512,"caption":"Melanin Cosmetics"},"image":{"@id":"https:\/\/melanin.md\/#\/schema\/logo\/image\/"}}]}},"_links":{"self":[{"href":"http:\/\/melanin.md\/ru\/wp-json\/wp\/v2\/product\/3430","targetHints":{"allow":["GET"]}}],"collection":[{"href":"http:\/\/melanin.md\/ru\/wp-json\/wp\/v2\/product"}],"about":[{"href":"http:\/\/melanin.md\/ru\/wp-json\/wp\/v2\/types\/product"}],"version-history":[{"count":1,"href":"http:\/\/melanin.md\/ru\/wp-json\/wp\/v2\/product\/3430\/revisions"}],"predecessor-version":[{"id":22920,"href":"http:\/\/melanin.md\/ru\/wp-json\/wp\/v2\/product\/3430\/revisions\/22920"}],"wp:featuredmedia":[{"embeddable":true,"href":"http:\/\/melanin.md\/ru\/wp-json\/wp\/v2\/media\/22801"}],"wp:attachment":[{"href":"http:\/\/melanin.md\/ru\/wp-json\/wp\/v2\/media?parent=3430"}],"wp:term":[{"taxonomy":"product_brand","embeddable":true,"href":"http:\/\/melanin.md\/ru\/wp-json\/wp\/v2\/product_brand?post=3430"},{"taxonomy":"product_cat","embeddable":true,"href":"http:\/\/melanin.md\/ru\/wp-json\/wp\/v2\/product_cat?post=3430"},{"taxonomy":"product_tag","embeddable":true,"href":"http:\/\/melanin.md\/ru\/wp-json\/wp\/v2\/product_tag?post=3430"}],"curies":[{"name":"wp","href":"https:\/\/api.w.org\/{rel}","templated":true}]}}