{"id":4469,"date":"2022-03-21T13:29:34","date_gmt":"2022-03-21T11:29:34","guid":{"rendered":"https:\/\/spamaster.md\/?post_type=product&#038;p=4469"},"modified":"2026-02-16T09:11:15","modified_gmt":"2026-02-16T07:11:15","slug":"black-hair-coloring-shampoo","status":"publish","type":"product","link":"http:\/\/melanin.md\/ru\/product\/black-hair-coloring-shampoo\/","title":{"rendered":"Black Hair Coloring Shampoo"},"content":{"rendered":"<ul>\n<li>\u0423\u043d\u0438\u0432\u0435\u0440\u0441\u0430\u043b\u044c\u043d\u044b\u0439 \u043f\u0440\u043e\u0434\u0443\u043a\u0442 \u0434\u043b\u044f \u043c\u0443\u0436\u0447\u0438\u043d \u0438 \u0436\u0435\u043d\u0449\u0438\u043d.<\/li>\n<li>\u041f\u043e\u043a\u0440\u044b\u0432\u0430\u0435\u0442 \u0441\u0435\u0434\u044b\u0435 \u0432\u043e\u043b\u043e\u0441\u044b 100%<\/li>\n<li>\u041f\u0438\u0442\u0430\u0435\u0442 \u0438 \u0432\u043e\u0441\u0441\u0442\u0430\u043d\u0430\u0432\u043b\u0438\u0432\u0430\u0435\u0442 \u0432\u043e\u043b\u043e\u0441\u044b \u043a\u043e\u043d\u043e\u043f\u043b\u044f\u043d\u044b\u043c \u043c\u0430\u0441\u043b\u043e\u043c.<\/li>\n<li>\u0421\u0442\u043e\u0439\u043a\u043e\u0441\u0442\u044c \u0434\u043e 4 \u043d\u0435\u0434\u0435\u043b\u044c.<\/li>\n<\/ul>\n<p>&nbsp;<\/p>\n<p><b>Ingredients : <\/b><span style=\"font-weight: 400;\">AQUA,SODIUM LAURETH SULFATE, CETEARETH-7, ETHANOLAMINE, P-PHENYLENEDIAMINE, COCAMIDOPROPYL BETAINE, RESORCINOL, CANNABIS SATIVA (HEMP) SEED OIL, ACRYLATES\/C10-30 ALKYL ACRYLATE CROSSPOLYMER, SODIUM METABISULFITE, ERYTHORBIC ACID, TETRASODIUM EDTA, COCAMIDE DEA, GLYCERIN, M-AMINOPHENOL, 24 DIAMINOPHENOXYETHANOL HCL, 2-AMINO-4-HYDROXYETHYL AMINOANISOLE SULFATE PARFUM PART?: AQUA, HYDROGEN PEROXIDE, CETEARETH 7, PENTASODIUM PENTETATE, <\/span><span style=\"font-weight: 400;\">DISODIUM PYROPHOSPHATE, SODIUM STANNATE, PHOSPHORIC ACID<\/span><\/p>\n<p>&nbsp;<\/p>","protected":false},"excerpt":{"rendered":"<p>\u041e\u043a\u0440\u0430\u0448\u0438\u0432\u0430\u044e\u0449\u0438\u0439 \u0448\u0430\u043c\u043f\u0443\u043d\u044c \u0441\u043e \u0441\u0442\u043e\u0439\u043a\u043e\u0441\u0442\u044c\u044e \u0434\u043e 4 \u043d\u0435\u0434\u0435\u043b\u044c.<\/p>\n<p>&nbsp;<\/p>","protected":false},"featured_media":22736,"template":"","meta":[],"product_brand":[],"product_cat":[80,83,1558,1571,85,79],"product_tag":[],"class_list":{"0":"post-4469","1":"product","2":"type-product","3":"status-publish","4":"has-post-thumbnail","6":"product_cat-sampon","7":"product_cat-vopsea-si-oxidant","8":"product_cat-spa-master","9":"product_cat-mens-master-pentru-barbati","10":"product_cat-mens-master","11":"product_cat-toate","13":"first","14":"instock","15":"shipping-taxable","16":"purchasable","17":"product-type-simple"},"yoast_head":"<!-- This site is optimized with the Yoast SEO plugin v27.0 - https:\/\/yoast.com\/product\/yoast-seo-wordpress\/ -->\n<title>Black Hair Coloring Shampoo - Melanin Cosmetics<\/title>\n<meta name=\"robots\" content=\"index, follow, max-snippet:-1, max-image-preview:large, max-video-preview:-1\" \/>\n<link rel=\"canonical\" href=\"http:\/\/melanin.md\/ru\/product\/black-hair-coloring-shampoo\/\" \/>\n<meta property=\"og:locale\" content=\"ru_RU\" \/>\n<meta property=\"og:type\" content=\"article\" \/>\n<meta property=\"og:title\" content=\"Black Hair Coloring Shampoo - Melanin Cosmetics\" \/>\n<meta property=\"og:description\" content=\"\u0218ampon colorant cu rezisten\u021b\u0103 p\u00e2n\u0103 la 4 s\u0103pt\u0103m\u00e2ni  &nbsp;\" \/>\n<meta property=\"og:url\" content=\"http:\/\/melanin.md\/ru\/product\/black-hair-coloring-shampoo\/\" \/>\n<meta property=\"og:site_name\" content=\"Melanin Cosmetics\" \/>\n<meta property=\"article:modified_time\" content=\"2026-02-16T07:11:15+00:00\" \/>\n<meta property=\"og:image\" content=\"https:\/\/melanin.md\/wp-content\/uploads\/2024\/07\/8.webp\" \/>\n\t<meta property=\"og:image:width\" content=\"800\" \/>\n\t<meta property=\"og:image:height\" content=\"800\" \/>\n\t<meta property=\"og:image:type\" content=\"image\/webp\" \/>\n<meta name=\"twitter:card\" content=\"summary_large_image\" \/>\n<script type=\"application\/ld+json\" class=\"yoast-schema-graph\">{\"@context\":\"https:\/\/schema.org\",\"@graph\":[{\"@type\":\"WebPage\",\"@id\":\"https:\/\/melanin.md\/produs\/black-hair-coloring-shampoo\/\",\"url\":\"https:\/\/melanin.md\/produs\/black-hair-coloring-shampoo\/\",\"name\":\"Black Hair Coloring Shampoo - Melanin Cosmetics\",\"isPartOf\":{\"@id\":\"https:\/\/melanin.md\/#website\"},\"primaryImageOfPage\":{\"@id\":\"https:\/\/melanin.md\/produs\/black-hair-coloring-shampoo\/#primaryimage\"},\"image\":{\"@id\":\"https:\/\/melanin.md\/produs\/black-hair-coloring-shampoo\/#primaryimage\"},\"thumbnailUrl\":\"https:\/\/melanin.md\/wp-content\/uploads\/2024\/07\/8.webp\",\"datePublished\":\"2022-03-21T11:29:34+00:00\",\"dateModified\":\"2026-02-16T07:11:15+00:00\",\"breadcrumb\":{\"@id\":\"https:\/\/melanin.md\/produs\/black-hair-coloring-shampoo\/#breadcrumb\"},\"inLanguage\":\"ru-RU\",\"potentialAction\":[{\"@type\":\"ReadAction\",\"target\":[\"https:\/\/melanin.md\/produs\/black-hair-coloring-shampoo\/\"]}]},{\"@type\":\"ImageObject\",\"inLanguage\":\"ru-RU\",\"@id\":\"https:\/\/melanin.md\/produs\/black-hair-coloring-shampoo\/#primaryimage\",\"url\":\"https:\/\/melanin.md\/wp-content\/uploads\/2024\/07\/8.webp\",\"contentUrl\":\"https:\/\/melanin.md\/wp-content\/uploads\/2024\/07\/8.webp\",\"width\":800,\"height\":800},{\"@type\":\"BreadcrumbList\",\"@id\":\"https:\/\/melanin.md\/produs\/black-hair-coloring-shampoo\/#breadcrumb\",\"itemListElement\":[{\"@type\":\"ListItem\",\"position\":1,\"name\":\"Prima pagin\u0103\",\"item\":\"https:\/\/melanin.md\/\"},{\"@type\":\"ListItem\",\"position\":2,\"name\":\"Produse\",\"item\":\"https:\/\/melanin.md\/shop\/\"},{\"@type\":\"ListItem\",\"position\":3,\"name\":\"Black Hair Coloring Shampoo\"}]},{\"@type\":\"WebSite\",\"@id\":\"https:\/\/melanin.md\/#website\",\"url\":\"https:\/\/melanin.md\/\",\"name\":\"Melanin Cosmetics\",\"description\":\"\u00cen fabric\u0103 producem cosmetice, \u00een magazine vindem speran\u021b\u0103.\",\"publisher\":{\"@id\":\"https:\/\/melanin.md\/#organization\"},\"potentialAction\":[{\"@type\":\"SearchAction\",\"target\":{\"@type\":\"EntryPoint\",\"urlTemplate\":\"https:\/\/melanin.md\/?s={search_term_string}\"},\"query-input\":{\"@type\":\"PropertyValueSpecification\",\"valueRequired\":true,\"valueName\":\"search_term_string\"}}],\"inLanguage\":\"ru-RU\"},{\"@type\":\"Organization\",\"@id\":\"https:\/\/melanin.md\/#organization\",\"name\":\"Melanin Cosmetics\",\"url\":\"https:\/\/melanin.md\/\",\"logo\":{\"@type\":\"ImageObject\",\"inLanguage\":\"ru-RU\",\"@id\":\"https:\/\/melanin.md\/#\/schema\/logo\/image\/\",\"url\":\"https:\/\/melanin.md\/wp-content\/uploads\/2023\/06\/cropped-SM-2-1.png\",\"contentUrl\":\"https:\/\/melanin.md\/wp-content\/uploads\/2023\/06\/cropped-SM-2-1.png\",\"width\":512,\"height\":512,\"caption\":\"Melanin Cosmetics\"},\"image\":{\"@id\":\"https:\/\/melanin.md\/#\/schema\/logo\/image\/\"}}]}<\/script>\n<!-- \/ Yoast SEO plugin. -->","yoast_head_json":{"title":"Black Hair Coloring Shampoo - Melanin Cosmetics","robots":{"index":"index","follow":"follow","max-snippet":"max-snippet:-1","max-image-preview":"max-image-preview:large","max-video-preview":"max-video-preview:-1"},"canonical":"http:\/\/melanin.md\/ru\/product\/black-hair-coloring-shampoo\/","og_locale":"ru_RU","og_type":"article","og_title":"Black Hair Coloring Shampoo - Melanin Cosmetics","og_description":"\u0218ampon colorant cu rezisten\u021b\u0103 p\u00e2n\u0103 la 4 s\u0103pt\u0103m\u00e2ni  &nbsp;","og_url":"http:\/\/melanin.md\/ru\/product\/black-hair-coloring-shampoo\/","og_site_name":"Melanin Cosmetics","article_modified_time":"2026-02-16T07:11:15+00:00","og_image":[{"width":800,"height":800,"url":"https:\/\/melanin.md\/wp-content\/uploads\/2024\/07\/8.webp","type":"image\/webp"}],"twitter_card":"summary_large_image","schema":{"@context":"https:\/\/schema.org","@graph":[{"@type":"WebPage","@id":"https:\/\/melanin.md\/produs\/black-hair-coloring-shampoo\/","url":"https:\/\/melanin.md\/produs\/black-hair-coloring-shampoo\/","name":"Black Hair Coloring Shampoo - Melanin Cosmetics","isPartOf":{"@id":"https:\/\/melanin.md\/#website"},"primaryImageOfPage":{"@id":"https:\/\/melanin.md\/produs\/black-hair-coloring-shampoo\/#primaryimage"},"image":{"@id":"https:\/\/melanin.md\/produs\/black-hair-coloring-shampoo\/#primaryimage"},"thumbnailUrl":"https:\/\/melanin.md\/wp-content\/uploads\/2024\/07\/8.webp","datePublished":"2022-03-21T11:29:34+00:00","dateModified":"2026-02-16T07:11:15+00:00","breadcrumb":{"@id":"https:\/\/melanin.md\/produs\/black-hair-coloring-shampoo\/#breadcrumb"},"inLanguage":"ru-RU","potentialAction":[{"@type":"ReadAction","target":["https:\/\/melanin.md\/produs\/black-hair-coloring-shampoo\/"]}]},{"@type":"ImageObject","inLanguage":"ru-RU","@id":"https:\/\/melanin.md\/produs\/black-hair-coloring-shampoo\/#primaryimage","url":"https:\/\/melanin.md\/wp-content\/uploads\/2024\/07\/8.webp","contentUrl":"https:\/\/melanin.md\/wp-content\/uploads\/2024\/07\/8.webp","width":800,"height":800},{"@type":"BreadcrumbList","@id":"https:\/\/melanin.md\/produs\/black-hair-coloring-shampoo\/#breadcrumb","itemListElement":[{"@type":"ListItem","position":1,"name":"Prima pagin\u0103","item":"https:\/\/melanin.md\/"},{"@type":"ListItem","position":2,"name":"Produse","item":"https:\/\/melanin.md\/shop\/"},{"@type":"ListItem","position":3,"name":"Black Hair Coloring Shampoo"}]},{"@type":"WebSite","@id":"https:\/\/melanin.md\/#website","url":"https:\/\/melanin.md\/","name":"Melanin Cosmetics","description":"\u00cen fabric\u0103 producem cosmetice, \u00een magazine vindem speran\u021b\u0103.","publisher":{"@id":"https:\/\/melanin.md\/#organization"},"potentialAction":[{"@type":"SearchAction","target":{"@type":"EntryPoint","urlTemplate":"https:\/\/melanin.md\/?s={search_term_string}"},"query-input":{"@type":"PropertyValueSpecification","valueRequired":true,"valueName":"search_term_string"}}],"inLanguage":"ru-RU"},{"@type":"Organization","@id":"https:\/\/melanin.md\/#organization","name":"Melanin Cosmetics","url":"https:\/\/melanin.md\/","logo":{"@type":"ImageObject","inLanguage":"ru-RU","@id":"https:\/\/melanin.md\/#\/schema\/logo\/image\/","url":"https:\/\/melanin.md\/wp-content\/uploads\/2023\/06\/cropped-SM-2-1.png","contentUrl":"https:\/\/melanin.md\/wp-content\/uploads\/2023\/06\/cropped-SM-2-1.png","width":512,"height":512,"caption":"Melanin Cosmetics"},"image":{"@id":"https:\/\/melanin.md\/#\/schema\/logo\/image\/"}}]}},"_links":{"self":[{"href":"http:\/\/melanin.md\/ru\/wp-json\/wp\/v2\/product\/4469","targetHints":{"allow":["GET"]}}],"collection":[{"href":"http:\/\/melanin.md\/ru\/wp-json\/wp\/v2\/product"}],"about":[{"href":"http:\/\/melanin.md\/ru\/wp-json\/wp\/v2\/types\/product"}],"version-history":[{"count":1,"href":"http:\/\/melanin.md\/ru\/wp-json\/wp\/v2\/product\/4469\/revisions"}],"predecessor-version":[{"id":22876,"href":"http:\/\/melanin.md\/ru\/wp-json\/wp\/v2\/product\/4469\/revisions\/22876"}],"wp:featuredmedia":[{"embeddable":true,"href":"http:\/\/melanin.md\/ru\/wp-json\/wp\/v2\/media\/22736"}],"wp:attachment":[{"href":"http:\/\/melanin.md\/ru\/wp-json\/wp\/v2\/media?parent=4469"}],"wp:term":[{"taxonomy":"product_brand","embeddable":true,"href":"http:\/\/melanin.md\/ru\/wp-json\/wp\/v2\/product_brand?post=4469"},{"taxonomy":"product_cat","embeddable":true,"href":"http:\/\/melanin.md\/ru\/wp-json\/wp\/v2\/product_cat?post=4469"},{"taxonomy":"product_tag","embeddable":true,"href":"http:\/\/melanin.md\/ru\/wp-json\/wp\/v2\/product_tag?post=4469"}],"curies":[{"name":"wp","href":"https:\/\/api.w.org\/{rel}","templated":true}]}}