{"id":5056,"date":"2022-04-07T09:37:33","date_gmt":"2022-04-07T07:37:33","guid":{"rendered":"https:\/\/spamaster.md\/?post_type=product&#038;p=5056"},"modified":"2026-02-16T09:08:44","modified_gmt":"2026-02-16T07:08:44","slug":"7-5-set-mens-master-cu-alge-marine","status":"publish","type":"product","link":"http:\/\/melanin.md\/ru\/product\/7-5-set-mens-master-cu-alge-marine\/","title":{"rendered":"#7-5 Set Men&#8217;s Master"},"content":{"rendered":"<p><b>MEN&#8217;S MASTER<\/b><span style=\"font-weight: 400;\"> \u2014 \u043f\u0440\u043e\u0434\u0443\u043a\u0446\u0438\u044f \u0441 \u043c\u0443\u0436\u0441\u043a\u0438\u043c \u0445\u0430\u0440\u0430\u043a\u0442\u0435\u0440\u043e\u043c, \u0443\u043c\u0435\u044e\u0449\u0438\u043c \u0436\u0438\u0442\u044c, \u043b\u044e\u0431\u0438\u0442\u044c, \u0442\u0432\u043e\u0440\u0438\u0442\u044c, \u043f\u043e\u0431\u0435\u0436\u0434\u0430\u0442\u044c, \u0431\u044b\u0442\u044c \u043c\u0430\u0441\u0442\u0435\u0440\u043e\u043c \u0432\u043e \u0432\u0441\u0435\u043c, \u0447\u0442\u043e \u043e\u043d \u0434\u0435\u043b\u0430\u0435\u0442.<\/span><\/p>\n<p><span style=\"font-weight: 400;\">\u0421\u043e\u0432\u0440\u0435\u043c\u0435\u043d\u043d\u044b\u0435 \u0442\u0435\u0445\u043d\u043e\u043b\u043e\u0433\u0438\u0438, \u0441\u0442\u0430\u0440\u0438\u043d\u043d\u044b\u0435 \u0440\u0435\u0446\u0435\u043f\u0442\u044b, \u0438\u043d\u043d\u043e\u0432\u0430\u0446\u0438\u043e\u043d\u043d\u044b\u0435 \u0434\u043e\u0441\u0442\u0438\u0436\u0435\u043d\u0438\u044f \u0441\u0435\u0433\u043e\u0434\u043d\u044f \u043f\u043e\u0437\u0432\u043e\u043b\u0438\u043b\u0438 \u0441\u043e\u0437\u0434\u0430\u0442\u044c \u043f\u0440\u043e\u0444\u0435\u0441\u0441\u0438\u043e\u043d\u0430\u043b\u044c\u043d\u0443\u044e \u043c\u0443\u0436\u0441\u043a\u0443\u044e \u043f\u0440\u043e\u0434\u0443\u043a\u0446\u0438\u044e MEN'S MASTER \u2013 \u043c\u0430\u0441\u0442\u0435\u0440\u0430 \u043c\u0443\u0436\u0441\u043a\u043e\u0433\u043e \u0443\u0445\u043e\u0434\u0430. \u0421\u043e\u0437\u0434\u0430\u043d \u0434\u043b\u044f \u043c\u0443\u0436\u0441\u043a\u0438\u0445 \u043f\u0430\u0440\u0438\u043a\u043c\u0430\u0445\u0435\u0440\u043e\u0432 \u0438 \u0441\u0442\u0438\u043b\u0438\u0441\u0442\u043e\u0432, \u043a\u043e\u0442\u043e\u0440\u044b\u043c \u0434\u043e\u0432\u0435\u0440\u044f\u044e\u0442 \u043c\u0443\u0436\u0447\u0438\u043d\u044b.<\/span><\/p>\n<p><span style=\"font-weight: 400;\">\u042d\u0444\u0444\u0435\u043a\u0442\u0438\u0432\u043d\u043e\u0441\u0442\u0438 \u043d\u0430\u0448\u0435\u0433\u043e \u0431\u0440\u0435\u043d\u0434\u0430 \u0434\u043e\u0432\u0435\u0440\u044f\u044e\u0442, \u043f\u043e\u0441\u043a\u043e\u043b\u044c\u043a\u0443 \u0446\u0435\u043b\u0435\u0431\u043d\u044b\u0435 \u0441\u0432\u043e\u0439\u0441\u0442\u0432\u0430 \u043d\u0430\u0448\u0438\u0445 \u0441\u043e\u0441\u0442\u0430\u0432\u043e\u0432 \u043f\u0440\u043e\u0432\u0435\u0440\u0435\u043d\u044b \u0442\u044b\u0441\u044f\u0447\u0430\u043c\u0438 \u043b\u0435\u0442. \u042d\u0442\u043e \u043b\u0443\u0447\u0448\u0435\u0435, \u0447\u0442\u043e \u043c\u043e\u0436\u0435\u0442 \u0431\u044b\u0442\u044c \u0434\u043b\u044f \u043c\u0443\u0436\u0441\u043a\u043e\u0439 \u043a\u043e\u0436\u0438, \u0432\u043e\u043b\u043e\u0441, \u0442\u0435\u043b\u0430 \u0438 \u0431\u0440\u0438\u0442\u044c\u044f.<\/span><\/p>\n<p><strong>\u0412 \u043d\u0430\u0431\u043e\u0440 \u0432\u0445\u043e\u0434\u044f\u0442:<\/strong><\/p>\n<ol>\n<li>\u0428\u0430\u043c\u043f\u0443\u043d\u044c \u0434\u043b\u044f \u043e\u0447\u0438\u0441\u0442\u043a\u0438 \u0438 \u0442\u043e\u043d\u0438\u0437\u0438\u0440\u043e\u0432\u0430\u043d\u0438\u044f \u0432\u043e\u043b\u043e\u0441 \u0438 \u0442\u0435\u043b\u0430.<\/li>\n<li>\u0410\u043d\u0442\u0438\u043f\u0435\u0440\u0441\u043f\u0438\u0440\u0430\u043d\u0442 24 \u0447\u0430\u0441\u0430<\/li>\n<li>\u041f\u0435\u043d\u0430 \u0434\u043b\u044f \u0431\u0440\u0438\u0442\u044c\u044f \u0434\u043b\u044f \u0433\u043b\u0430\u0434\u043a\u043e\u0433\u043e \u0438 \u0431\u0435\u0437\u043e\u043f\u0430\u0441\u043d\u043e\u0433\u043e \u044d\u0444\u0444\u0435\u043a\u0442\u0430;<\/li>\n<li>\u041a\u0440\u0435\u043c \u0434\u043b\u044f \u0443\u043c\u0435\u043d\u044c\u0448\u0435\u043d\u0438\u044f \u043f\u043e\u044f\u0432\u043b\u0435\u043d\u0438\u044f \u043c\u043e\u0440\u0449\u0438\u043d \u043d\u0430 \u043b\u0438\u0446\u0435.<\/li>\n<\/ol>","protected":false},"excerpt":{"rendered":"<p>\u041c\u0443\u0436\u0441\u043a\u043e\u0439 \u043d\u0430\u0431\u043e\u0440 Master \u0441 \u043c\u043e\u0440\u0441\u043a\u0438\u043c\u0438 \u0432\u043e\u0434\u043e\u0440\u043e\u0441\u043b\u044f\u043c\u0438<\/p>","protected":false},"featured_media":22963,"template":"","meta":[],"product_brand":[],"product_cat":[1558,1571,85,79],"product_tag":[],"class_list":{"0":"post-5056","1":"product","2":"type-product","3":"status-publish","4":"has-post-thumbnail","6":"product_cat-spa-master","7":"product_cat-mens-master-pentru-barbati","8":"product_cat-mens-master","9":"product_cat-toate","11":"first","12":"instock","13":"shipping-taxable","14":"purchasable","15":"product-type-simple"},"yoast_head":"<!-- This site is optimized with the Yoast SEO plugin v27.0 - https:\/\/yoast.com\/product\/yoast-seo-wordpress\/ -->\n<title>#7-5 Set Men&#039;s Master - Melanin Cosmetics<\/title>\n<meta name=\"robots\" content=\"index, follow, max-snippet:-1, max-image-preview:large, max-video-preview:-1\" \/>\n<link rel=\"canonical\" href=\"http:\/\/melanin.md\/ru\/product\/7-5-set-mens-master-cu-alge-marine\/\" \/>\n<meta property=\"og:locale\" content=\"ru_RU\" \/>\n<meta property=\"og:type\" content=\"article\" \/>\n<meta property=\"og:title\" content=\"#7-5 Set Men&#039;s Master - Melanin Cosmetics\" \/>\n<meta property=\"og:description\" content=\"Set Men&#039;s Master cu alge marine\" \/>\n<meta property=\"og:url\" content=\"http:\/\/melanin.md\/ru\/product\/7-5-set-mens-master-cu-alge-marine\/\" \/>\n<meta property=\"og:site_name\" content=\"Melanin Cosmetics\" \/>\n<meta property=\"article:modified_time\" content=\"2026-02-16T07:08:44+00:00\" \/>\n<meta property=\"og:image\" content=\"https:\/\/melanin.md\/wp-content\/uploads\/2024\/07\/5set-scaled.webp\" \/>\n\t<meta property=\"og:image:width\" content=\"2560\" \/>\n\t<meta property=\"og:image:height\" content=\"2560\" \/>\n\t<meta property=\"og:image:type\" content=\"image\/webp\" \/>\n<meta name=\"twitter:card\" content=\"summary_large_image\" \/>\n<meta name=\"twitter:label1\" content=\"\u041f\u0440\u0438\u043c\u0435\u0440\u043d\u043e\u0435 \u0432\u0440\u0435\u043c\u044f \u0434\u043b\u044f \u0447\u0442\u0435\u043d\u0438\u044f\" \/>\n\t<meta name=\"twitter:data1\" content=\"1 \u043c\u0438\u043d\u0443\u0442\u0430\" \/>\n<script type=\"application\/ld+json\" class=\"yoast-schema-graph\">{\"@context\":\"https:\/\/schema.org\",\"@graph\":[{\"@type\":\"WebPage\",\"@id\":\"https:\/\/melanin.md\/produs\/7-5-set-mens-master-cu-alge-marine\/\",\"url\":\"https:\/\/melanin.md\/produs\/7-5-set-mens-master-cu-alge-marine\/\",\"name\":\"#7-5 Set Men's Master - Melanin Cosmetics\",\"isPartOf\":{\"@id\":\"https:\/\/melanin.md\/#website\"},\"primaryImageOfPage\":{\"@id\":\"https:\/\/melanin.md\/produs\/7-5-set-mens-master-cu-alge-marine\/#primaryimage\"},\"image\":{\"@id\":\"https:\/\/melanin.md\/produs\/7-5-set-mens-master-cu-alge-marine\/#primaryimage\"},\"thumbnailUrl\":\"https:\/\/melanin.md\/wp-content\/uploads\/2024\/07\/5set-scaled.webp\",\"datePublished\":\"2022-04-07T07:37:33+00:00\",\"dateModified\":\"2026-02-16T07:08:44+00:00\",\"breadcrumb\":{\"@id\":\"https:\/\/melanin.md\/produs\/7-5-set-mens-master-cu-alge-marine\/#breadcrumb\"},\"inLanguage\":\"ru-RU\",\"potentialAction\":[{\"@type\":\"ReadAction\",\"target\":[\"https:\/\/melanin.md\/produs\/7-5-set-mens-master-cu-alge-marine\/\"]}]},{\"@type\":\"ImageObject\",\"inLanguage\":\"ru-RU\",\"@id\":\"https:\/\/melanin.md\/produs\/7-5-set-mens-master-cu-alge-marine\/#primaryimage\",\"url\":\"https:\/\/melanin.md\/wp-content\/uploads\/2024\/07\/5set-scaled.webp\",\"contentUrl\":\"https:\/\/melanin.md\/wp-content\/uploads\/2024\/07\/5set-scaled.webp\",\"width\":2560,\"height\":2560},{\"@type\":\"BreadcrumbList\",\"@id\":\"https:\/\/melanin.md\/produs\/7-5-set-mens-master-cu-alge-marine\/#breadcrumb\",\"itemListElement\":[{\"@type\":\"ListItem\",\"position\":1,\"name\":\"Prima pagin\u0103\",\"item\":\"https:\/\/melanin.md\/\"},{\"@type\":\"ListItem\",\"position\":2,\"name\":\"Produse\",\"item\":\"https:\/\/melanin.md\/shop\/\"},{\"@type\":\"ListItem\",\"position\":3,\"name\":\"#7-5 Set Men&#8217;s Master\"}]},{\"@type\":\"WebSite\",\"@id\":\"https:\/\/melanin.md\/#website\",\"url\":\"https:\/\/melanin.md\/\",\"name\":\"Melanin Cosmetics\",\"description\":\"\u00cen fabric\u0103 producem cosmetice, \u00een magazine vindem speran\u021b\u0103.\",\"publisher\":{\"@id\":\"https:\/\/melanin.md\/#organization\"},\"potentialAction\":[{\"@type\":\"SearchAction\",\"target\":{\"@type\":\"EntryPoint\",\"urlTemplate\":\"https:\/\/melanin.md\/?s={search_term_string}\"},\"query-input\":{\"@type\":\"PropertyValueSpecification\",\"valueRequired\":true,\"valueName\":\"search_term_string\"}}],\"inLanguage\":\"ru-RU\"},{\"@type\":\"Organization\",\"@id\":\"https:\/\/melanin.md\/#organization\",\"name\":\"Melanin Cosmetics\",\"url\":\"https:\/\/melanin.md\/\",\"logo\":{\"@type\":\"ImageObject\",\"inLanguage\":\"ru-RU\",\"@id\":\"https:\/\/melanin.md\/#\/schema\/logo\/image\/\",\"url\":\"https:\/\/melanin.md\/wp-content\/uploads\/2023\/06\/cropped-SM-2-1.png\",\"contentUrl\":\"https:\/\/melanin.md\/wp-content\/uploads\/2023\/06\/cropped-SM-2-1.png\",\"width\":512,\"height\":512,\"caption\":\"Melanin Cosmetics\"},\"image\":{\"@id\":\"https:\/\/melanin.md\/#\/schema\/logo\/image\/\"}}]}<\/script>\n<!-- \/ Yoast SEO plugin. -->","yoast_head_json":{"title":"#7-5 Set Men's Master - Melanin Cosmetics","robots":{"index":"index","follow":"follow","max-snippet":"max-snippet:-1","max-image-preview":"max-image-preview:large","max-video-preview":"max-video-preview:-1"},"canonical":"http:\/\/melanin.md\/ru\/product\/7-5-set-mens-master-cu-alge-marine\/","og_locale":"ru_RU","og_type":"article","og_title":"#7-5 Set Men's Master - Melanin Cosmetics","og_description":"Set Men's Master cu alge marine","og_url":"http:\/\/melanin.md\/ru\/product\/7-5-set-mens-master-cu-alge-marine\/","og_site_name":"Melanin Cosmetics","article_modified_time":"2026-02-16T07:08:44+00:00","og_image":[{"width":2560,"height":2560,"url":"https:\/\/melanin.md\/wp-content\/uploads\/2024\/07\/5set-scaled.webp","type":"image\/webp"}],"twitter_card":"summary_large_image","twitter_misc":{"\u041f\u0440\u0438\u043c\u0435\u0440\u043d\u043e\u0435 \u0432\u0440\u0435\u043c\u044f \u0434\u043b\u044f \u0447\u0442\u0435\u043d\u0438\u044f":"1 \u043c\u0438\u043d\u0443\u0442\u0430"},"schema":{"@context":"https:\/\/schema.org","@graph":[{"@type":"WebPage","@id":"https:\/\/melanin.md\/produs\/7-5-set-mens-master-cu-alge-marine\/","url":"https:\/\/melanin.md\/produs\/7-5-set-mens-master-cu-alge-marine\/","name":"#7-5 Set Men's Master - Melanin Cosmetics","isPartOf":{"@id":"https:\/\/melanin.md\/#website"},"primaryImageOfPage":{"@id":"https:\/\/melanin.md\/produs\/7-5-set-mens-master-cu-alge-marine\/#primaryimage"},"image":{"@id":"https:\/\/melanin.md\/produs\/7-5-set-mens-master-cu-alge-marine\/#primaryimage"},"thumbnailUrl":"https:\/\/melanin.md\/wp-content\/uploads\/2024\/07\/5set-scaled.webp","datePublished":"2022-04-07T07:37:33+00:00","dateModified":"2026-02-16T07:08:44+00:00","breadcrumb":{"@id":"https:\/\/melanin.md\/produs\/7-5-set-mens-master-cu-alge-marine\/#breadcrumb"},"inLanguage":"ru-RU","potentialAction":[{"@type":"ReadAction","target":["https:\/\/melanin.md\/produs\/7-5-set-mens-master-cu-alge-marine\/"]}]},{"@type":"ImageObject","inLanguage":"ru-RU","@id":"https:\/\/melanin.md\/produs\/7-5-set-mens-master-cu-alge-marine\/#primaryimage","url":"https:\/\/melanin.md\/wp-content\/uploads\/2024\/07\/5set-scaled.webp","contentUrl":"https:\/\/melanin.md\/wp-content\/uploads\/2024\/07\/5set-scaled.webp","width":2560,"height":2560},{"@type":"BreadcrumbList","@id":"https:\/\/melanin.md\/produs\/7-5-set-mens-master-cu-alge-marine\/#breadcrumb","itemListElement":[{"@type":"ListItem","position":1,"name":"Prima pagin\u0103","item":"https:\/\/melanin.md\/"},{"@type":"ListItem","position":2,"name":"Produse","item":"https:\/\/melanin.md\/shop\/"},{"@type":"ListItem","position":3,"name":"#7-5 Set Men&#8217;s Master"}]},{"@type":"WebSite","@id":"https:\/\/melanin.md\/#website","url":"https:\/\/melanin.md\/","name":"Melanin Cosmetics","description":"\u00cen fabric\u0103 producem cosmetice, \u00een magazine vindem speran\u021b\u0103.","publisher":{"@id":"https:\/\/melanin.md\/#organization"},"potentialAction":[{"@type":"SearchAction","target":{"@type":"EntryPoint","urlTemplate":"https:\/\/melanin.md\/?s={search_term_string}"},"query-input":{"@type":"PropertyValueSpecification","valueRequired":true,"valueName":"search_term_string"}}],"inLanguage":"ru-RU"},{"@type":"Organization","@id":"https:\/\/melanin.md\/#organization","name":"Melanin Cosmetics","url":"https:\/\/melanin.md\/","logo":{"@type":"ImageObject","inLanguage":"ru-RU","@id":"https:\/\/melanin.md\/#\/schema\/logo\/image\/","url":"https:\/\/melanin.md\/wp-content\/uploads\/2023\/06\/cropped-SM-2-1.png","contentUrl":"https:\/\/melanin.md\/wp-content\/uploads\/2023\/06\/cropped-SM-2-1.png","width":512,"height":512,"caption":"Melanin Cosmetics"},"image":{"@id":"https:\/\/melanin.md\/#\/schema\/logo\/image\/"}}]}},"_links":{"self":[{"href":"http:\/\/melanin.md\/ru\/wp-json\/wp\/v2\/product\/5056","targetHints":{"allow":["GET"]}}],"collection":[{"href":"http:\/\/melanin.md\/ru\/wp-json\/wp\/v2\/product"}],"about":[{"href":"http:\/\/melanin.md\/ru\/wp-json\/wp\/v2\/types\/product"}],"version-history":[{"count":1,"href":"http:\/\/melanin.md\/ru\/wp-json\/wp\/v2\/product\/5056\/revisions"}],"predecessor-version":[{"id":23065,"href":"http:\/\/melanin.md\/ru\/wp-json\/wp\/v2\/product\/5056\/revisions\/23065"}],"wp:featuredmedia":[{"embeddable":true,"href":"http:\/\/melanin.md\/ru\/wp-json\/wp\/v2\/media\/22963"}],"wp:attachment":[{"href":"http:\/\/melanin.md\/ru\/wp-json\/wp\/v2\/media?parent=5056"}],"wp:term":[{"taxonomy":"product_brand","embeddable":true,"href":"http:\/\/melanin.md\/ru\/wp-json\/wp\/v2\/product_brand?post=5056"},{"taxonomy":"product_cat","embeddable":true,"href":"http:\/\/melanin.md\/ru\/wp-json\/wp\/v2\/product_cat?post=5056"},{"taxonomy":"product_tag","embeddable":true,"href":"http:\/\/melanin.md\/ru\/wp-json\/wp\/v2\/product_tag?post=5056"}],"curies":[{"name":"wp","href":"https:\/\/api.w.org\/{rel}","templated":true}]}}