{"id":23379,"date":"2024-12-06T16:31:31","date_gmt":"2024-12-06T14:31:31","guid":{"rendered":"https:\/\/melanin.md\/razuieste\/"},"modified":"2024-12-06T16:31:31","modified_gmt":"2024-12-06T14:31:31","slug":"razuieste","status":"publish","type":"page","link":"https:\/\/melanin.md\/ru\/razuieste\/","title":{"rendered":"R\u0103zuie\u0219te"},"content":{"rendered":"<p>[social-appsmavscratchwin-show id=&#8221;bfqY&#8221; width=&#8221;100%&#8221; height=&#8221;600px&#8221; scroll=&#8221;auto&#8221;]<\/p>","protected":false},"excerpt":{"rendered":"<p>[social-appsmavscratchwin-show id=&#8221;bfqY&#8221; width=&#8221;100%&#8221; height=&#8221;600px&#8221; scroll=&#8221;auto&#8221;]<\/p>","protected":false},"author":0,"featured_media":0,"parent":0,"menu_order":0,"comment_status":"closed","ping_status":"closed","template":"","meta":{"footnotes":""},"class_list":["post-23379","page","type-page","status-publish","hentry"],"yoast_head":"<!-- This site is optimized with the Yoast SEO plugin v27.0 - https:\/\/yoast.com\/product\/yoast-seo-wordpress\/ -->\n<title>R\u0103zuie\u0219te - Melanin Cosmetics<\/title>\n<meta name=\"robots\" content=\"index, follow, max-snippet:-1, max-image-preview:large, max-video-preview:-1\" \/>\n<link rel=\"canonical\" href=\"https:\/\/melanin.md\/ru\/razuieste\/\" \/>\n<meta property=\"og:locale\" content=\"ru_RU\" \/>\n<meta property=\"og:type\" content=\"article\" \/>\n<meta property=\"og:title\" content=\"R\u0103zuie\u0219te - Melanin Cosmetics\" \/>\n<meta property=\"og:description\" content=\"[social-appsmavscratchwin-show id=&#8221;bfqY&#8221; width=&#8221;100%&#8221; height=&#8221;600px&#8221; scroll=&#8221;auto&#8221;]\" \/>\n<meta property=\"og:url\" content=\"https:\/\/melanin.md\/ru\/razuieste\/\" \/>\n<meta property=\"og:site_name\" content=\"Melanin Cosmetics\" \/>\n<meta name=\"twitter:card\" content=\"summary_large_image\" \/>\n<script type=\"application\/ld+json\" class=\"yoast-schema-graph\">{\"@context\":\"https:\/\/schema.org\",\"@graph\":[{\"@type\":\"WebPage\",\"@id\":\"https:\/\/melanin.md\/razuieste\/\",\"url\":\"https:\/\/melanin.md\/razuieste\/\",\"name\":\"R\u0103zuie\u0219te - Melanin Cosmetics\",\"isPartOf\":{\"@id\":\"https:\/\/melanin.md\/#website\"},\"datePublished\":\"2024-12-06T14:31:31+00:00\",\"breadcrumb\":{\"@id\":\"https:\/\/melanin.md\/razuieste\/#breadcrumb\"},\"inLanguage\":\"ru-RU\",\"potentialAction\":[{\"@type\":\"ReadAction\",\"target\":[\"https:\/\/melanin.md\/razuieste\/\"]}]},{\"@type\":\"BreadcrumbList\",\"@id\":\"https:\/\/melanin.md\/razuieste\/#breadcrumb\",\"itemListElement\":[{\"@type\":\"ListItem\",\"position\":1,\"name\":\"Prima pagin\u0103\",\"item\":\"https:\/\/melanin.md\/\"},{\"@type\":\"ListItem\",\"position\":2,\"name\":\"R\u0103zuie\u0219te\"}]},{\"@type\":\"WebSite\",\"@id\":\"https:\/\/melanin.md\/#website\",\"url\":\"https:\/\/melanin.md\/\",\"name\":\"Melanin Cosmetics\",\"description\":\"\u00cen fabric\u0103 producem cosmetice, \u00een magazine vindem speran\u021b\u0103.\",\"publisher\":{\"@id\":\"https:\/\/melanin.md\/#organization\"},\"potentialAction\":[{\"@type\":\"SearchAction\",\"target\":{\"@type\":\"EntryPoint\",\"urlTemplate\":\"https:\/\/melanin.md\/?s={search_term_string}\"},\"query-input\":{\"@type\":\"PropertyValueSpecification\",\"valueRequired\":true,\"valueName\":\"search_term_string\"}}],\"inLanguage\":\"ru-RU\"},{\"@type\":\"Organization\",\"@id\":\"https:\/\/melanin.md\/#organization\",\"name\":\"Melanin Cosmetics\",\"url\":\"https:\/\/melanin.md\/\",\"logo\":{\"@type\":\"ImageObject\",\"inLanguage\":\"ru-RU\",\"@id\":\"https:\/\/melanin.md\/#\/schema\/logo\/image\/\",\"url\":\"https:\/\/melanin.md\/wp-content\/uploads\/2023\/06\/cropped-SM-2-1.png\",\"contentUrl\":\"https:\/\/melanin.md\/wp-content\/uploads\/2023\/06\/cropped-SM-2-1.png\",\"width\":512,\"height\":512,\"caption\":\"Melanin Cosmetics\"},\"image\":{\"@id\":\"https:\/\/melanin.md\/#\/schema\/logo\/image\/\"}}]}<\/script>\n<!-- \/ Yoast SEO plugin. -->","yoast_head_json":{"title":"R\u0103zuie\u0219te - Melanin Cosmetics","robots":{"index":"index","follow":"follow","max-snippet":"max-snippet:-1","max-image-preview":"max-image-preview:large","max-video-preview":"max-video-preview:-1"},"canonical":"https:\/\/melanin.md\/ru\/razuieste\/","og_locale":"ru_RU","og_type":"article","og_title":"R\u0103zuie\u0219te - Melanin Cosmetics","og_description":"[social-appsmavscratchwin-show id=&#8221;bfqY&#8221; width=&#8221;100%&#8221; height=&#8221;600px&#8221; scroll=&#8221;auto&#8221;]","og_url":"https:\/\/melanin.md\/ru\/razuieste\/","og_site_name":"Melanin Cosmetics","twitter_card":"summary_large_image","schema":{"@context":"https:\/\/schema.org","@graph":[{"@type":"WebPage","@id":"https:\/\/melanin.md\/razuieste\/","url":"https:\/\/melanin.md\/razuieste\/","name":"R\u0103zuie\u0219te - Melanin Cosmetics","isPartOf":{"@id":"https:\/\/melanin.md\/#website"},"datePublished":"2024-12-06T14:31:31+00:00","breadcrumb":{"@id":"https:\/\/melanin.md\/razuieste\/#breadcrumb"},"inLanguage":"ru-RU","potentialAction":[{"@type":"ReadAction","target":["https:\/\/melanin.md\/razuieste\/"]}]},{"@type":"BreadcrumbList","@id":"https:\/\/melanin.md\/razuieste\/#breadcrumb","itemListElement":[{"@type":"ListItem","position":1,"name":"Prima pagin\u0103","item":"https:\/\/melanin.md\/"},{"@type":"ListItem","position":2,"name":"R\u0103zuie\u0219te"}]},{"@type":"WebSite","@id":"https:\/\/melanin.md\/#website","url":"https:\/\/melanin.md\/","name":"Melanin Cosmetics","description":"\u00cen fabric\u0103 producem cosmetice, \u00een magazine vindem speran\u021b\u0103.","publisher":{"@id":"https:\/\/melanin.md\/#organization"},"potentialAction":[{"@type":"SearchAction","target":{"@type":"EntryPoint","urlTemplate":"https:\/\/melanin.md\/?s={search_term_string}"},"query-input":{"@type":"PropertyValueSpecification","valueRequired":true,"valueName":"search_term_string"}}],"inLanguage":"ru-RU"},{"@type":"Organization","@id":"https:\/\/melanin.md\/#organization","name":"Melanin Cosmetics","url":"https:\/\/melanin.md\/","logo":{"@type":"ImageObject","inLanguage":"ru-RU","@id":"https:\/\/melanin.md\/#\/schema\/logo\/image\/","url":"https:\/\/melanin.md\/wp-content\/uploads\/2023\/06\/cropped-SM-2-1.png","contentUrl":"https:\/\/melanin.md\/wp-content\/uploads\/2023\/06\/cropped-SM-2-1.png","width":512,"height":512,"caption":"Melanin Cosmetics"},"image":{"@id":"https:\/\/melanin.md\/#\/schema\/logo\/image\/"}}]}},"_links":{"self":[{"href":"https:\/\/melanin.md\/ru\/wp-json\/wp\/v2\/pages\/23379","targetHints":{"allow":["GET"]}}],"collection":[{"href":"https:\/\/melanin.md\/ru\/wp-json\/wp\/v2\/pages"}],"about":[{"href":"https:\/\/melanin.md\/ru\/wp-json\/wp\/v2\/types\/page"}],"replies":[{"embeddable":true,"href":"https:\/\/melanin.md\/ru\/wp-json\/wp\/v2\/comments?post=23379"}],"version-history":[{"count":0,"href":"https:\/\/melanin.md\/ru\/wp-json\/wp\/v2\/pages\/23379\/revisions"}],"wp:attachment":[{"href":"https:\/\/melanin.md\/ru\/wp-json\/wp\/v2\/media?parent=23379"}],"curies":[{"name":"wp","href":"https:\/\/api.w.org\/{rel}","templated":true}]}}