{"id":15228,"date":"2023-03-02T16:32:52","date_gmt":"2023-03-02T14:32:52","guid":{"rendered":"https:\/\/spamaster.md\/?post_type=product&#038;p=15228"},"modified":"2025-06-13T09:40:48","modified_gmt":"2025-06-13T07:40:48","slug":"8-set-everyday","status":"publish","type":"product","link":"https:\/\/melanin.md\/ru\/product\/8-set-everyday\/","title":{"rendered":"#8 Set EVERYDAY"},"content":{"rendered":"<p class=\"c-product__title\">EVERYDAY LINE<\/p>\n<p>Calmeaz\u0103, hidrateaz\u0103, \u00eendep\u0103rteaz\u0103 ro\u0219ea\u021ba \u0219i iritarea scalpului. Are un efect de regenerare \u0219i vindecare. Accelereaz\u0103 cre\u0219terea p\u0103rului. Con\u021bine un complex puternic anti-\u00eemb\u0103tr\u00e2nire de antioxidan\u021bi.<\/p>\n<p><strong>\u0412 \u043d\u0430\u0431\u043e\u0440 \u0432\u0445\u043e\u0434\u044f\u0442:<\/strong><\/p>\n<ol>\n<li>\u0218ampon zi de zi 970ml<\/li>\n<li>Balsam zi de zi 970ml<\/li>\n<\/ol>","protected":false},"excerpt":{"rendered":"<p>Set zi de zi<\/p>","protected":false},"featured_media":22968,"template":"","meta":[],"product_brand":[],"product_cat":[1558,1563,86,79],"product_tag":[702],"class_list":{"0":"post-15228","1":"product","2":"type-product","3":"status-publish","4":"has-post-thumbnail","6":"product_cat-spa-master","7":"product_cat-protect-line-pentru-protectia-culorii-parului","8":"product_cat-seturi","9":"product_cat-toate","10":"product_tag-repair-line-pentru-restaurarea-parului","12":"first","13":"outofstock","14":"shipping-taxable","15":"purchasable","16":"product-type-simple"},"yoast_head":"<!-- This site is optimized with the Yoast SEO plugin v27.0 - https:\/\/yoast.com\/product\/yoast-seo-wordpress\/ -->\n<title>#8 Set EVERYDAY - Melanin Cosmetics<\/title>\n<meta name=\"robots\" content=\"index, follow, max-snippet:-1, max-image-preview:large, max-video-preview:-1\" \/>\n<link rel=\"canonical\" href=\"https:\/\/melanin.md\/ru\/product\/8-set-everyday\/\" \/>\n<meta property=\"og:locale\" content=\"ru_RU\" \/>\n<meta property=\"og:type\" content=\"article\" \/>\n<meta property=\"og:title\" content=\"#8 Set EVERYDAY - Melanin Cosmetics\" \/>\n<meta property=\"og:description\" content=\"Set zi de zi\" \/>\n<meta property=\"og:url\" content=\"https:\/\/melanin.md\/ru\/product\/8-set-everyday\/\" \/>\n<meta property=\"og:site_name\" content=\"Melanin Cosmetics\" \/>\n<meta property=\"article:modified_time\" content=\"2025-06-13T07:40:48+00:00\" \/>\n<meta property=\"og:image\" content=\"https:\/\/melanin.md\/wp-content\/uploads\/2024\/07\/1-1.webp\" \/>\n\t<meta property=\"og:image:width\" content=\"1200\" \/>\n\t<meta property=\"og:image:height\" content=\"1200\" \/>\n\t<meta property=\"og:image:type\" content=\"image\/webp\" \/>\n<meta name=\"twitter:card\" content=\"summary_large_image\" \/>\n<script type=\"application\/ld+json\" class=\"yoast-schema-graph\">{\"@context\":\"https:\/\/schema.org\",\"@graph\":[{\"@type\":\"WebPage\",\"@id\":\"https:\/\/melanin.md\/produs\/8-set-everyday\/\",\"url\":\"https:\/\/melanin.md\/produs\/8-set-everyday\/\",\"name\":\"#8 Set EVERYDAY - Melanin Cosmetics\",\"isPartOf\":{\"@id\":\"https:\/\/melanin.md\/#website\"},\"primaryImageOfPage\":{\"@id\":\"https:\/\/melanin.md\/produs\/8-set-everyday\/#primaryimage\"},\"image\":{\"@id\":\"https:\/\/melanin.md\/produs\/8-set-everyday\/#primaryimage\"},\"thumbnailUrl\":\"https:\/\/melanin.md\/wp-content\/uploads\/2024\/07\/1-1.webp\",\"datePublished\":\"2023-03-02T14:32:52+00:00\",\"dateModified\":\"2025-06-13T07:40:48+00:00\",\"breadcrumb\":{\"@id\":\"https:\/\/melanin.md\/produs\/8-set-everyday\/#breadcrumb\"},\"inLanguage\":\"ru-RU\",\"potentialAction\":[{\"@type\":\"ReadAction\",\"target\":[\"https:\/\/melanin.md\/produs\/8-set-everyday\/\"]}]},{\"@type\":\"ImageObject\",\"inLanguage\":\"ru-RU\",\"@id\":\"https:\/\/melanin.md\/produs\/8-set-everyday\/#primaryimage\",\"url\":\"https:\/\/melanin.md\/wp-content\/uploads\/2024\/07\/1-1.webp\",\"contentUrl\":\"https:\/\/melanin.md\/wp-content\/uploads\/2024\/07\/1-1.webp\",\"width\":1200,\"height\":1200},{\"@type\":\"BreadcrumbList\",\"@id\":\"https:\/\/melanin.md\/produs\/8-set-everyday\/#breadcrumb\",\"itemListElement\":[{\"@type\":\"ListItem\",\"position\":1,\"name\":\"Prima pagin\u0103\",\"item\":\"https:\/\/melanin.md\/\"},{\"@type\":\"ListItem\",\"position\":2,\"name\":\"Produse\",\"item\":\"https:\/\/melanin.md\/shop\/\"},{\"@type\":\"ListItem\",\"position\":3,\"name\":\"#8 Set EVERYDAY\"}]},{\"@type\":\"WebSite\",\"@id\":\"https:\/\/melanin.md\/#website\",\"url\":\"https:\/\/melanin.md\/\",\"name\":\"Melanin Cosmetics\",\"description\":\"\u00cen fabric\u0103 producem cosmetice, \u00een magazine vindem speran\u021b\u0103.\",\"publisher\":{\"@id\":\"https:\/\/melanin.md\/#organization\"},\"potentialAction\":[{\"@type\":\"SearchAction\",\"target\":{\"@type\":\"EntryPoint\",\"urlTemplate\":\"https:\/\/melanin.md\/?s={search_term_string}\"},\"query-input\":{\"@type\":\"PropertyValueSpecification\",\"valueRequired\":true,\"valueName\":\"search_term_string\"}}],\"inLanguage\":\"ru-RU\"},{\"@type\":\"Organization\",\"@id\":\"https:\/\/melanin.md\/#organization\",\"name\":\"Melanin Cosmetics\",\"url\":\"https:\/\/melanin.md\/\",\"logo\":{\"@type\":\"ImageObject\",\"inLanguage\":\"ru-RU\",\"@id\":\"https:\/\/melanin.md\/#\/schema\/logo\/image\/\",\"url\":\"https:\/\/melanin.md\/wp-content\/uploads\/2023\/06\/cropped-SM-2-1.png\",\"contentUrl\":\"https:\/\/melanin.md\/wp-content\/uploads\/2023\/06\/cropped-SM-2-1.png\",\"width\":512,\"height\":512,\"caption\":\"Melanin Cosmetics\"},\"image\":{\"@id\":\"https:\/\/melanin.md\/#\/schema\/logo\/image\/\"}}]}<\/script>\n<!-- \/ Yoast SEO plugin. -->","yoast_head_json":{"title":"#8 Set EVERYDAY - Melanin Cosmetics","robots":{"index":"index","follow":"follow","max-snippet":"max-snippet:-1","max-image-preview":"max-image-preview:large","max-video-preview":"max-video-preview:-1"},"canonical":"https:\/\/melanin.md\/ru\/product\/8-set-everyday\/","og_locale":"ru_RU","og_type":"article","og_title":"#8 Set EVERYDAY - Melanin Cosmetics","og_description":"Set zi de zi","og_url":"https:\/\/melanin.md\/ru\/product\/8-set-everyday\/","og_site_name":"Melanin Cosmetics","article_modified_time":"2025-06-13T07:40:48+00:00","og_image":[{"width":1200,"height":1200,"url":"https:\/\/melanin.md\/wp-content\/uploads\/2024\/07\/1-1.webp","type":"image\/webp"}],"twitter_card":"summary_large_image","schema":{"@context":"https:\/\/schema.org","@graph":[{"@type":"WebPage","@id":"https:\/\/melanin.md\/produs\/8-set-everyday\/","url":"https:\/\/melanin.md\/produs\/8-set-everyday\/","name":"#8 Set EVERYDAY - Melanin Cosmetics","isPartOf":{"@id":"https:\/\/melanin.md\/#website"},"primaryImageOfPage":{"@id":"https:\/\/melanin.md\/produs\/8-set-everyday\/#primaryimage"},"image":{"@id":"https:\/\/melanin.md\/produs\/8-set-everyday\/#primaryimage"},"thumbnailUrl":"https:\/\/melanin.md\/wp-content\/uploads\/2024\/07\/1-1.webp","datePublished":"2023-03-02T14:32:52+00:00","dateModified":"2025-06-13T07:40:48+00:00","breadcrumb":{"@id":"https:\/\/melanin.md\/produs\/8-set-everyday\/#breadcrumb"},"inLanguage":"ru-RU","potentialAction":[{"@type":"ReadAction","target":["https:\/\/melanin.md\/produs\/8-set-everyday\/"]}]},{"@type":"ImageObject","inLanguage":"ru-RU","@id":"https:\/\/melanin.md\/produs\/8-set-everyday\/#primaryimage","url":"https:\/\/melanin.md\/wp-content\/uploads\/2024\/07\/1-1.webp","contentUrl":"https:\/\/melanin.md\/wp-content\/uploads\/2024\/07\/1-1.webp","width":1200,"height":1200},{"@type":"BreadcrumbList","@id":"https:\/\/melanin.md\/produs\/8-set-everyday\/#breadcrumb","itemListElement":[{"@type":"ListItem","position":1,"name":"Prima pagin\u0103","item":"https:\/\/melanin.md\/"},{"@type":"ListItem","position":2,"name":"Produse","item":"https:\/\/melanin.md\/shop\/"},{"@type":"ListItem","position":3,"name":"#8 Set EVERYDAY"}]},{"@type":"WebSite","@id":"https:\/\/melanin.md\/#website","url":"https:\/\/melanin.md\/","name":"Melanin Cosmetics","description":"\u00cen fabric\u0103 producem cosmetice, \u00een magazine vindem speran\u021b\u0103.","publisher":{"@id":"https:\/\/melanin.md\/#organization"},"potentialAction":[{"@type":"SearchAction","target":{"@type":"EntryPoint","urlTemplate":"https:\/\/melanin.md\/?s={search_term_string}"},"query-input":{"@type":"PropertyValueSpecification","valueRequired":true,"valueName":"search_term_string"}}],"inLanguage":"ru-RU"},{"@type":"Organization","@id":"https:\/\/melanin.md\/#organization","name":"Melanin Cosmetics","url":"https:\/\/melanin.md\/","logo":{"@type":"ImageObject","inLanguage":"ru-RU","@id":"https:\/\/melanin.md\/#\/schema\/logo\/image\/","url":"https:\/\/melanin.md\/wp-content\/uploads\/2023\/06\/cropped-SM-2-1.png","contentUrl":"https:\/\/melanin.md\/wp-content\/uploads\/2023\/06\/cropped-SM-2-1.png","width":512,"height":512,"caption":"Melanin Cosmetics"},"image":{"@id":"https:\/\/melanin.md\/#\/schema\/logo\/image\/"}}]}},"_links":{"self":[{"href":"https:\/\/melanin.md\/ru\/wp-json\/wp\/v2\/product\/15228","targetHints":{"allow":["GET"]}}],"collection":[{"href":"https:\/\/melanin.md\/ru\/wp-json\/wp\/v2\/product"}],"about":[{"href":"https:\/\/melanin.md\/ru\/wp-json\/wp\/v2\/types\/product"}],"version-history":[{"count":1,"href":"https:\/\/melanin.md\/ru\/wp-json\/wp\/v2\/product\/15228\/revisions"}],"predecessor-version":[{"id":23071,"href":"https:\/\/melanin.md\/ru\/wp-json\/wp\/v2\/product\/15228\/revisions\/23071"}],"wp:featuredmedia":[{"embeddable":true,"href":"https:\/\/melanin.md\/ru\/wp-json\/wp\/v2\/media\/22968"}],"wp:attachment":[{"href":"https:\/\/melanin.md\/ru\/wp-json\/wp\/v2\/media?parent=15228"}],"wp:term":[{"taxonomy":"product_brand","embeddable":true,"href":"https:\/\/melanin.md\/ru\/wp-json\/wp\/v2\/product_brand?post=15228"},{"taxonomy":"product_cat","embeddable":true,"href":"https:\/\/melanin.md\/ru\/wp-json\/wp\/v2\/product_cat?post=15228"},{"taxonomy":"product_tag","embeddable":true,"href":"https:\/\/melanin.md\/ru\/wp-json\/wp\/v2\/product_tag?post=15228"}],"curies":[{"name":"wp","href":"https:\/\/api.w.org\/{rel}","templated":true}]}}