{"id":16672,"date":"2023-08-14T14:41:30","date_gmt":"2023-08-14T12:41:30","guid":{"rendered":"https:\/\/melanin.md\/?post_type=product&#038;p=16672"},"modified":"2025-08-08T10:43:51","modified_gmt":"2025-08-08T08:43:51","slug":"kholo-divine-spectrum","status":"publish","type":"product","link":"https:\/\/melanin.md\/ru\/product\/kholo-divine-spectrum\/","title":{"rendered":"KHOLO Divine Spectrum"},"content":{"rendered":"<p class=\" translation-block\">\u0411\u043b\u0430\u0433\u043e\u0434\u0430\u0440\u044f \u043d\u0430\u0448\u0435\u043c\u0443 \u0438\u043d\u043d\u043e\u0432\u0430\u0446\u0438\u043e\u043d\u043d\u043e\u043c\u0443 \u044d\u043a\u0432\u0438\u043c\u043e\u043b\u044f\u0440\u043d\u043e\u043c\u0443 \u043f\u0440\u043e\u0438\u0437\u0432\u043e\u0434\u0441\u0442\u0432\u0435\u043d\u043d\u043e\u043c\u0443 \u043f\u0440\u043e\u0446\u0435\u0441\u0441\u0443 \u043c\u044b \u043f\u0440\u043e\u0438\u0437\u0432\u043e\u0434\u0438\u043c \u0441\u0431\u0430\u043b\u0430\u043d\u0441\u0438\u0440\u043e\u0432\u0430\u043d\u043d\u0443\u044e, \u043e\u043f\u0442\u0438\u043c\u0430\u043b\u044c\u043d\u0443\u044e \u0441\u043c\u0435\u0441\u044c <strong>\u041f\u0420\u041e\u041c\u0415\u0416\u0423\u0422\u041e\u0427\u041d\u041e\u0413\u041e \u0426\u0412\u0415\u0422\u0410<\/strong> <strong>\u041e\u0421\u041d\u041e\u0412\u041d\u041e\u0413\u041e \u0426\u0412\u0415\u0422\u0410<\/strong> \u0438 <strong>\u041e\u041f\u0423\u041b\u042f\u041d\u0422\u041d\u041e\u0413\u041e \u0426\u0412\u0415\u0422\u0410<\/strong>, \u0441\u043e\u0437\u0434\u0430\u0432\u0430\u044f \u0438\u0434\u0435\u0430\u043b\u044c\u043d\u043e \u043f\u043e\u043b\u0438\u0440\u043e\u0432\u0430\u043d\u043d\u0443\u044e \u043a\u043e\u0441\u043c\u0435\u0442\u0438\u0447\u0435\u0441\u043a\u0443\u044e \u0442\u0435\u043a\u0441\u0442\u0443\u0440\u0443. \u0431\u0435\u0437 \u0438\u0437\u043c\u0435\u043d\u0435\u043d\u0438\u0439 \u0441\u0442\u0430\u0431\u0438\u043b\u044c\u043d\u043e\u0441\u0442\u0438. \u0420\u0435\u0437\u0443\u043b\u044c\u0442\u0430\u0442 \u2013 \u0431\u0435\u0437\u0443\u043f\u0440\u0435\u0447\u043d\u044b\u0439 \u0441\u043e\u0441\u0442\u0430\u0432 \u0431\u043e\u043b\u0435\u0435 \u0431\u0435\u0437\u043e\u043f\u0430\u0441\u043d\u043e\u0433\u043e \u043a\u0440\u0435\u043c-\u043a\u0440\u0430\u0441\u0438\u0442\u0435\u043b\u044f, \u0431\u0435\u0437 \u0440\u0430\u0441\u0441\u043b\u0430\u0438\u0432\u0430\u043d\u0438\u044f \u0438 \u043e\u0442\u043b\u043e\u0436\u0435\u043d\u0438\u0439. \u0426\u0432\u0435\u0442\u043e\u0432\u044b\u0435 \u0440\u0435\u0437\u0443\u043b\u044c\u0442\u0430\u0442\u044b \u0441\u0442\u0430\u043d\u043e\u0432\u044f\u0442\u0441\u044f \u0431\u043e\u043b\u0435\u0435 \u044f\u0440\u043a\u0438\u043c\u0438, \u044f\u0440\u043a\u0438\u043c\u0438, \u0434\u043e\u043b\u0433\u043e\u0432\u0435\u0447\u043d\u044b\u043c\u0438 \u0438 \u0447\u0440\u0435\u0437\u0432\u044b\u0447\u0430\u0439\u043d\u043e \u0441\u0442\u0430\u0431\u0438\u043b\u044c\u043d\u044b\u043c\u0438 \u0431\u043b\u0430\u0433\u043e\u0434\u0430\u0440\u044f \u0440\u0430\u0437\u043d\u043e\u043e\u0431\u0440\u0430\u0437\u043d\u044b\u043c \u043f\u0440\u0438\u043c\u0435\u043d\u0435\u043d\u0438\u044f\u043c \u0441 \u043d\u0443\u043b\u0435\u0432\u043e\u0439 \u0442\u043e\u043a\u0441\u0438\u0447\u043d\u043e\u0441\u0442\u044c\u044e \u0432\u043e \u0432\u0440\u0435\u043c\u044f \u043f\u0440\u0438\u043c\u0435\u043d\u0435\u043d\u0438\u044f \u0438 \u043c\u0438\u043d\u0438\u043c\u0430\u043b\u044c\u043d\u044b\u043c \u0430\u043b\u043b\u0435\u0440\u0433\u0438\u0447\u0435\u0441\u043a\u0438\u043c \u0432\u043e\u0437\u0434\u0435\u0439\u0441\u0442\u0432\u0438\u0435\u043c \u043d\u0430 \u043e\u0440\u0433\u0430\u043d\u0438\u0437\u043c.<\/p>\n<p class=\" translation-block\"><strong>\u041a\u0410\u041a \u0418\u0421\u041f\u041e\u041b\u042c\u0417\u041e\u0412\u0410\u0422\u042c<\/strong>: \u0432 \u043d\u0435\u043c\u0435\u0442\u0430\u043b\u043b\u0438\u0447\u0435\u0441\u043a\u043e\u043c \u043a\u043e\u043d\u0442\u0435\u0439\u043d\u0435\u0440\u0435 \u0441\u043c\u0435\u0448\u0430\u0439\u0442\u0435 \u043e\u0434\u043d\u0443 \u0447\u0430\u0441\u0442\u044c \u043a\u0440\u0430\u0441\u0438\u0442\u0435\u043b\u044f \u0441 \u043f\u043e\u043b\u0443\u0442\u043e\u0440\u0430 \u0447\u0430\u0441\u0442\u044f\u043c\u0438 \u044d\u043c\u0443\u043b\u044c\u0441\u0438\u043e\u043d\u043d\u043e\u0433\u043e \u043e\u043a\u0438\u0441\u043b\u0438\u0442\u0435\u043b\u044f. \u041e\u0442\u0442\u0435\u043d\u043a\u0438 Special Blond \u0441\u043c\u0435\u0448\u0438\u0432\u0430\u044e\u0442\u0441\u044f \u0432 \u0441\u043e\u043e\u0442\u043d\u043e\u0448\u0435\u043d\u0438\u0438: 1:2 \u0441 \u043e\u043a\u0438\u0441\u043b\u0438\u0442\u0435\u043b\u0435\u043c \u0432 \u044d\u043c\u0443\u043b\u044c\u0441\u0438\u0438. \u0414\u043b\u044f \u0440\u0430\u0431\u043e\u0442\u044b \u0441 \u0441\u0435\u0434\u0438\u043d\u043e\u0439 \u0441\u043e\u043e\u0442\u043d\u043e\u0448\u0435\u043d\u0438\u0435 1:1.<\/p>","protected":false},"excerpt":{"rendered":"<p>\u0411\u043b\u0430\u0433\u043e\u0434\u0430\u0440\u044f \u043d\u0430\u0448\u0435\u043c\u0443 \u0438\u043d\u043d\u043e\u0432\u0430\u0446\u0438\u043e\u043d\u043d\u043e\u043c\u0443 \u044d\u043a\u0432\u0438\u043c\u043e\u043b\u044f\u0440\u043d\u043e\u043c\u0443 \u043f\u0440\u043e\u0438\u0437\u0432\u043e\u0434\u0441\u0442\u0432\u0435\u043d\u043d\u043e\u043c\u0443 \u043f\u0440\u043e\u0446\u0435\u0441\u0441\u0443 \u043c\u044b \u043f\u0440\u043e\u0438\u0437\u0432\u043e\u0434\u0438\u043c \u0441\u0431\u0430\u043b\u0430\u043d\u0441\u0438\u0440\u043e\u0432\u0430\u043d\u043d\u0443\u044e, \u043e\u043f\u0442\u0438\u043c\u0430\u043b\u044c\u043d\u0443\u044e \u0441\u043c\u0435\u0441\u044c \u041f\u0415\u0420\u0412\u0418\u0427\u041d\u041e\u0413\u041e \u041f\u0420\u041e\u041c\u0415\u0416\u0423\u0422\u041e\u0427\u041d\u041e\u0413\u041e \u0426\u0412\u0415\u0422\u0410 \u0438 \u0421\u041e\u0414\u0415\u0420\u0416\u0410\u0429\u0415\u0413\u041e \u0426\u0412\u0415\u0422\u0410,<\/p>","protected":false},"featured_media":22821,"template":"","meta":[],"product_brand":[],"product_cat":[83,1559,1572,79],"product_tag":[1553],"class_list":{"0":"post-16672","1":"product","2":"type-product","3":"status-publish","4":"has-post-thumbnail","6":"product_cat-vopsea-si-oxidant","7":"product_cat-kholo-beauty","8":"product_cat-kholo-color-pentru-colorarea-parului","9":"product_cat-toate","10":"product_tag-kholocolor","12":"first","13":"instock","14":"sale","15":"shipping-taxable","16":"purchasable","17":"product-type-variable"},"yoast_head":"<!-- This site is optimized with the Yoast SEO plugin v27.0 - https:\/\/yoast.com\/product\/yoast-seo-wordpress\/ -->\n<title>KHOLO Divine Spectrum - Melanin Cosmetics<\/title>\n<meta name=\"robots\" content=\"index, follow, max-snippet:-1, max-image-preview:large, max-video-preview:-1\" \/>\n<link rel=\"canonical\" href=\"https:\/\/melanin.md\/ru\/product\/kholo-divine-spectrum\/\" \/>\n<meta property=\"og:locale\" content=\"ru_RU\" \/>\n<meta property=\"og:type\" content=\"article\" \/>\n<meta property=\"og:title\" content=\"KHOLO Divine Spectrum - Melanin Cosmetics\" \/>\n<meta property=\"og:description\" content=\"Prin procesul nostru inovator de fabrica\u021bie echimolar\u0103, producem un amestec echilibrat, optim de CULOARE INTERMEDIAR\u0102 PRIM\u0102R\u0102 \u0219i CULOARE C OPULANT\u0102,\" \/>\n<meta property=\"og:url\" content=\"https:\/\/melanin.md\/ru\/product\/kholo-divine-spectrum\/\" \/>\n<meta property=\"og:site_name\" content=\"Melanin Cosmetics\" \/>\n<meta property=\"article:modified_time\" content=\"2025-08-08T08:43:51+00:00\" \/>\n<meta property=\"og:image\" content=\"https:\/\/melanin.md\/wp-content\/uploads\/2024\/07\/93.webp\" \/>\n\t<meta property=\"og:image:width\" content=\"800\" \/>\n\t<meta property=\"og:image:height\" content=\"800\" \/>\n\t<meta property=\"og:image:type\" content=\"image\/webp\" \/>\n<meta name=\"twitter:card\" content=\"summary_large_image\" \/>\n<meta name=\"twitter:label1\" content=\"\u041f\u0440\u0438\u043c\u0435\u0440\u043d\u043e\u0435 \u0432\u0440\u0435\u043c\u044f \u0434\u043b\u044f \u0447\u0442\u0435\u043d\u0438\u044f\" \/>\n\t<meta name=\"twitter:data1\" content=\"1 \u043c\u0438\u043d\u0443\u0442\u0430\" \/>\n<script type=\"application\/ld+json\" class=\"yoast-schema-graph\">{\"@context\":\"https:\/\/schema.org\",\"@graph\":[{\"@type\":\"WebPage\",\"@id\":\"https:\/\/melanin.md\/produs\/kholo-divine-spectrum\/\",\"url\":\"https:\/\/melanin.md\/produs\/kholo-divine-spectrum\/\",\"name\":\"KHOLO Divine Spectrum - Melanin Cosmetics\",\"isPartOf\":{\"@id\":\"https:\/\/melanin.md\/#website\"},\"primaryImageOfPage\":{\"@id\":\"https:\/\/melanin.md\/produs\/kholo-divine-spectrum\/#primaryimage\"},\"image\":{\"@id\":\"https:\/\/melanin.md\/produs\/kholo-divine-spectrum\/#primaryimage\"},\"thumbnailUrl\":\"https:\/\/melanin.md\/wp-content\/uploads\/2024\/07\/93.webp\",\"datePublished\":\"2023-08-14T12:41:30+00:00\",\"dateModified\":\"2025-08-08T08:43:51+00:00\",\"breadcrumb\":{\"@id\":\"https:\/\/melanin.md\/produs\/kholo-divine-spectrum\/#breadcrumb\"},\"inLanguage\":\"ru-RU\",\"potentialAction\":[{\"@type\":\"ReadAction\",\"target\":[\"https:\/\/melanin.md\/produs\/kholo-divine-spectrum\/\"]}]},{\"@type\":\"ImageObject\",\"inLanguage\":\"ru-RU\",\"@id\":\"https:\/\/melanin.md\/produs\/kholo-divine-spectrum\/#primaryimage\",\"url\":\"https:\/\/melanin.md\/wp-content\/uploads\/2024\/07\/93.webp\",\"contentUrl\":\"https:\/\/melanin.md\/wp-content\/uploads\/2024\/07\/93.webp\",\"width\":800,\"height\":800},{\"@type\":\"BreadcrumbList\",\"@id\":\"https:\/\/melanin.md\/produs\/kholo-divine-spectrum\/#breadcrumb\",\"itemListElement\":[{\"@type\":\"ListItem\",\"position\":1,\"name\":\"Prima pagin\u0103\",\"item\":\"https:\/\/melanin.md\/\"},{\"@type\":\"ListItem\",\"position\":2,\"name\":\"Produse\",\"item\":\"https:\/\/melanin.md\/shop\/\"},{\"@type\":\"ListItem\",\"position\":3,\"name\":\"KHOLO Divine Spectrum\"}]},{\"@type\":\"WebSite\",\"@id\":\"https:\/\/melanin.md\/#website\",\"url\":\"https:\/\/melanin.md\/\",\"name\":\"Melanin Cosmetics\",\"description\":\"\u00cen fabric\u0103 producem cosmetice, \u00een magazine vindem speran\u021b\u0103.\",\"publisher\":{\"@id\":\"https:\/\/melanin.md\/#organization\"},\"potentialAction\":[{\"@type\":\"SearchAction\",\"target\":{\"@type\":\"EntryPoint\",\"urlTemplate\":\"https:\/\/melanin.md\/?s={search_term_string}\"},\"query-input\":{\"@type\":\"PropertyValueSpecification\",\"valueRequired\":true,\"valueName\":\"search_term_string\"}}],\"inLanguage\":\"ru-RU\"},{\"@type\":\"Organization\",\"@id\":\"https:\/\/melanin.md\/#organization\",\"name\":\"Melanin Cosmetics\",\"url\":\"https:\/\/melanin.md\/\",\"logo\":{\"@type\":\"ImageObject\",\"inLanguage\":\"ru-RU\",\"@id\":\"https:\/\/melanin.md\/#\/schema\/logo\/image\/\",\"url\":\"https:\/\/melanin.md\/wp-content\/uploads\/2023\/06\/cropped-SM-2-1.png\",\"contentUrl\":\"https:\/\/melanin.md\/wp-content\/uploads\/2023\/06\/cropped-SM-2-1.png\",\"width\":512,\"height\":512,\"caption\":\"Melanin Cosmetics\"},\"image\":{\"@id\":\"https:\/\/melanin.md\/#\/schema\/logo\/image\/\"}}]}<\/script>\n<!-- \/ Yoast SEO plugin. -->","yoast_head_json":{"title":"KHOLO Divine Spectrum - Melanin Cosmetics","robots":{"index":"index","follow":"follow","max-snippet":"max-snippet:-1","max-image-preview":"max-image-preview:large","max-video-preview":"max-video-preview:-1"},"canonical":"https:\/\/melanin.md\/ru\/product\/kholo-divine-spectrum\/","og_locale":"ru_RU","og_type":"article","og_title":"KHOLO Divine Spectrum - Melanin Cosmetics","og_description":"Prin procesul nostru inovator de fabrica\u021bie echimolar\u0103, producem un amestec echilibrat, optim de CULOARE INTERMEDIAR\u0102 PRIM\u0102R\u0102 \u0219i CULOARE C OPULANT\u0102,","og_url":"https:\/\/melanin.md\/ru\/product\/kholo-divine-spectrum\/","og_site_name":"Melanin Cosmetics","article_modified_time":"2025-08-08T08:43:51+00:00","og_image":[{"width":800,"height":800,"url":"https:\/\/melanin.md\/wp-content\/uploads\/2024\/07\/93.webp","type":"image\/webp"}],"twitter_card":"summary_large_image","twitter_misc":{"\u041f\u0440\u0438\u043c\u0435\u0440\u043d\u043e\u0435 \u0432\u0440\u0435\u043c\u044f \u0434\u043b\u044f \u0447\u0442\u0435\u043d\u0438\u044f":"1 \u043c\u0438\u043d\u0443\u0442\u0430"},"schema":{"@context":"https:\/\/schema.org","@graph":[{"@type":"WebPage","@id":"https:\/\/melanin.md\/produs\/kholo-divine-spectrum\/","url":"https:\/\/melanin.md\/produs\/kholo-divine-spectrum\/","name":"KHOLO Divine Spectrum - Melanin Cosmetics","isPartOf":{"@id":"https:\/\/melanin.md\/#website"},"primaryImageOfPage":{"@id":"https:\/\/melanin.md\/produs\/kholo-divine-spectrum\/#primaryimage"},"image":{"@id":"https:\/\/melanin.md\/produs\/kholo-divine-spectrum\/#primaryimage"},"thumbnailUrl":"https:\/\/melanin.md\/wp-content\/uploads\/2024\/07\/93.webp","datePublished":"2023-08-14T12:41:30+00:00","dateModified":"2025-08-08T08:43:51+00:00","breadcrumb":{"@id":"https:\/\/melanin.md\/produs\/kholo-divine-spectrum\/#breadcrumb"},"inLanguage":"ru-RU","potentialAction":[{"@type":"ReadAction","target":["https:\/\/melanin.md\/produs\/kholo-divine-spectrum\/"]}]},{"@type":"ImageObject","inLanguage":"ru-RU","@id":"https:\/\/melanin.md\/produs\/kholo-divine-spectrum\/#primaryimage","url":"https:\/\/melanin.md\/wp-content\/uploads\/2024\/07\/93.webp","contentUrl":"https:\/\/melanin.md\/wp-content\/uploads\/2024\/07\/93.webp","width":800,"height":800},{"@type":"BreadcrumbList","@id":"https:\/\/melanin.md\/produs\/kholo-divine-spectrum\/#breadcrumb","itemListElement":[{"@type":"ListItem","position":1,"name":"Prima pagin\u0103","item":"https:\/\/melanin.md\/"},{"@type":"ListItem","position":2,"name":"Produse","item":"https:\/\/melanin.md\/shop\/"},{"@type":"ListItem","position":3,"name":"KHOLO Divine Spectrum"}]},{"@type":"WebSite","@id":"https:\/\/melanin.md\/#website","url":"https:\/\/melanin.md\/","name":"Melanin Cosmetics","description":"\u00cen fabric\u0103 producem cosmetice, \u00een magazine vindem speran\u021b\u0103.","publisher":{"@id":"https:\/\/melanin.md\/#organization"},"potentialAction":[{"@type":"SearchAction","target":{"@type":"EntryPoint","urlTemplate":"https:\/\/melanin.md\/?s={search_term_string}"},"query-input":{"@type":"PropertyValueSpecification","valueRequired":true,"valueName":"search_term_string"}}],"inLanguage":"ru-RU"},{"@type":"Organization","@id":"https:\/\/melanin.md\/#organization","name":"Melanin Cosmetics","url":"https:\/\/melanin.md\/","logo":{"@type":"ImageObject","inLanguage":"ru-RU","@id":"https:\/\/melanin.md\/#\/schema\/logo\/image\/","url":"https:\/\/melanin.md\/wp-content\/uploads\/2023\/06\/cropped-SM-2-1.png","contentUrl":"https:\/\/melanin.md\/wp-content\/uploads\/2023\/06\/cropped-SM-2-1.png","width":512,"height":512,"caption":"Melanin Cosmetics"},"image":{"@id":"https:\/\/melanin.md\/#\/schema\/logo\/image\/"}}]}},"_links":{"self":[{"href":"https:\/\/melanin.md\/ru\/wp-json\/wp\/v2\/product\/16672","targetHints":{"allow":["GET"]}}],"collection":[{"href":"https:\/\/melanin.md\/ru\/wp-json\/wp\/v2\/product"}],"about":[{"href":"https:\/\/melanin.md\/ru\/wp-json\/wp\/v2\/types\/product"}],"version-history":[{"count":1,"href":"https:\/\/melanin.md\/ru\/wp-json\/wp\/v2\/product\/16672\/revisions"}],"predecessor-version":[{"id":23026,"href":"https:\/\/melanin.md\/ru\/wp-json\/wp\/v2\/product\/16672\/revisions\/23026"}],"wp:featuredmedia":[{"embeddable":true,"href":"https:\/\/melanin.md\/ru\/wp-json\/wp\/v2\/media\/22821"}],"wp:attachment":[{"href":"https:\/\/melanin.md\/ru\/wp-json\/wp\/v2\/media?parent=16672"}],"wp:term":[{"taxonomy":"product_brand","embeddable":true,"href":"https:\/\/melanin.md\/ru\/wp-json\/wp\/v2\/product_brand?post=16672"},{"taxonomy":"product_cat","embeddable":true,"href":"https:\/\/melanin.md\/ru\/wp-json\/wp\/v2\/product_cat?post=16672"},{"taxonomy":"product_tag","embeddable":true,"href":"https:\/\/melanin.md\/ru\/wp-json\/wp\/v2\/product_tag?post=16672"}],"curies":[{"name":"wp","href":"https:\/\/api.w.org\/{rel}","templated":true}]}}