{"id":16946,"date":"2023-08-13T14:32:21","date_gmt":"2023-08-13T12:32:21","guid":{"rendered":"https:\/\/melanin.md\/?post_type=product&#038;p=16946"},"modified":"2025-02-11T09:56:26","modified_gmt":"2025-02-11T07:56:26","slug":"detox-nature-fresh-treatment-pre-shampoo","status":"publish","type":"product","link":"https:\/\/melanin.md\/ru\/product\/detox-nature-fresh-treatment-pre-shampoo\/","title":{"rendered":"Detox Nature Fresh Treatment Pre Shampoo"},"content":{"rendered":"<p>\u0414\u0435\u0442\u043e\u043a\u0441\u0438\u0444\u0438\u0446\u0438\u0440\u0443\u044e\u0449\u0435\u0435 \u0441\u0440\u0435\u0434\u0441\u0442\u0432\u043e \u043f\u0435\u0440\u0435\u0434 \u0448\u0430\u043c\u043f\u0443\u043d\u0435\u043c \u0434\u043b\u044f \u043f\u043e\u0432\u0440\u0435\u0436\u0434\u0435\u043d\u043d\u043e\u0439, \u0436\u0438\u0440\u043d\u043e\u0439 \u0438\u043b\u0438 \u0441\u043a\u043b\u043e\u043d\u043d\u043e\u0439 \u043a \u043f\u0435\u0440\u0445\u043e\u0442\u0438 \u043a\u043e\u0436\u0438 \u0433\u043e\u043b\u043e\u0432\u044b \u0438 \u0432\u043e\u043b\u043e\u0441. \u041e\u043d \u0432\u043e\u0441\u0441\u0442\u0430\u043d\u0430\u0432\u043b\u0438\u0432\u0430\u0435\u0442 \u0435\u0441\u0442\u0435\u0441\u0442\u0432\u0435\u043d\u043d\u044b\u0439 \u0431\u0438\u043e\u043b\u043e\u0433\u0438\u0447\u0435\u0441\u043a\u0438\u0439 \u0431\u0430\u043b\u0430\u043d\u0441, \u0443\u0434\u0430\u043b\u044f\u044f \u0437\u0430\u0433\u0440\u044f\u0437\u043d\u044f\u044e\u0449\u0438\u0435 \u0432\u0435\u0449\u0435\u0441\u0442\u0432\u0430 \u0438 \u043f\u0440\u0438\u043c\u0435\u0441\u0438, \u043a\u043e\u0442\u043e\u0440\u044b\u0435 \u0441\u0432\u044f\u0437\u044b\u0432\u0430\u044e\u0442 \u0442\u043e\u043a\u0441\u0438\u043d\u044b, \u0443\u043b\u0443\u0447\u0448\u0430\u044e\u0442 \u0441\u043e\u0441\u0442\u043e\u044f\u043d\u0438\u0435 \u043a\u043e\u0436\u0438 \u0433\u043e\u043b\u043e\u0432\u044b, \u0432\u043e\u0441\u0441\u0442\u0430\u043d\u0430\u0432\u043b\u0438\u0432\u0430\u044f \u043f\u0440\u0430\u0432\u0438\u043b\u044c\u043d\u043e\u0435 \u043a\u0440\u043e\u0432\u043e\u043e\u0431\u0440\u0430\u0449\u0435\u043d\u0438\u0435, \u0441\u043f\u043e\u0441\u043e\u0431\u0441\u0442\u0432\u0443\u044f \u043d\u0430\u0441\u044b\u0449\u0435\u043d\u0438\u044e \u043a\u0438\u0441\u043b\u043e\u0440\u043e\u0434\u043e\u043c \u0438 \u043f\u0438\u0442\u0430\u043d\u0438\u044e \u0432\u043e\u043b\u043e\u0441\u044f\u043d\u044b\u0445 \u0444\u043e\u043b\u043b\u0438\u043a\u0443\u043b\u043e\u0432. \u041e\u0431\u043b\u0430\u0434\u0430\u0435\u0442 \u043f\u0440\u043e\u0442\u0438\u0432\u043e\u0432\u043e\u0441\u043f\u0430\u043b\u0438\u0442\u0435\u043b\u044c\u043d\u044b\u043c\u0438, \u0430\u043d\u0442\u0438\u043e\u043a\u0441\u0438\u0434\u0430\u043d\u0442\u043d\u044b\u043c\u0438, \u0430\u043d\u0442\u0438\u0441\u0435\u043f\u0442\u0438\u0447\u0435\u0441\u043a\u0438\u043c\u0438 \u0438 \u0432\u044f\u0436\u0443\u0449\u0438\u043c\u0438 \u0441\u0432\u043e\u0439\u0441\u0442\u0432\u0430\u043c\u0438, \u043e\u0441\u0442\u0430\u0432\u043b\u044f\u044f \u0441\u0432\u0435\u0436\u0438\u0439 \u043e\u0445\u043b\u0430\u0436\u0434\u0430\u044e\u0449\u0438\u0439 \u044d\u0444\u0444\u0435\u043a\u0442.<\/p>\n<p><strong>\u0421\u041f\u041e\u0421\u041e\u0411 \u041f\u0420\u0418\u041c\u0415\u041d\u0415\u041d\u0418\u042f<\/strong>: \u041d\u0430\u043d\u0435\u0441\u0438\u0442\u0435 \u043d\u0430 \u0442\u0435\u043f\u043b\u0443\u044e, \u0432\u043b\u0430\u0436\u043d\u0443\u044e \u043a\u043e\u0436\u0443 \u0433\u043e\u043b\u043e\u0432\u044b \u0438 \u0432\u043e\u043b\u043e\u0441\u044b, \u043c\u044f\u0433\u043a\u043e \u043f\u043e\u043c\u0430\u0441\u0441\u0438\u0440\u0443\u0439\u0442\u0435 \u0434\u043b\u044f \u0440\u0430\u0432\u043d\u043e\u043c\u0435\u0440\u043d\u043e\u0433\u043e \u0440\u0430\u0441\u043f\u0440\u0435\u0434\u0435\u043b\u0435\u043d\u0438\u044f. \u041e\u0441\u0442\u0430\u0432\u044c\u0442\u0435 \u043d\u0430 \u043c\u0435\u0441\u0442\u0435 \u043d\u0430 3-5 \u043c\u0438\u043d\u0443\u0442.<\/p>","protected":false},"excerpt":{"rendered":"<p>Un tratament detoxifiant \u00eenainte de \u0219ampon pentru scalpul \u0219i p\u0103rul stresat, gras sau predispus la m\u0103trea\u021b\u0103. Restabile\u0219te echilibrul biologic natural<\/p>","protected":false},"featured_media":22816,"template":"","meta":[],"product_brand":[],"product_cat":[80,1559,1574,79],"product_tag":[],"class_list":{"0":"post-16946","1":"product","2":"type-product","3":"status-publish","4":"has-post-thumbnail","6":"product_cat-sampon","7":"product_cat-kholo-beauty","8":"product_cat-kholo-care-pentru-curatarea-intensiva-a-parului","9":"product_cat-toate","11":"first","12":"instock","13":"sale","14":"shipping-taxable","15":"purchasable","16":"product-type-simple"},"yoast_head":"<!-- This site is optimized with the Yoast SEO plugin v27.0 - https:\/\/yoast.com\/product\/yoast-seo-wordpress\/ -->\n<title>Detox Nature Fresh Treatment Pre Shampoo - Melanin Cosmetics<\/title>\n<meta name=\"robots\" content=\"index, follow, max-snippet:-1, max-image-preview:large, max-video-preview:-1\" \/>\n<link rel=\"canonical\" href=\"https:\/\/melanin.md\/ru\/product\/detox-nature-fresh-treatment-pre-shampoo\/\" \/>\n<meta property=\"og:locale\" content=\"ru_RU\" \/>\n<meta property=\"og:type\" content=\"article\" \/>\n<meta property=\"og:title\" content=\"Detox Nature Fresh Treatment Pre Shampoo - Melanin Cosmetics\" \/>\n<meta property=\"og:description\" content=\"Un tratament detoxifiant \u00eenainte de \u0219ampon pentru scalpul \u0219i p\u0103rul stresat, gras sau predispus la m\u0103trea\u021b\u0103. Restabile\u0219te echilibrul biologic natural\" \/>\n<meta property=\"og:url\" content=\"https:\/\/melanin.md\/ru\/product\/detox-nature-fresh-treatment-pre-shampoo\/\" \/>\n<meta property=\"og:site_name\" content=\"Melanin Cosmetics\" \/>\n<meta property=\"article:modified_time\" content=\"2025-02-11T07:56:26+00:00\" \/>\n<meta property=\"og:image\" content=\"https:\/\/melanin.md\/wp-content\/uploads\/2024\/07\/88.webp\" \/>\n\t<meta property=\"og:image:width\" content=\"800\" \/>\n\t<meta property=\"og:image:height\" content=\"800\" \/>\n\t<meta property=\"og:image:type\" content=\"image\/webp\" \/>\n<meta name=\"twitter:card\" content=\"summary_large_image\" \/>\n<meta name=\"twitter:label1\" content=\"\u041f\u0440\u0438\u043c\u0435\u0440\u043d\u043e\u0435 \u0432\u0440\u0435\u043c\u044f \u0434\u043b\u044f \u0447\u0442\u0435\u043d\u0438\u044f\" \/>\n\t<meta name=\"twitter:data1\" content=\"1 \u043c\u0438\u043d\u0443\u0442\u0430\" \/>\n<script type=\"application\/ld+json\" class=\"yoast-schema-graph\">{\"@context\":\"https:\/\/schema.org\",\"@graph\":[{\"@type\":\"WebPage\",\"@id\":\"https:\/\/melanin.md\/produs\/detox-nature-fresh-treatment-pre-shampoo\/\",\"url\":\"https:\/\/melanin.md\/produs\/detox-nature-fresh-treatment-pre-shampoo\/\",\"name\":\"Detox Nature Fresh Treatment Pre Shampoo - Melanin Cosmetics\",\"isPartOf\":{\"@id\":\"https:\/\/melanin.md\/#website\"},\"primaryImageOfPage\":{\"@id\":\"https:\/\/melanin.md\/produs\/detox-nature-fresh-treatment-pre-shampoo\/#primaryimage\"},\"image\":{\"@id\":\"https:\/\/melanin.md\/produs\/detox-nature-fresh-treatment-pre-shampoo\/#primaryimage\"},\"thumbnailUrl\":\"https:\/\/melanin.md\/wp-content\/uploads\/2024\/07\/88.webp\",\"datePublished\":\"2023-08-13T12:32:21+00:00\",\"dateModified\":\"2025-02-11T07:56:26+00:00\",\"breadcrumb\":{\"@id\":\"https:\/\/melanin.md\/produs\/detox-nature-fresh-treatment-pre-shampoo\/#breadcrumb\"},\"inLanguage\":\"ru-RU\",\"potentialAction\":[{\"@type\":\"ReadAction\",\"target\":[\"https:\/\/melanin.md\/produs\/detox-nature-fresh-treatment-pre-shampoo\/\"]}]},{\"@type\":\"ImageObject\",\"inLanguage\":\"ru-RU\",\"@id\":\"https:\/\/melanin.md\/produs\/detox-nature-fresh-treatment-pre-shampoo\/#primaryimage\",\"url\":\"https:\/\/melanin.md\/wp-content\/uploads\/2024\/07\/88.webp\",\"contentUrl\":\"https:\/\/melanin.md\/wp-content\/uploads\/2024\/07\/88.webp\",\"width\":800,\"height\":800},{\"@type\":\"BreadcrumbList\",\"@id\":\"https:\/\/melanin.md\/produs\/detox-nature-fresh-treatment-pre-shampoo\/#breadcrumb\",\"itemListElement\":[{\"@type\":\"ListItem\",\"position\":1,\"name\":\"Prima pagin\u0103\",\"item\":\"https:\/\/melanin.md\/\"},{\"@type\":\"ListItem\",\"position\":2,\"name\":\"Produse\",\"item\":\"https:\/\/melanin.md\/shop\/\"},{\"@type\":\"ListItem\",\"position\":3,\"name\":\"Detox Nature Fresh Treatment Pre Shampoo\"}]},{\"@type\":\"WebSite\",\"@id\":\"https:\/\/melanin.md\/#website\",\"url\":\"https:\/\/melanin.md\/\",\"name\":\"Melanin Cosmetics\",\"description\":\"\u00cen fabric\u0103 producem cosmetice, \u00een magazine vindem speran\u021b\u0103.\",\"publisher\":{\"@id\":\"https:\/\/melanin.md\/#organization\"},\"potentialAction\":[{\"@type\":\"SearchAction\",\"target\":{\"@type\":\"EntryPoint\",\"urlTemplate\":\"https:\/\/melanin.md\/?s={search_term_string}\"},\"query-input\":{\"@type\":\"PropertyValueSpecification\",\"valueRequired\":true,\"valueName\":\"search_term_string\"}}],\"inLanguage\":\"ru-RU\"},{\"@type\":\"Organization\",\"@id\":\"https:\/\/melanin.md\/#organization\",\"name\":\"Melanin Cosmetics\",\"url\":\"https:\/\/melanin.md\/\",\"logo\":{\"@type\":\"ImageObject\",\"inLanguage\":\"ru-RU\",\"@id\":\"https:\/\/melanin.md\/#\/schema\/logo\/image\/\",\"url\":\"https:\/\/melanin.md\/wp-content\/uploads\/2023\/06\/cropped-SM-2-1.png\",\"contentUrl\":\"https:\/\/melanin.md\/wp-content\/uploads\/2023\/06\/cropped-SM-2-1.png\",\"width\":512,\"height\":512,\"caption\":\"Melanin Cosmetics\"},\"image\":{\"@id\":\"https:\/\/melanin.md\/#\/schema\/logo\/image\/\"}}]}<\/script>\n<!-- \/ Yoast SEO plugin. -->","yoast_head_json":{"title":"Detox Nature Fresh Treatment Pre Shampoo - Melanin Cosmetics","robots":{"index":"index","follow":"follow","max-snippet":"max-snippet:-1","max-image-preview":"max-image-preview:large","max-video-preview":"max-video-preview:-1"},"canonical":"https:\/\/melanin.md\/ru\/product\/detox-nature-fresh-treatment-pre-shampoo\/","og_locale":"ru_RU","og_type":"article","og_title":"Detox Nature Fresh Treatment Pre Shampoo - Melanin Cosmetics","og_description":"Un tratament detoxifiant \u00eenainte de \u0219ampon pentru scalpul \u0219i p\u0103rul stresat, gras sau predispus la m\u0103trea\u021b\u0103. Restabile\u0219te echilibrul biologic natural","og_url":"https:\/\/melanin.md\/ru\/product\/detox-nature-fresh-treatment-pre-shampoo\/","og_site_name":"Melanin Cosmetics","article_modified_time":"2025-02-11T07:56:26+00:00","og_image":[{"width":800,"height":800,"url":"https:\/\/melanin.md\/wp-content\/uploads\/2024\/07\/88.webp","type":"image\/webp"}],"twitter_card":"summary_large_image","twitter_misc":{"\u041f\u0440\u0438\u043c\u0435\u0440\u043d\u043e\u0435 \u0432\u0440\u0435\u043c\u044f \u0434\u043b\u044f \u0447\u0442\u0435\u043d\u0438\u044f":"1 \u043c\u0438\u043d\u0443\u0442\u0430"},"schema":{"@context":"https:\/\/schema.org","@graph":[{"@type":"WebPage","@id":"https:\/\/melanin.md\/produs\/detox-nature-fresh-treatment-pre-shampoo\/","url":"https:\/\/melanin.md\/produs\/detox-nature-fresh-treatment-pre-shampoo\/","name":"Detox Nature Fresh Treatment Pre Shampoo - Melanin Cosmetics","isPartOf":{"@id":"https:\/\/melanin.md\/#website"},"primaryImageOfPage":{"@id":"https:\/\/melanin.md\/produs\/detox-nature-fresh-treatment-pre-shampoo\/#primaryimage"},"image":{"@id":"https:\/\/melanin.md\/produs\/detox-nature-fresh-treatment-pre-shampoo\/#primaryimage"},"thumbnailUrl":"https:\/\/melanin.md\/wp-content\/uploads\/2024\/07\/88.webp","datePublished":"2023-08-13T12:32:21+00:00","dateModified":"2025-02-11T07:56:26+00:00","breadcrumb":{"@id":"https:\/\/melanin.md\/produs\/detox-nature-fresh-treatment-pre-shampoo\/#breadcrumb"},"inLanguage":"ru-RU","potentialAction":[{"@type":"ReadAction","target":["https:\/\/melanin.md\/produs\/detox-nature-fresh-treatment-pre-shampoo\/"]}]},{"@type":"ImageObject","inLanguage":"ru-RU","@id":"https:\/\/melanin.md\/produs\/detox-nature-fresh-treatment-pre-shampoo\/#primaryimage","url":"https:\/\/melanin.md\/wp-content\/uploads\/2024\/07\/88.webp","contentUrl":"https:\/\/melanin.md\/wp-content\/uploads\/2024\/07\/88.webp","width":800,"height":800},{"@type":"BreadcrumbList","@id":"https:\/\/melanin.md\/produs\/detox-nature-fresh-treatment-pre-shampoo\/#breadcrumb","itemListElement":[{"@type":"ListItem","position":1,"name":"Prima pagin\u0103","item":"https:\/\/melanin.md\/"},{"@type":"ListItem","position":2,"name":"Produse","item":"https:\/\/melanin.md\/shop\/"},{"@type":"ListItem","position":3,"name":"Detox Nature Fresh Treatment Pre Shampoo"}]},{"@type":"WebSite","@id":"https:\/\/melanin.md\/#website","url":"https:\/\/melanin.md\/","name":"Melanin Cosmetics","description":"\u00cen fabric\u0103 producem cosmetice, \u00een magazine vindem speran\u021b\u0103.","publisher":{"@id":"https:\/\/melanin.md\/#organization"},"potentialAction":[{"@type":"SearchAction","target":{"@type":"EntryPoint","urlTemplate":"https:\/\/melanin.md\/?s={search_term_string}"},"query-input":{"@type":"PropertyValueSpecification","valueRequired":true,"valueName":"search_term_string"}}],"inLanguage":"ru-RU"},{"@type":"Organization","@id":"https:\/\/melanin.md\/#organization","name":"Melanin Cosmetics","url":"https:\/\/melanin.md\/","logo":{"@type":"ImageObject","inLanguage":"ru-RU","@id":"https:\/\/melanin.md\/#\/schema\/logo\/image\/","url":"https:\/\/melanin.md\/wp-content\/uploads\/2023\/06\/cropped-SM-2-1.png","contentUrl":"https:\/\/melanin.md\/wp-content\/uploads\/2023\/06\/cropped-SM-2-1.png","width":512,"height":512,"caption":"Melanin Cosmetics"},"image":{"@id":"https:\/\/melanin.md\/#\/schema\/logo\/image\/"}}]}},"_links":{"self":[{"href":"https:\/\/melanin.md\/ru\/wp-json\/wp\/v2\/product\/16946","targetHints":{"allow":["GET"]}}],"collection":[{"href":"https:\/\/melanin.md\/ru\/wp-json\/wp\/v2\/product"}],"about":[{"href":"https:\/\/melanin.md\/ru\/wp-json\/wp\/v2\/types\/product"}],"version-history":[{"count":1,"href":"https:\/\/melanin.md\/ru\/wp-json\/wp\/v2\/product\/16946\/revisions"}],"predecessor-version":[{"id":22846,"href":"https:\/\/melanin.md\/ru\/wp-json\/wp\/v2\/product\/16946\/revisions\/22846"}],"wp:featuredmedia":[{"embeddable":true,"href":"https:\/\/melanin.md\/ru\/wp-json\/wp\/v2\/media\/22816"}],"wp:attachment":[{"href":"https:\/\/melanin.md\/ru\/wp-json\/wp\/v2\/media?parent=16946"}],"wp:term":[{"taxonomy":"product_brand","embeddable":true,"href":"https:\/\/melanin.md\/ru\/wp-json\/wp\/v2\/product_brand?post=16946"},{"taxonomy":"product_cat","embeddable":true,"href":"https:\/\/melanin.md\/ru\/wp-json\/wp\/v2\/product_cat?post=16946"},{"taxonomy":"product_tag","embeddable":true,"href":"https:\/\/melanin.md\/ru\/wp-json\/wp\/v2\/product_tag?post=16946"}],"curies":[{"name":"wp","href":"https:\/\/api.w.org\/{rel}","templated":true}]}}