{"id":23153,"date":"2024-09-05T16:03:00","date_gmt":"2024-09-05T14:03:00","guid":{"rendered":"https:\/\/melanin.md\/?post_type=product&#038;p=23153"},"modified":"2026-02-16T09:22:18","modified_gmt":"2026-02-16T07:22:18","slug":"crystal-elixir-hair","status":"publish","type":"product","link":"https:\/\/melanin.md\/ru\/product\/crystal-elixir-hair\/","title":{"rendered":"CRYSTAL ELIXIR HAIR"},"content":{"rendered":"<p><strong>CRYSTAL ELIXIR HAIR 135ml<\/strong><\/p>\n<p><span style=\"font-weight: 400;\">Balsamul de p\u0103r Crystal Elixir folose\u0219te noua tehnologie lamelar\u0103 pentru transformarea instantanee \u0219i vizibil\u0103 a p\u0103rului. Activat de ap\u0103, reface rapid zonele deteriorate ale p\u0103rului.<\/span><\/p>\n<p>&nbsp;<\/p>\n<p><span style=\"font-weight: 400;\"><strong>Mod de utilizare<\/strong>: Se aplica pe parul spalat \u0219i umed. Masa\u021bi \u0219i cl\u0103ti\u021bi, evit\u00e2nd contactul cu ochii. AVERTIZARE! Instrumentul se aprinde u\u0219or! Evita\u021bi sursele de foc, fl\u0103c\u0103ri \u0219i c\u0103ldur\u0103 \u00een timpul aplic\u0103rii \u0219i p\u00e2n\u0103 c\u00e2nd p\u0103rul este complet uscat.<\/span><\/p>","protected":false},"excerpt":{"rendered":"<p>CRYSTAL ELIXIR HAIR 135ml Balsamul de p\u0103r Crystal Elixir folose\u0219te noua tehnologie lamelar\u0103 pentru transformarea instantanee \u0219i vizibil\u0103 a p\u0103rului.<\/p>","protected":false},"featured_media":23146,"template":"","meta":[],"product_brand":[],"product_cat":[82,83,1558,1561,79],"product_tag":[],"class_list":{"0":"post-23153","1":"product","2":"type-product","3":"status-publish","4":"has-post-thumbnail","6":"product_cat-ulei-si-vitamine","7":"product_cat-vopsea-si-oxidant","8":"product_cat-spa-master","9":"product_cat-basic-line-pentru-colorarea-parului","10":"product_cat-toate","12":"first","13":"instock","14":"shipping-taxable","15":"purchasable","16":"product-type-simple"},"yoast_head":"<!-- This site is optimized with the Yoast SEO plugin v27.0 - https:\/\/yoast.com\/product\/yoast-seo-wordpress\/ -->\n<title>CRYSTAL ELIXIR HAIR - Melanin Cosmetics<\/title>\n<meta name=\"robots\" content=\"index, follow, max-snippet:-1, max-image-preview:large, max-video-preview:-1\" \/>\n<link rel=\"canonical\" href=\"https:\/\/melanin.md\/ru\/product\/crystal-elixir-hair\/\" \/>\n<meta property=\"og:locale\" content=\"ru_RU\" \/>\n<meta property=\"og:type\" content=\"article\" \/>\n<meta property=\"og:title\" content=\"CRYSTAL ELIXIR HAIR - Melanin Cosmetics\" \/>\n<meta property=\"og:description\" content=\"CRYSTAL ELIXIR HAIR 135ml Balsamul de p\u0103r Crystal Elixir folose\u0219te noua tehnologie lamelar\u0103 pentru transformarea instantanee \u0219i vizibil\u0103 a p\u0103rului.\" \/>\n<meta property=\"og:url\" content=\"https:\/\/melanin.md\/ru\/product\/crystal-elixir-hair\/\" \/>\n<meta property=\"og:site_name\" content=\"Melanin Cosmetics\" \/>\n<meta property=\"article:modified_time\" content=\"2026-02-16T07:22:18+00:00\" \/>\n<meta property=\"og:image\" content=\"https:\/\/melanin.md\/wp-content\/uploads\/2024\/09\/MG_0803.webp\" \/>\n\t<meta property=\"og:image:width\" content=\"800\" \/>\n\t<meta property=\"og:image:height\" content=\"800\" \/>\n\t<meta property=\"og:image:type\" content=\"image\/webp\" \/>\n<meta name=\"twitter:card\" content=\"summary_large_image\" \/>\n<meta name=\"twitter:label1\" content=\"\u041f\u0440\u0438\u043c\u0435\u0440\u043d\u043e\u0435 \u0432\u0440\u0435\u043c\u044f \u0434\u043b\u044f \u0447\u0442\u0435\u043d\u0438\u044f\" \/>\n\t<meta name=\"twitter:data1\" content=\"1 \u043c\u0438\u043d\u0443\u0442\u0430\" \/>\n<script type=\"application\/ld+json\" class=\"yoast-schema-graph\">{\"@context\":\"https:\/\/schema.org\",\"@graph\":[{\"@type\":\"WebPage\",\"@id\":\"https:\/\/melanin.md\/produs\/crystal-elixir-hair\/\",\"url\":\"https:\/\/melanin.md\/produs\/crystal-elixir-hair\/\",\"name\":\"CRYSTAL ELIXIR HAIR - Melanin Cosmetics\",\"isPartOf\":{\"@id\":\"https:\/\/melanin.md\/#website\"},\"primaryImageOfPage\":{\"@id\":\"https:\/\/melanin.md\/produs\/crystal-elixir-hair\/#primaryimage\"},\"image\":{\"@id\":\"https:\/\/melanin.md\/produs\/crystal-elixir-hair\/#primaryimage\"},\"thumbnailUrl\":\"https:\/\/melanin.md\/wp-content\/uploads\/2024\/09\/MG_0803.webp\",\"datePublished\":\"2024-09-05T14:03:00+00:00\",\"dateModified\":\"2026-02-16T07:22:18+00:00\",\"breadcrumb\":{\"@id\":\"https:\/\/melanin.md\/produs\/crystal-elixir-hair\/#breadcrumb\"},\"inLanguage\":\"ru-RU\",\"potentialAction\":[{\"@type\":\"ReadAction\",\"target\":[\"https:\/\/melanin.md\/produs\/crystal-elixir-hair\/\"]}]},{\"@type\":\"ImageObject\",\"inLanguage\":\"ru-RU\",\"@id\":\"https:\/\/melanin.md\/produs\/crystal-elixir-hair\/#primaryimage\",\"url\":\"https:\/\/melanin.md\/wp-content\/uploads\/2024\/09\/MG_0803.webp\",\"contentUrl\":\"https:\/\/melanin.md\/wp-content\/uploads\/2024\/09\/MG_0803.webp\",\"width\":800,\"height\":800},{\"@type\":\"BreadcrumbList\",\"@id\":\"https:\/\/melanin.md\/produs\/crystal-elixir-hair\/#breadcrumb\",\"itemListElement\":[{\"@type\":\"ListItem\",\"position\":1,\"name\":\"Prima pagin\u0103\",\"item\":\"https:\/\/melanin.md\/\"},{\"@type\":\"ListItem\",\"position\":2,\"name\":\"Produse\",\"item\":\"https:\/\/melanin.md\/shop\/\"},{\"@type\":\"ListItem\",\"position\":3,\"name\":\"CRYSTAL ELIXIR HAIR\"}]},{\"@type\":\"WebSite\",\"@id\":\"https:\/\/melanin.md\/#website\",\"url\":\"https:\/\/melanin.md\/\",\"name\":\"Melanin Cosmetics\",\"description\":\"\u00cen fabric\u0103 producem cosmetice, \u00een magazine vindem speran\u021b\u0103.\",\"publisher\":{\"@id\":\"https:\/\/melanin.md\/#organization\"},\"potentialAction\":[{\"@type\":\"SearchAction\",\"target\":{\"@type\":\"EntryPoint\",\"urlTemplate\":\"https:\/\/melanin.md\/?s={search_term_string}\"},\"query-input\":{\"@type\":\"PropertyValueSpecification\",\"valueRequired\":true,\"valueName\":\"search_term_string\"}}],\"inLanguage\":\"ru-RU\"},{\"@type\":\"Organization\",\"@id\":\"https:\/\/melanin.md\/#organization\",\"name\":\"Melanin Cosmetics\",\"url\":\"https:\/\/melanin.md\/\",\"logo\":{\"@type\":\"ImageObject\",\"inLanguage\":\"ru-RU\",\"@id\":\"https:\/\/melanin.md\/#\/schema\/logo\/image\/\",\"url\":\"https:\/\/melanin.md\/wp-content\/uploads\/2023\/06\/cropped-SM-2-1.png\",\"contentUrl\":\"https:\/\/melanin.md\/wp-content\/uploads\/2023\/06\/cropped-SM-2-1.png\",\"width\":512,\"height\":512,\"caption\":\"Melanin Cosmetics\"},\"image\":{\"@id\":\"https:\/\/melanin.md\/#\/schema\/logo\/image\/\"}}]}<\/script>\n<!-- \/ Yoast SEO plugin. -->","yoast_head_json":{"title":"CRYSTAL ELIXIR HAIR - Melanin Cosmetics","robots":{"index":"index","follow":"follow","max-snippet":"max-snippet:-1","max-image-preview":"max-image-preview:large","max-video-preview":"max-video-preview:-1"},"canonical":"https:\/\/melanin.md\/ru\/product\/crystal-elixir-hair\/","og_locale":"ru_RU","og_type":"article","og_title":"CRYSTAL ELIXIR HAIR - Melanin Cosmetics","og_description":"CRYSTAL ELIXIR HAIR 135ml Balsamul de p\u0103r Crystal Elixir folose\u0219te noua tehnologie lamelar\u0103 pentru transformarea instantanee \u0219i vizibil\u0103 a p\u0103rului.","og_url":"https:\/\/melanin.md\/ru\/product\/crystal-elixir-hair\/","og_site_name":"Melanin Cosmetics","article_modified_time":"2026-02-16T07:22:18+00:00","og_image":[{"width":800,"height":800,"url":"https:\/\/melanin.md\/wp-content\/uploads\/2024\/09\/MG_0803.webp","type":"image\/webp"}],"twitter_card":"summary_large_image","twitter_misc":{"\u041f\u0440\u0438\u043c\u0435\u0440\u043d\u043e\u0435 \u0432\u0440\u0435\u043c\u044f \u0434\u043b\u044f \u0447\u0442\u0435\u043d\u0438\u044f":"1 \u043c\u0438\u043d\u0443\u0442\u0430"},"schema":{"@context":"https:\/\/schema.org","@graph":[{"@type":"WebPage","@id":"https:\/\/melanin.md\/produs\/crystal-elixir-hair\/","url":"https:\/\/melanin.md\/produs\/crystal-elixir-hair\/","name":"CRYSTAL ELIXIR HAIR - Melanin Cosmetics","isPartOf":{"@id":"https:\/\/melanin.md\/#website"},"primaryImageOfPage":{"@id":"https:\/\/melanin.md\/produs\/crystal-elixir-hair\/#primaryimage"},"image":{"@id":"https:\/\/melanin.md\/produs\/crystal-elixir-hair\/#primaryimage"},"thumbnailUrl":"https:\/\/melanin.md\/wp-content\/uploads\/2024\/09\/MG_0803.webp","datePublished":"2024-09-05T14:03:00+00:00","dateModified":"2026-02-16T07:22:18+00:00","breadcrumb":{"@id":"https:\/\/melanin.md\/produs\/crystal-elixir-hair\/#breadcrumb"},"inLanguage":"ru-RU","potentialAction":[{"@type":"ReadAction","target":["https:\/\/melanin.md\/produs\/crystal-elixir-hair\/"]}]},{"@type":"ImageObject","inLanguage":"ru-RU","@id":"https:\/\/melanin.md\/produs\/crystal-elixir-hair\/#primaryimage","url":"https:\/\/melanin.md\/wp-content\/uploads\/2024\/09\/MG_0803.webp","contentUrl":"https:\/\/melanin.md\/wp-content\/uploads\/2024\/09\/MG_0803.webp","width":800,"height":800},{"@type":"BreadcrumbList","@id":"https:\/\/melanin.md\/produs\/crystal-elixir-hair\/#breadcrumb","itemListElement":[{"@type":"ListItem","position":1,"name":"Prima pagin\u0103","item":"https:\/\/melanin.md\/"},{"@type":"ListItem","position":2,"name":"Produse","item":"https:\/\/melanin.md\/shop\/"},{"@type":"ListItem","position":3,"name":"CRYSTAL ELIXIR HAIR"}]},{"@type":"WebSite","@id":"https:\/\/melanin.md\/#website","url":"https:\/\/melanin.md\/","name":"Melanin Cosmetics","description":"\u00cen fabric\u0103 producem cosmetice, \u00een magazine vindem speran\u021b\u0103.","publisher":{"@id":"https:\/\/melanin.md\/#organization"},"potentialAction":[{"@type":"SearchAction","target":{"@type":"EntryPoint","urlTemplate":"https:\/\/melanin.md\/?s={search_term_string}"},"query-input":{"@type":"PropertyValueSpecification","valueRequired":true,"valueName":"search_term_string"}}],"inLanguage":"ru-RU"},{"@type":"Organization","@id":"https:\/\/melanin.md\/#organization","name":"Melanin Cosmetics","url":"https:\/\/melanin.md\/","logo":{"@type":"ImageObject","inLanguage":"ru-RU","@id":"https:\/\/melanin.md\/#\/schema\/logo\/image\/","url":"https:\/\/melanin.md\/wp-content\/uploads\/2023\/06\/cropped-SM-2-1.png","contentUrl":"https:\/\/melanin.md\/wp-content\/uploads\/2023\/06\/cropped-SM-2-1.png","width":512,"height":512,"caption":"Melanin Cosmetics"},"image":{"@id":"https:\/\/melanin.md\/#\/schema\/logo\/image\/"}}]}},"_links":{"self":[{"href":"https:\/\/melanin.md\/ru\/wp-json\/wp\/v2\/product\/23153","targetHints":{"allow":["GET"]}}],"collection":[{"href":"https:\/\/melanin.md\/ru\/wp-json\/wp\/v2\/product"}],"about":[{"href":"https:\/\/melanin.md\/ru\/wp-json\/wp\/v2\/types\/product"}],"version-history":[{"count":1,"href":"https:\/\/melanin.md\/ru\/wp-json\/wp\/v2\/product\/23153\/revisions"}],"predecessor-version":[{"id":23154,"href":"https:\/\/melanin.md\/ru\/wp-json\/wp\/v2\/product\/23153\/revisions\/23154"}],"wp:featuredmedia":[{"embeddable":true,"href":"https:\/\/melanin.md\/ru\/wp-json\/wp\/v2\/media\/23146"}],"wp:attachment":[{"href":"https:\/\/melanin.md\/ru\/wp-json\/wp\/v2\/media?parent=23153"}],"wp:term":[{"taxonomy":"product_brand","embeddable":true,"href":"https:\/\/melanin.md\/ru\/wp-json\/wp\/v2\/product_brand?post=23153"},{"taxonomy":"product_cat","embeddable":true,"href":"https:\/\/melanin.md\/ru\/wp-json\/wp\/v2\/product_cat?post=23153"},{"taxonomy":"product_tag","embeddable":true,"href":"https:\/\/melanin.md\/ru\/wp-json\/wp\/v2\/product_tag?post=23153"}],"curies":[{"name":"wp","href":"https:\/\/api.w.org\/{rel}","templated":true}]}}