{"id":23856,"date":"2026-02-02T15:10:21","date_gmt":"2026-02-02T13:10:21","guid":{"rendered":"https:\/\/melanin.md\/?post_type=product&#038;p=23856"},"modified":"2026-02-16T09:23:13","modified_gmt":"2026-02-16T07:23:13","slug":"serum-vitaminsminerals-for-hairscalp","status":"publish","type":"product","link":"https:\/\/melanin.md\/ru\/product\/serum-vitaminsminerals-for-hairscalp\/","title":{"rendered":"Serum &#8211; Vitamins&#038;Minerals for Hair&#038;Scalp"},"content":{"rendered":"<p><strong>Ser &#8211; Vitamine \u0219i minerale pentru p\u0103r \u0219i scalp<\/strong><\/p>\n<p><strong>Ingrediente active:<\/strong><br \/>\n-vitamina C<br \/>\n-vitamina PP (niacinamid\u0103)<br \/>\n-D-pantenol<br \/>\n-vitamina F<br \/>\n-vitamina E<br \/>\n-minerale Mg, Zn, Cu<br \/>\n-glicerin\u0103<br \/>\n-ulei de \u0219ofran<br \/>\n-ulei de migdale<br \/>\n-ulei de ylang-ylang<br \/>\n-Silplex J2-S<br \/>\n<strong>Instruc\u021biuni:<\/strong> Aplica\u021bi c\u00e2teva pic\u0103turi pe scalp \u0219i pe p\u0103r, masa\u021bi. Nu cl\u0103ti\u021bi. Pic\u0103turile pot fi ad\u0103ugate \u00een \u0219amponul \u0219i balsamul preferat.<\/p>","protected":false},"excerpt":{"rendered":"<p>Ser &#8211; Vitamine \u0219i minerale pentru p\u0103r \u0219i scalp Ingrediente active: -vitamina C -vitamina PP (niacinamid\u0103) -D-pantenol -vitamina F -vitamina<\/p>","protected":false},"featured_media":23843,"template":"","meta":[],"product_brand":[],"product_cat":[82,1558,1569,79],"product_tag":[],"class_list":{"0":"post-23856","1":"product","2":"type-product","3":"status-publish","4":"has-post-thumbnail","6":"product_cat-ulei-si-vitamine","7":"product_cat-spa-master","8":"product_cat-fix-line-pentru-aranjarea-si-fixarea-parului","9":"product_cat-toate","11":"first","12":"instock","13":"sale","14":"shipping-taxable","15":"purchasable","16":"product-type-simple"},"yoast_head":"<!-- This site is optimized with the Yoast SEO plugin v27.0 - https:\/\/yoast.com\/product\/yoast-seo-wordpress\/ -->\n<title>Serum - Vitamins&amp;Minerals for Hair&amp;Scalp - Melanin Cosmetics<\/title>\n<meta name=\"robots\" content=\"index, follow, max-snippet:-1, max-image-preview:large, max-video-preview:-1\" \/>\n<link rel=\"canonical\" href=\"https:\/\/melanin.md\/ru\/product\/serum-vitaminsminerals-for-hairscalp\/\" \/>\n<meta property=\"og:locale\" content=\"ru_RU\" \/>\n<meta property=\"og:type\" content=\"article\" \/>\n<meta property=\"og:title\" content=\"Serum - Vitamins&amp;Minerals for Hair&amp;Scalp - Melanin Cosmetics\" \/>\n<meta property=\"og:description\" content=\"Ser &#8211; Vitamine \u0219i minerale pentru p\u0103r \u0219i scalp Ingrediente active: -vitamina C -vitamina PP (niacinamid\u0103) -D-pantenol -vitamina F -vitamina\" \/>\n<meta property=\"og:url\" content=\"https:\/\/melanin.md\/ru\/product\/serum-vitaminsminerals-for-hairscalp\/\" \/>\n<meta property=\"og:site_name\" content=\"Melanin Cosmetics\" \/>\n<meta property=\"article:modified_time\" content=\"2026-02-16T07:23:13+00:00\" \/>\n<meta property=\"og:image\" content=\"https:\/\/melanin.md\/wp-content\/uploads\/2026\/02\/6.png\" \/>\n\t<meta property=\"og:image:width\" content=\"1080\" \/>\n\t<meta property=\"og:image:height\" content=\"1080\" \/>\n\t<meta property=\"og:image:type\" content=\"image\/png\" \/>\n<meta name=\"twitter:card\" content=\"summary_large_image\" \/>\n<meta name=\"twitter:label1\" content=\"\u041f\u0440\u0438\u043c\u0435\u0440\u043d\u043e\u0435 \u0432\u0440\u0435\u043c\u044f \u0434\u043b\u044f \u0447\u0442\u0435\u043d\u0438\u044f\" \/>\n\t<meta name=\"twitter:data1\" content=\"1 \u043c\u0438\u043d\u0443\u0442\u0430\" \/>\n<script type=\"application\/ld+json\" class=\"yoast-schema-graph\">{\"@context\":\"https:\/\/schema.org\",\"@graph\":[{\"@type\":\"WebPage\",\"@id\":\"https:\/\/melanin.md\/produs\/serum-vitaminsminerals-for-hairscalp\/\",\"url\":\"https:\/\/melanin.md\/produs\/serum-vitaminsminerals-for-hairscalp\/\",\"name\":\"Serum - Vitamins&Minerals for Hair&Scalp - Melanin Cosmetics\",\"isPartOf\":{\"@id\":\"https:\/\/melanin.md\/#website\"},\"primaryImageOfPage\":{\"@id\":\"https:\/\/melanin.md\/produs\/serum-vitaminsminerals-for-hairscalp\/#primaryimage\"},\"image\":{\"@id\":\"https:\/\/melanin.md\/produs\/serum-vitaminsminerals-for-hairscalp\/#primaryimage\"},\"thumbnailUrl\":\"https:\/\/melanin.md\/wp-content\/uploads\/2026\/02\/6.png\",\"datePublished\":\"2026-02-02T13:10:21+00:00\",\"dateModified\":\"2026-02-16T07:23:13+00:00\",\"breadcrumb\":{\"@id\":\"https:\/\/melanin.md\/produs\/serum-vitaminsminerals-for-hairscalp\/#breadcrumb\"},\"inLanguage\":\"ru-RU\",\"potentialAction\":[{\"@type\":\"ReadAction\",\"target\":[\"https:\/\/melanin.md\/produs\/serum-vitaminsminerals-for-hairscalp\/\"]}]},{\"@type\":\"ImageObject\",\"inLanguage\":\"ru-RU\",\"@id\":\"https:\/\/melanin.md\/produs\/serum-vitaminsminerals-for-hairscalp\/#primaryimage\",\"url\":\"https:\/\/melanin.md\/wp-content\/uploads\/2026\/02\/6.png\",\"contentUrl\":\"https:\/\/melanin.md\/wp-content\/uploads\/2026\/02\/6.png\",\"width\":1080,\"height\":1080},{\"@type\":\"BreadcrumbList\",\"@id\":\"https:\/\/melanin.md\/produs\/serum-vitaminsminerals-for-hairscalp\/#breadcrumb\",\"itemListElement\":[{\"@type\":\"ListItem\",\"position\":1,\"name\":\"Prima pagin\u0103\",\"item\":\"https:\/\/melanin.md\/\"},{\"@type\":\"ListItem\",\"position\":2,\"name\":\"Produse\",\"item\":\"https:\/\/melanin.md\/shop\/\"},{\"@type\":\"ListItem\",\"position\":3,\"name\":\"Serum &#8211; Vitamins&#038;Minerals for Hair&#038;Scalp\"}]},{\"@type\":\"WebSite\",\"@id\":\"https:\/\/melanin.md\/#website\",\"url\":\"https:\/\/melanin.md\/\",\"name\":\"Melanin Cosmetics\",\"description\":\"\u00cen fabric\u0103 producem cosmetice, \u00een magazine vindem speran\u021b\u0103.\",\"publisher\":{\"@id\":\"https:\/\/melanin.md\/#organization\"},\"potentialAction\":[{\"@type\":\"SearchAction\",\"target\":{\"@type\":\"EntryPoint\",\"urlTemplate\":\"https:\/\/melanin.md\/?s={search_term_string}\"},\"query-input\":{\"@type\":\"PropertyValueSpecification\",\"valueRequired\":true,\"valueName\":\"search_term_string\"}}],\"inLanguage\":\"ru-RU\"},{\"@type\":\"Organization\",\"@id\":\"https:\/\/melanin.md\/#organization\",\"name\":\"Melanin Cosmetics\",\"url\":\"https:\/\/melanin.md\/\",\"logo\":{\"@type\":\"ImageObject\",\"inLanguage\":\"ru-RU\",\"@id\":\"https:\/\/melanin.md\/#\/schema\/logo\/image\/\",\"url\":\"https:\/\/melanin.md\/wp-content\/uploads\/2023\/06\/cropped-SM-2-1.png\",\"contentUrl\":\"https:\/\/melanin.md\/wp-content\/uploads\/2023\/06\/cropped-SM-2-1.png\",\"width\":512,\"height\":512,\"caption\":\"Melanin Cosmetics\"},\"image\":{\"@id\":\"https:\/\/melanin.md\/#\/schema\/logo\/image\/\"}}]}<\/script>\n<!-- \/ Yoast SEO plugin. -->","yoast_head_json":{"title":"Serum - Vitamins&Minerals for Hair&Scalp - Melanin Cosmetics","robots":{"index":"index","follow":"follow","max-snippet":"max-snippet:-1","max-image-preview":"max-image-preview:large","max-video-preview":"max-video-preview:-1"},"canonical":"https:\/\/melanin.md\/ru\/product\/serum-vitaminsminerals-for-hairscalp\/","og_locale":"ru_RU","og_type":"article","og_title":"Serum - Vitamins&Minerals for Hair&Scalp - Melanin Cosmetics","og_description":"Ser &#8211; Vitamine \u0219i minerale pentru p\u0103r \u0219i scalp Ingrediente active: -vitamina C -vitamina PP (niacinamid\u0103) -D-pantenol -vitamina F -vitamina","og_url":"https:\/\/melanin.md\/ru\/product\/serum-vitaminsminerals-for-hairscalp\/","og_site_name":"Melanin Cosmetics","article_modified_time":"2026-02-16T07:23:13+00:00","og_image":[{"width":1080,"height":1080,"url":"https:\/\/melanin.md\/wp-content\/uploads\/2026\/02\/6.png","type":"image\/png"}],"twitter_card":"summary_large_image","twitter_misc":{"\u041f\u0440\u0438\u043c\u0435\u0440\u043d\u043e\u0435 \u0432\u0440\u0435\u043c\u044f \u0434\u043b\u044f \u0447\u0442\u0435\u043d\u0438\u044f":"1 \u043c\u0438\u043d\u0443\u0442\u0430"},"schema":{"@context":"https:\/\/schema.org","@graph":[{"@type":"WebPage","@id":"https:\/\/melanin.md\/produs\/serum-vitaminsminerals-for-hairscalp\/","url":"https:\/\/melanin.md\/produs\/serum-vitaminsminerals-for-hairscalp\/","name":"Serum - Vitamins&Minerals for Hair&Scalp - Melanin Cosmetics","isPartOf":{"@id":"https:\/\/melanin.md\/#website"},"primaryImageOfPage":{"@id":"https:\/\/melanin.md\/produs\/serum-vitaminsminerals-for-hairscalp\/#primaryimage"},"image":{"@id":"https:\/\/melanin.md\/produs\/serum-vitaminsminerals-for-hairscalp\/#primaryimage"},"thumbnailUrl":"https:\/\/melanin.md\/wp-content\/uploads\/2026\/02\/6.png","datePublished":"2026-02-02T13:10:21+00:00","dateModified":"2026-02-16T07:23:13+00:00","breadcrumb":{"@id":"https:\/\/melanin.md\/produs\/serum-vitaminsminerals-for-hairscalp\/#breadcrumb"},"inLanguage":"ru-RU","potentialAction":[{"@type":"ReadAction","target":["https:\/\/melanin.md\/produs\/serum-vitaminsminerals-for-hairscalp\/"]}]},{"@type":"ImageObject","inLanguage":"ru-RU","@id":"https:\/\/melanin.md\/produs\/serum-vitaminsminerals-for-hairscalp\/#primaryimage","url":"https:\/\/melanin.md\/wp-content\/uploads\/2026\/02\/6.png","contentUrl":"https:\/\/melanin.md\/wp-content\/uploads\/2026\/02\/6.png","width":1080,"height":1080},{"@type":"BreadcrumbList","@id":"https:\/\/melanin.md\/produs\/serum-vitaminsminerals-for-hairscalp\/#breadcrumb","itemListElement":[{"@type":"ListItem","position":1,"name":"Prima pagin\u0103","item":"https:\/\/melanin.md\/"},{"@type":"ListItem","position":2,"name":"Produse","item":"https:\/\/melanin.md\/shop\/"},{"@type":"ListItem","position":3,"name":"Serum &#8211; Vitamins&#038;Minerals for Hair&#038;Scalp"}]},{"@type":"WebSite","@id":"https:\/\/melanin.md\/#website","url":"https:\/\/melanin.md\/","name":"Melanin Cosmetics","description":"\u00cen fabric\u0103 producem cosmetice, \u00een magazine vindem speran\u021b\u0103.","publisher":{"@id":"https:\/\/melanin.md\/#organization"},"potentialAction":[{"@type":"SearchAction","target":{"@type":"EntryPoint","urlTemplate":"https:\/\/melanin.md\/?s={search_term_string}"},"query-input":{"@type":"PropertyValueSpecification","valueRequired":true,"valueName":"search_term_string"}}],"inLanguage":"ru-RU"},{"@type":"Organization","@id":"https:\/\/melanin.md\/#organization","name":"Melanin Cosmetics","url":"https:\/\/melanin.md\/","logo":{"@type":"ImageObject","inLanguage":"ru-RU","@id":"https:\/\/melanin.md\/#\/schema\/logo\/image\/","url":"https:\/\/melanin.md\/wp-content\/uploads\/2023\/06\/cropped-SM-2-1.png","contentUrl":"https:\/\/melanin.md\/wp-content\/uploads\/2023\/06\/cropped-SM-2-1.png","width":512,"height":512,"caption":"Melanin Cosmetics"},"image":{"@id":"https:\/\/melanin.md\/#\/schema\/logo\/image\/"}}]}},"_links":{"self":[{"href":"https:\/\/melanin.md\/ru\/wp-json\/wp\/v2\/product\/23856","targetHints":{"allow":["GET"]}}],"collection":[{"href":"https:\/\/melanin.md\/ru\/wp-json\/wp\/v2\/product"}],"about":[{"href":"https:\/\/melanin.md\/ru\/wp-json\/wp\/v2\/types\/product"}],"version-history":[{"count":1,"href":"https:\/\/melanin.md\/ru\/wp-json\/wp\/v2\/product\/23856\/revisions"}],"predecessor-version":[{"id":23857,"href":"https:\/\/melanin.md\/ru\/wp-json\/wp\/v2\/product\/23856\/revisions\/23857"}],"wp:featuredmedia":[{"embeddable":true,"href":"https:\/\/melanin.md\/ru\/wp-json\/wp\/v2\/media\/23843"}],"wp:attachment":[{"href":"https:\/\/melanin.md\/ru\/wp-json\/wp\/v2\/media?parent=23856"}],"wp:term":[{"taxonomy":"product_brand","embeddable":true,"href":"https:\/\/melanin.md\/ru\/wp-json\/wp\/v2\/product_brand?post=23856"},{"taxonomy":"product_cat","embeddable":true,"href":"https:\/\/melanin.md\/ru\/wp-json\/wp\/v2\/product_cat?post=23856"},{"taxonomy":"product_tag","embeddable":true,"href":"https:\/\/melanin.md\/ru\/wp-json\/wp\/v2\/product_tag?post=23856"}],"curies":[{"name":"wp","href":"https:\/\/api.w.org\/{rel}","templated":true}]}}