{"id":3325,"date":"2022-01-12T15:49:13","date_gmt":"2022-01-12T13:49:13","guid":{"rendered":"https:\/\/spamaster.md\/?post_type=product&#038;p=3325"},"modified":"2026-02-16T09:10:03","modified_gmt":"2026-02-16T07:10:03","slug":"aftershave-lotion","status":"publish","type":"product","link":"https:\/\/melanin.md\/ru\/product\/aftershave-lotion\/","title":{"rendered":"Aftershave Lotion"},"content":{"rendered":"<p><strong>Lo\u021biune dup\u0103 b\u0103rbierit rozmarin \u0219i ardei iute 120ml<\/strong><\/p>\n<p><span style=\"font-weight: 400;\">Formula cu ac\u021biune dubl\u0103 \u00eenc\u0103lze\u0219te \u0219i calmeaz\u0103 pielea dup\u0103 b\u0103rbierit. Complexul de vitamine <\/span><b>E, C, F <\/b><span style=\"font-weight: 400;\">\u0219i ardei iute stimuleaz\u0103 \u0219i tonific\u0103 pielea. Rozmarin, hamamelis, sumac, brusture \u0219i mentol \u2013 hidrateaz\u0103 \u0219i calmeaz\u0103 pielea.<\/span><\/p>\n<p><b>\u0421\u043f\u043e\u0441\u043e\u0431 \u0438\u0441\u043f\u043e\u043b\u044c\u0437\u043e\u0432\u0430\u043d\u0438\u044f:<\/b><\/p>\n<p><span style=\"font-weight: 400;\">Aplica\u021bi dup\u0103 b\u0103rbierit, evit\u00e2nd zona \u00een jurul ochilor.\u00a0<\/span><\/p>\n<p>&nbsp;<\/p>\n<p><b>Ingredients : <\/b><span style=\"font-weight: 400;\">AQUA, ISOPROPYL PALMITATE, CAPRYLIC\/CAPRIC TRIGLYCERIDE, DIMETHICONE, GLYCERIN, POLYACRYLAMIDE, C 13-14 ISOPARAFFIN, LAURETH-7, POLYGLYCERYL-6 DISTEARATE, JOJOBA ESTERS, POLYGLYCERYL-3 BEESWAX, CETYL ALCOHOL, ALLANTOIN, BISABOLOL, PANTHENOL, ADANSONIA DIGITATA SEED OIL, SIMMONDSIA CHINENSIS SEED OIL, PEG-8, PROPYLENE GLYCOL,ROSMARINUS OFFICINALIS EXTRACT, ARCTIUM LAPPA LEAF EXTRACT, DIAZOLIDINYL UREA, MELALEUCA ALTERNIFOLIA LEAF EXTRACT, XANTHAN GUM, MENTHOL PHENOXYETHANOL, ETHYLHEXYLGLYCERIN, PARFUM, LINALOOL, LIMONENE, BENZYL SALICYLATE<\/span><\/p>","protected":false},"excerpt":{"rendered":"<p>Lo\u021biune dup\u0103 b\u0103rbierit cu efect calmant a pielii<\/p>\n<p>&nbsp;<\/p>","protected":false},"featured_media":5149,"template":"","meta":[],"product_brand":[],"product_cat":[1558,1571,85,79],"product_tag":[],"class_list":{"0":"post-3325","1":"product","2":"type-product","3":"status-publish","4":"has-post-thumbnail","6":"product_cat-spa-master","7":"product_cat-mens-master-pentru-barbati","8":"product_cat-mens-master","9":"product_cat-toate","11":"first","12":"instock","13":"shipping-taxable","14":"purchasable","15":"product-type-simple"},"yoast_head":"<!-- This site is optimized with the Yoast SEO plugin v27.0 - https:\/\/yoast.com\/product\/yoast-seo-wordpress\/ -->\n<title>Aftershave Lotion - Melanin Cosmetics<\/title>\n<meta name=\"robots\" content=\"index, follow, max-snippet:-1, max-image-preview:large, max-video-preview:-1\" \/>\n<link rel=\"canonical\" href=\"https:\/\/melanin.md\/ru\/product\/aftershave-lotion\/\" \/>\n<meta property=\"og:locale\" content=\"ru_RU\" \/>\n<meta property=\"og:type\" content=\"article\" \/>\n<meta property=\"og:title\" content=\"Aftershave Lotion - Melanin Cosmetics\" \/>\n<meta property=\"og:description\" content=\"Lo\u021biune dup\u0103 b\u0103rbierit cu efect calmant a pielii  &nbsp;\" \/>\n<meta property=\"og:url\" content=\"https:\/\/melanin.md\/ru\/product\/aftershave-lotion\/\" \/>\n<meta property=\"og:site_name\" content=\"Melanin Cosmetics\" \/>\n<meta property=\"article:modified_time\" content=\"2026-02-16T07:10:03+00:00\" \/>\n<meta property=\"og:image\" content=\"https:\/\/melanin.md\/wp-content\/uploads\/2022\/01\/1569-1-scaled-scaled.jpg\" \/>\n\t<meta property=\"og:image:width\" content=\"2560\" \/>\n\t<meta property=\"og:image:height\" content=\"1707\" \/>\n\t<meta property=\"og:image:type\" content=\"image\/jpeg\" \/>\n<meta name=\"twitter:card\" content=\"summary_large_image\" \/>\n<meta name=\"twitter:label1\" content=\"\u041f\u0440\u0438\u043c\u0435\u0440\u043d\u043e\u0435 \u0432\u0440\u0435\u043c\u044f \u0434\u043b\u044f \u0447\u0442\u0435\u043d\u0438\u044f\" \/>\n\t<meta name=\"twitter:data1\" content=\"1 \u043c\u0438\u043d\u0443\u0442\u0430\" \/>\n<script type=\"application\/ld+json\" class=\"yoast-schema-graph\">{\"@context\":\"https:\/\/schema.org\",\"@graph\":[{\"@type\":\"WebPage\",\"@id\":\"https:\/\/melanin.md\/produs\/aftershave-lotion\/\",\"url\":\"https:\/\/melanin.md\/produs\/aftershave-lotion\/\",\"name\":\"Aftershave Lotion - Melanin Cosmetics\",\"isPartOf\":{\"@id\":\"https:\/\/melanin.md\/#website\"},\"primaryImageOfPage\":{\"@id\":\"https:\/\/melanin.md\/produs\/aftershave-lotion\/#primaryimage\"},\"image\":{\"@id\":\"https:\/\/melanin.md\/produs\/aftershave-lotion\/#primaryimage\"},\"thumbnailUrl\":\"https:\/\/melanin.md\/wp-content\/uploads\/2022\/01\/1569-1-scaled-scaled.jpg\",\"datePublished\":\"2022-01-12T13:49:13+00:00\",\"dateModified\":\"2026-02-16T07:10:03+00:00\",\"breadcrumb\":{\"@id\":\"https:\/\/melanin.md\/produs\/aftershave-lotion\/#breadcrumb\"},\"inLanguage\":\"ru-RU\",\"potentialAction\":[{\"@type\":\"ReadAction\",\"target\":[\"https:\/\/melanin.md\/produs\/aftershave-lotion\/\"]}]},{\"@type\":\"ImageObject\",\"inLanguage\":\"ru-RU\",\"@id\":\"https:\/\/melanin.md\/produs\/aftershave-lotion\/#primaryimage\",\"url\":\"https:\/\/melanin.md\/wp-content\/uploads\/2022\/01\/1569-1-scaled-scaled.jpg\",\"contentUrl\":\"https:\/\/melanin.md\/wp-content\/uploads\/2022\/01\/1569-1-scaled-scaled.jpg\",\"width\":2560,\"height\":1707},{\"@type\":\"BreadcrumbList\",\"@id\":\"https:\/\/melanin.md\/produs\/aftershave-lotion\/#breadcrumb\",\"itemListElement\":[{\"@type\":\"ListItem\",\"position\":1,\"name\":\"Prima pagin\u0103\",\"item\":\"https:\/\/melanin.md\/\"},{\"@type\":\"ListItem\",\"position\":2,\"name\":\"Produse\",\"item\":\"https:\/\/melanin.md\/shop\/\"},{\"@type\":\"ListItem\",\"position\":3,\"name\":\"Aftershave Lotion\"}]},{\"@type\":\"WebSite\",\"@id\":\"https:\/\/melanin.md\/#website\",\"url\":\"https:\/\/melanin.md\/\",\"name\":\"Melanin Cosmetics\",\"description\":\"\u00cen fabric\u0103 producem cosmetice, \u00een magazine vindem speran\u021b\u0103.\",\"publisher\":{\"@id\":\"https:\/\/melanin.md\/#organization\"},\"potentialAction\":[{\"@type\":\"SearchAction\",\"target\":{\"@type\":\"EntryPoint\",\"urlTemplate\":\"https:\/\/melanin.md\/?s={search_term_string}\"},\"query-input\":{\"@type\":\"PropertyValueSpecification\",\"valueRequired\":true,\"valueName\":\"search_term_string\"}}],\"inLanguage\":\"ru-RU\"},{\"@type\":\"Organization\",\"@id\":\"https:\/\/melanin.md\/#organization\",\"name\":\"Melanin Cosmetics\",\"url\":\"https:\/\/melanin.md\/\",\"logo\":{\"@type\":\"ImageObject\",\"inLanguage\":\"ru-RU\",\"@id\":\"https:\/\/melanin.md\/#\/schema\/logo\/image\/\",\"url\":\"https:\/\/melanin.md\/wp-content\/uploads\/2023\/06\/cropped-SM-2-1.png\",\"contentUrl\":\"https:\/\/melanin.md\/wp-content\/uploads\/2023\/06\/cropped-SM-2-1.png\",\"width\":512,\"height\":512,\"caption\":\"Melanin Cosmetics\"},\"image\":{\"@id\":\"https:\/\/melanin.md\/#\/schema\/logo\/image\/\"}}]}<\/script>\n<!-- \/ Yoast SEO plugin. -->","yoast_head_json":{"title":"Aftershave Lotion - Melanin Cosmetics","robots":{"index":"index","follow":"follow","max-snippet":"max-snippet:-1","max-image-preview":"max-image-preview:large","max-video-preview":"max-video-preview:-1"},"canonical":"https:\/\/melanin.md\/ru\/product\/aftershave-lotion\/","og_locale":"ru_RU","og_type":"article","og_title":"Aftershave Lotion - Melanin Cosmetics","og_description":"Lo\u021biune dup\u0103 b\u0103rbierit cu efect calmant a pielii  &nbsp;","og_url":"https:\/\/melanin.md\/ru\/product\/aftershave-lotion\/","og_site_name":"Melanin Cosmetics","article_modified_time":"2026-02-16T07:10:03+00:00","og_image":[{"width":2560,"height":1707,"url":"https:\/\/melanin.md\/wp-content\/uploads\/2022\/01\/1569-1-scaled-scaled.jpg","type":"image\/jpeg"}],"twitter_card":"summary_large_image","twitter_misc":{"\u041f\u0440\u0438\u043c\u0435\u0440\u043d\u043e\u0435 \u0432\u0440\u0435\u043c\u044f \u0434\u043b\u044f \u0447\u0442\u0435\u043d\u0438\u044f":"1 \u043c\u0438\u043d\u0443\u0442\u0430"},"schema":{"@context":"https:\/\/schema.org","@graph":[{"@type":"WebPage","@id":"https:\/\/melanin.md\/produs\/aftershave-lotion\/","url":"https:\/\/melanin.md\/produs\/aftershave-lotion\/","name":"Aftershave Lotion - Melanin Cosmetics","isPartOf":{"@id":"https:\/\/melanin.md\/#website"},"primaryImageOfPage":{"@id":"https:\/\/melanin.md\/produs\/aftershave-lotion\/#primaryimage"},"image":{"@id":"https:\/\/melanin.md\/produs\/aftershave-lotion\/#primaryimage"},"thumbnailUrl":"https:\/\/melanin.md\/wp-content\/uploads\/2022\/01\/1569-1-scaled-scaled.jpg","datePublished":"2022-01-12T13:49:13+00:00","dateModified":"2026-02-16T07:10:03+00:00","breadcrumb":{"@id":"https:\/\/melanin.md\/produs\/aftershave-lotion\/#breadcrumb"},"inLanguage":"ru-RU","potentialAction":[{"@type":"ReadAction","target":["https:\/\/melanin.md\/produs\/aftershave-lotion\/"]}]},{"@type":"ImageObject","inLanguage":"ru-RU","@id":"https:\/\/melanin.md\/produs\/aftershave-lotion\/#primaryimage","url":"https:\/\/melanin.md\/wp-content\/uploads\/2022\/01\/1569-1-scaled-scaled.jpg","contentUrl":"https:\/\/melanin.md\/wp-content\/uploads\/2022\/01\/1569-1-scaled-scaled.jpg","width":2560,"height":1707},{"@type":"BreadcrumbList","@id":"https:\/\/melanin.md\/produs\/aftershave-lotion\/#breadcrumb","itemListElement":[{"@type":"ListItem","position":1,"name":"Prima pagin\u0103","item":"https:\/\/melanin.md\/"},{"@type":"ListItem","position":2,"name":"Produse","item":"https:\/\/melanin.md\/shop\/"},{"@type":"ListItem","position":3,"name":"Aftershave Lotion"}]},{"@type":"WebSite","@id":"https:\/\/melanin.md\/#website","url":"https:\/\/melanin.md\/","name":"Melanin Cosmetics","description":"\u00cen fabric\u0103 producem cosmetice, \u00een magazine vindem speran\u021b\u0103.","publisher":{"@id":"https:\/\/melanin.md\/#organization"},"potentialAction":[{"@type":"SearchAction","target":{"@type":"EntryPoint","urlTemplate":"https:\/\/melanin.md\/?s={search_term_string}"},"query-input":{"@type":"PropertyValueSpecification","valueRequired":true,"valueName":"search_term_string"}}],"inLanguage":"ru-RU"},{"@type":"Organization","@id":"https:\/\/melanin.md\/#organization","name":"Melanin Cosmetics","url":"https:\/\/melanin.md\/","logo":{"@type":"ImageObject","inLanguage":"ru-RU","@id":"https:\/\/melanin.md\/#\/schema\/logo\/image\/","url":"https:\/\/melanin.md\/wp-content\/uploads\/2023\/06\/cropped-SM-2-1.png","contentUrl":"https:\/\/melanin.md\/wp-content\/uploads\/2023\/06\/cropped-SM-2-1.png","width":512,"height":512,"caption":"Melanin Cosmetics"},"image":{"@id":"https:\/\/melanin.md\/#\/schema\/logo\/image\/"}}]}},"_links":{"self":[{"href":"https:\/\/melanin.md\/ru\/wp-json\/wp\/v2\/product\/3325","targetHints":{"allow":["GET"]}}],"collection":[{"href":"https:\/\/melanin.md\/ru\/wp-json\/wp\/v2\/product"}],"about":[{"href":"https:\/\/melanin.md\/ru\/wp-json\/wp\/v2\/types\/product"}],"version-history":[{"count":1,"href":"https:\/\/melanin.md\/ru\/wp-json\/wp\/v2\/product\/3325\/revisions"}],"predecessor-version":[{"id":23290,"href":"https:\/\/melanin.md\/ru\/wp-json\/wp\/v2\/product\/3325\/revisions\/23290"}],"wp:featuredmedia":[{"embeddable":true,"href":"https:\/\/melanin.md\/ru\/wp-json\/wp\/v2\/media\/5149"}],"wp:attachment":[{"href":"https:\/\/melanin.md\/ru\/wp-json\/wp\/v2\/media?parent=3325"}],"wp:term":[{"taxonomy":"product_brand","embeddable":true,"href":"https:\/\/melanin.md\/ru\/wp-json\/wp\/v2\/product_brand?post=3325"},{"taxonomy":"product_cat","embeddable":true,"href":"https:\/\/melanin.md\/ru\/wp-json\/wp\/v2\/product_cat?post=3325"},{"taxonomy":"product_tag","embeddable":true,"href":"https:\/\/melanin.md\/ru\/wp-json\/wp\/v2\/product_tag?post=3325"}],"curies":[{"name":"wp","href":"https:\/\/api.w.org\/{rel}","templated":true}]}}