{"id":3328,"date":"2022-01-12T15:49:14","date_gmt":"2022-01-12T13:49:14","guid":{"rendered":"https:\/\/spamaster.md\/?post_type=product&#038;p=3328"},"modified":"2026-02-16T09:10:32","modified_gmt":"2026-02-16T07:10:32","slug":"hair-body-soap","status":"publish","type":"product","link":"https:\/\/melanin.md\/ru\/product\/hair-body-soap\/","title":{"rendered":"Hair &#038; Body Soap"},"content":{"rendered":"<p><strong>\u0422\u043e\u043d\u0438\u0437\u0438\u0440\u0443\u044e\u0449\u0435\u0435 \u043c\u044b\u043b\u043e \u0434\u043b\u044f \u0442\u0435\u043b\u0430 \u0438 \u0432\u043e\u043b\u043e\u0441 \u0441 \u043c\u043e\u0440\u0441\u043a\u0438\u043c\u0438 \u0432\u043e\u0434\u043e\u0440\u043e\u0441\u043b\u044f\u043c\u0438 \u0438 \u043c\u0435\u043d\u0442\u043e\u043b\u043e\u043c 260\u043c\u043b<\/strong><\/p>\n<p class=\" translation-block\"><span style=\"font-weight: 400\">\u041d\u0430\u0441\u044b\u0449\u0435\u043d\u043d\u0430\u044f \u0431\u0435\u0437\u0441\u0443\u043b\u044c\u0444\u0430\u0442\u043d\u0430\u044f \u0444\u043e\u0440\u043c\u0443\u043b\u0430 \u0434\u043b\u044f \u0443\u0432\u043b\u0430\u0436\u043d\u0435\u043d\u0438\u044f \u0432\u043e\u043b\u043e\u0441 \u0438 \u043a\u043e\u0436\u0438 \u0441 \u0447\u0430\u0439\u043d\u044b\u043c \u0434\u0435\u0440\u0435\u0432\u043e\u043c, <\/span><b>D-\u043f\u0430\u043d\u0442\u0435\u043d\u043e\u043b\u043e\u043c<\/b><span style=\"font-weight : 400\"> \u0438 \u0430\u043b\u043b\u0430\u043d\u0442\u043e\u0438\u043d. \u041c\u043e\u0440\u0441\u043a\u0438\u0435 \u0432\u043e\u0434\u043e\u0440\u043e\u0441\u043b\u0438 \u043f\u043e\u043c\u043e\u0433\u0430\u044e\u0442 \u043e\u0447\u0438\u0441\u0442\u0438\u0442\u044c \u0438 \u0432\u044b\u0432\u0435\u0441\u0442\u0438 \u0442\u043e\u043a\u0441\u0438\u043d\u044b, \u0430 \u043c\u0430\u0441\u043b\u043e \u043f\u0435\u0440\u0435\u0447\u043d\u043e\u0439 \u043c\u044f\u0442\u044b \u0438 \u043c\u0435\u043d\u0442\u043e\u043b \u043e\u0441\u0432\u0435\u0436\u0430\u044e\u0442 \u0438 \u043f\u0440\u0435\u0432\u0440\u0430\u0449\u0430\u044e\u0442 \u0432 \u043c\u0430\u0447\u043e-\u043c\u0430\u043d\u044c\u044f\u043a\u0430.<\/span><\/p>\n<p><b>\u0421\u043f\u043e\u0441\u043e\u0431 \u043f\u0440\u0438\u043c\u0435\u043d\u0435\u043d\u0438\u044f:<\/b><\/p>\n<p><span style=\"font-weight: 400;\">\u041d\u0430\u043d\u0435\u0441\u0438\u0442\u0435 \u0441\u0440\u0435\u0434\u0441\u0442\u0432\u043e \u043d\u0430 \u0442\u0435\u043b\u043e \u0438 \u0432\u043b\u0430\u0436\u043d\u044b\u0435 \u0432\u043e\u043b\u043e\u0441\u044b. \u041f\u043e\u043c\u0430\u0441\u0441\u0438\u0440\u0443\u0439\u0442\u0435, \u043e\u0441\u0442\u0430\u0432\u044c\u0442\u0435 \u043d\u0430 2 \u043c\u0438\u043d\u0443\u0442\u044b \u0438 \u0441\u043c\u043e\u0439\u0442\u0435.\u00a0<\/span><\/p>\n<p>&nbsp;<\/p>\n<p><b>Ingredients : <\/b><span style=\"font-weight: 400;\">AQUA, SODIUM LAUROYL METHYL ISETHIONATE, COCAMIDOPROPYL BETAINE, LAURYL GLUCOSIDE, STYRENE\/ACRYLATES COPOLYMER, PARFUM, POLYQUATERNIUM-7, CITRIC ACID, MENTHA PIPERITA OIL, FUCUS VESICULOSUS EXTRACT, PROPYLENE GLYCOL, DIAZOLIDINYL UREA, ALLANTOIN, MELALEUCA ALTERNIFOLIA LEAF (TEA TREE) EXTRACT, PHENOXYETHANOL, PANTHENOL, METHYLISOTHIAZOLINONE, METHYLCHLOROISOTHIAZOLINONE.<\/span><\/p>","protected":false},"excerpt":{"rendered":"<p>\u0428\u0430\u043c\u043f\u0443\u043d\u044c \u0434\u043b\u044f \u043e\u0447\u0438\u0441\u0442\u043a\u0438 \u0438 \u0442\u043e\u043d\u0438\u0437\u0438\u0440\u043e\u0432\u0430\u043d\u0438\u044f \u0432\u043e\u043b\u043e\u0441 \u0438 \u0442\u0435\u043b\u0430.<\/p>\n<p>&nbsp;<\/p>","protected":false},"featured_media":5151,"template":"","meta":[],"product_brand":[],"product_cat":[80,1558,1571,85,79],"product_tag":[],"class_list":{"0":"post-3328","1":"product","2":"type-product","3":"status-publish","4":"has-post-thumbnail","6":"product_cat-sampon","7":"product_cat-spa-master","8":"product_cat-mens-master-pentru-barbati","9":"product_cat-mens-master","10":"product_cat-toate","12":"first","13":"instock","14":"shipping-taxable","15":"purchasable","16":"product-type-simple"},"yoast_head":"<!-- This site is optimized with the Yoast SEO plugin v27.0 - https:\/\/yoast.com\/product\/yoast-seo-wordpress\/ -->\n<title>Hair &amp; Body Soap - Melanin Cosmetics<\/title>\n<meta name=\"robots\" content=\"index, follow, max-snippet:-1, max-image-preview:large, max-video-preview:-1\" \/>\n<link rel=\"canonical\" href=\"https:\/\/melanin.md\/ru\/product\/hair-body-soap\/\" \/>\n<meta property=\"og:locale\" content=\"ru_RU\" \/>\n<meta property=\"og:type\" content=\"article\" \/>\n<meta property=\"og:title\" content=\"Hair &amp; Body Soap - Melanin Cosmetics\" \/>\n<meta property=\"og:description\" content=\"\u0218ampon pentru cur\u0103\u021barea \u0219i tonificarea p\u0103rului \u0219i a corpul  &nbsp;\" \/>\n<meta property=\"og:url\" content=\"https:\/\/melanin.md\/ru\/product\/hair-body-soap\/\" \/>\n<meta property=\"og:site_name\" content=\"Melanin Cosmetics\" \/>\n<meta property=\"article:modified_time\" content=\"2026-02-16T07:10:32+00:00\" \/>\n<meta property=\"og:image\" content=\"https:\/\/melanin.md\/wp-content\/uploads\/2022\/01\/1572-1-scaled-scaled.jpg\" \/>\n\t<meta property=\"og:image:width\" content=\"2560\" \/>\n\t<meta property=\"og:image:height\" content=\"1707\" \/>\n\t<meta property=\"og:image:type\" content=\"image\/jpeg\" \/>\n<meta name=\"twitter:card\" content=\"summary_large_image\" \/>\n<meta name=\"twitter:label1\" content=\"\u041f\u0440\u0438\u043c\u0435\u0440\u043d\u043e\u0435 \u0432\u0440\u0435\u043c\u044f \u0434\u043b\u044f \u0447\u0442\u0435\u043d\u0438\u044f\" \/>\n\t<meta name=\"twitter:data1\" content=\"1 \u043c\u0438\u043d\u0443\u0442\u0430\" \/>\n<script type=\"application\/ld+json\" class=\"yoast-schema-graph\">{\"@context\":\"https:\/\/schema.org\",\"@graph\":[{\"@type\":\"WebPage\",\"@id\":\"https:\/\/melanin.md\/produs\/hair-body-soap\/\",\"url\":\"https:\/\/melanin.md\/produs\/hair-body-soap\/\",\"name\":\"Hair & Body Soap - Melanin Cosmetics\",\"isPartOf\":{\"@id\":\"https:\/\/melanin.md\/#website\"},\"primaryImageOfPage\":{\"@id\":\"https:\/\/melanin.md\/produs\/hair-body-soap\/#primaryimage\"},\"image\":{\"@id\":\"https:\/\/melanin.md\/produs\/hair-body-soap\/#primaryimage\"},\"thumbnailUrl\":\"https:\/\/melanin.md\/wp-content\/uploads\/2022\/01\/1572-1-scaled-scaled.jpg\",\"datePublished\":\"2022-01-12T13:49:14+00:00\",\"dateModified\":\"2026-02-16T07:10:32+00:00\",\"breadcrumb\":{\"@id\":\"https:\/\/melanin.md\/produs\/hair-body-soap\/#breadcrumb\"},\"inLanguage\":\"ru-RU\",\"potentialAction\":[{\"@type\":\"ReadAction\",\"target\":[\"https:\/\/melanin.md\/produs\/hair-body-soap\/\"]}]},{\"@type\":\"ImageObject\",\"inLanguage\":\"ru-RU\",\"@id\":\"https:\/\/melanin.md\/produs\/hair-body-soap\/#primaryimage\",\"url\":\"https:\/\/melanin.md\/wp-content\/uploads\/2022\/01\/1572-1-scaled-scaled.jpg\",\"contentUrl\":\"https:\/\/melanin.md\/wp-content\/uploads\/2022\/01\/1572-1-scaled-scaled.jpg\",\"width\":2560,\"height\":1707},{\"@type\":\"BreadcrumbList\",\"@id\":\"https:\/\/melanin.md\/produs\/hair-body-soap\/#breadcrumb\",\"itemListElement\":[{\"@type\":\"ListItem\",\"position\":1,\"name\":\"Prima pagin\u0103\",\"item\":\"https:\/\/melanin.md\/\"},{\"@type\":\"ListItem\",\"position\":2,\"name\":\"Produse\",\"item\":\"https:\/\/melanin.md\/shop\/\"},{\"@type\":\"ListItem\",\"position\":3,\"name\":\"Hair &#038; Body Soap\"}]},{\"@type\":\"WebSite\",\"@id\":\"https:\/\/melanin.md\/#website\",\"url\":\"https:\/\/melanin.md\/\",\"name\":\"Melanin Cosmetics\",\"description\":\"\u00cen fabric\u0103 producem cosmetice, \u00een magazine vindem speran\u021b\u0103.\",\"publisher\":{\"@id\":\"https:\/\/melanin.md\/#organization\"},\"potentialAction\":[{\"@type\":\"SearchAction\",\"target\":{\"@type\":\"EntryPoint\",\"urlTemplate\":\"https:\/\/melanin.md\/?s={search_term_string}\"},\"query-input\":{\"@type\":\"PropertyValueSpecification\",\"valueRequired\":true,\"valueName\":\"search_term_string\"}}],\"inLanguage\":\"ru-RU\"},{\"@type\":\"Organization\",\"@id\":\"https:\/\/melanin.md\/#organization\",\"name\":\"Melanin Cosmetics\",\"url\":\"https:\/\/melanin.md\/\",\"logo\":{\"@type\":\"ImageObject\",\"inLanguage\":\"ru-RU\",\"@id\":\"https:\/\/melanin.md\/#\/schema\/logo\/image\/\",\"url\":\"https:\/\/melanin.md\/wp-content\/uploads\/2023\/06\/cropped-SM-2-1.png\",\"contentUrl\":\"https:\/\/melanin.md\/wp-content\/uploads\/2023\/06\/cropped-SM-2-1.png\",\"width\":512,\"height\":512,\"caption\":\"Melanin Cosmetics\"},\"image\":{\"@id\":\"https:\/\/melanin.md\/#\/schema\/logo\/image\/\"}}]}<\/script>\n<!-- \/ Yoast SEO plugin. -->","yoast_head_json":{"title":"Hair & Body Soap - Melanin Cosmetics","robots":{"index":"index","follow":"follow","max-snippet":"max-snippet:-1","max-image-preview":"max-image-preview:large","max-video-preview":"max-video-preview:-1"},"canonical":"https:\/\/melanin.md\/ru\/product\/hair-body-soap\/","og_locale":"ru_RU","og_type":"article","og_title":"Hair & Body Soap - Melanin Cosmetics","og_description":"\u0218ampon pentru cur\u0103\u021barea \u0219i tonificarea p\u0103rului \u0219i a corpul  &nbsp;","og_url":"https:\/\/melanin.md\/ru\/product\/hair-body-soap\/","og_site_name":"Melanin Cosmetics","article_modified_time":"2026-02-16T07:10:32+00:00","og_image":[{"width":2560,"height":1707,"url":"https:\/\/melanin.md\/wp-content\/uploads\/2022\/01\/1572-1-scaled-scaled.jpg","type":"image\/jpeg"}],"twitter_card":"summary_large_image","twitter_misc":{"\u041f\u0440\u0438\u043c\u0435\u0440\u043d\u043e\u0435 \u0432\u0440\u0435\u043c\u044f \u0434\u043b\u044f \u0447\u0442\u0435\u043d\u0438\u044f":"1 \u043c\u0438\u043d\u0443\u0442\u0430"},"schema":{"@context":"https:\/\/schema.org","@graph":[{"@type":"WebPage","@id":"https:\/\/melanin.md\/produs\/hair-body-soap\/","url":"https:\/\/melanin.md\/produs\/hair-body-soap\/","name":"Hair & Body Soap - Melanin Cosmetics","isPartOf":{"@id":"https:\/\/melanin.md\/#website"},"primaryImageOfPage":{"@id":"https:\/\/melanin.md\/produs\/hair-body-soap\/#primaryimage"},"image":{"@id":"https:\/\/melanin.md\/produs\/hair-body-soap\/#primaryimage"},"thumbnailUrl":"https:\/\/melanin.md\/wp-content\/uploads\/2022\/01\/1572-1-scaled-scaled.jpg","datePublished":"2022-01-12T13:49:14+00:00","dateModified":"2026-02-16T07:10:32+00:00","breadcrumb":{"@id":"https:\/\/melanin.md\/produs\/hair-body-soap\/#breadcrumb"},"inLanguage":"ru-RU","potentialAction":[{"@type":"ReadAction","target":["https:\/\/melanin.md\/produs\/hair-body-soap\/"]}]},{"@type":"ImageObject","inLanguage":"ru-RU","@id":"https:\/\/melanin.md\/produs\/hair-body-soap\/#primaryimage","url":"https:\/\/melanin.md\/wp-content\/uploads\/2022\/01\/1572-1-scaled-scaled.jpg","contentUrl":"https:\/\/melanin.md\/wp-content\/uploads\/2022\/01\/1572-1-scaled-scaled.jpg","width":2560,"height":1707},{"@type":"BreadcrumbList","@id":"https:\/\/melanin.md\/produs\/hair-body-soap\/#breadcrumb","itemListElement":[{"@type":"ListItem","position":1,"name":"Prima pagin\u0103","item":"https:\/\/melanin.md\/"},{"@type":"ListItem","position":2,"name":"Produse","item":"https:\/\/melanin.md\/shop\/"},{"@type":"ListItem","position":3,"name":"Hair &#038; Body Soap"}]},{"@type":"WebSite","@id":"https:\/\/melanin.md\/#website","url":"https:\/\/melanin.md\/","name":"Melanin Cosmetics","description":"\u00cen fabric\u0103 producem cosmetice, \u00een magazine vindem speran\u021b\u0103.","publisher":{"@id":"https:\/\/melanin.md\/#organization"},"potentialAction":[{"@type":"SearchAction","target":{"@type":"EntryPoint","urlTemplate":"https:\/\/melanin.md\/?s={search_term_string}"},"query-input":{"@type":"PropertyValueSpecification","valueRequired":true,"valueName":"search_term_string"}}],"inLanguage":"ru-RU"},{"@type":"Organization","@id":"https:\/\/melanin.md\/#organization","name":"Melanin Cosmetics","url":"https:\/\/melanin.md\/","logo":{"@type":"ImageObject","inLanguage":"ru-RU","@id":"https:\/\/melanin.md\/#\/schema\/logo\/image\/","url":"https:\/\/melanin.md\/wp-content\/uploads\/2023\/06\/cropped-SM-2-1.png","contentUrl":"https:\/\/melanin.md\/wp-content\/uploads\/2023\/06\/cropped-SM-2-1.png","width":512,"height":512,"caption":"Melanin Cosmetics"},"image":{"@id":"https:\/\/melanin.md\/#\/schema\/logo\/image\/"}}]}},"_links":{"self":[{"href":"https:\/\/melanin.md\/ru\/wp-json\/wp\/v2\/product\/3328","targetHints":{"allow":["GET"]}}],"collection":[{"href":"https:\/\/melanin.md\/ru\/wp-json\/wp\/v2\/product"}],"about":[{"href":"https:\/\/melanin.md\/ru\/wp-json\/wp\/v2\/types\/product"}],"version-history":[{"count":1,"href":"https:\/\/melanin.md\/ru\/wp-json\/wp\/v2\/product\/3328\/revisions"}],"predecessor-version":[{"id":23295,"href":"https:\/\/melanin.md\/ru\/wp-json\/wp\/v2\/product\/3328\/revisions\/23295"}],"wp:featuredmedia":[{"embeddable":true,"href":"https:\/\/melanin.md\/ru\/wp-json\/wp\/v2\/media\/5151"}],"wp:attachment":[{"href":"https:\/\/melanin.md\/ru\/wp-json\/wp\/v2\/media?parent=3328"}],"wp:term":[{"taxonomy":"product_brand","embeddable":true,"href":"https:\/\/melanin.md\/ru\/wp-json\/wp\/v2\/product_brand?post=3328"},{"taxonomy":"product_cat","embeddable":true,"href":"https:\/\/melanin.md\/ru\/wp-json\/wp\/v2\/product_cat?post=3328"},{"taxonomy":"product_tag","embeddable":true,"href":"https:\/\/melanin.md\/ru\/wp-json\/wp\/v2\/product_tag?post=3328"}],"curies":[{"name":"wp","href":"https:\/\/api.w.org\/{rel}","templated":true}]}}