{"id":3329,"date":"2022-01-12T15:49:15","date_gmt":"2022-01-12T13:49:15","guid":{"rendered":"https:\/\/spamaster.md\/?post_type=product&#038;p=3329"},"modified":"2026-02-16T09:15:30","modified_gmt":"2026-02-16T07:15:30","slug":"anti-dandruff-hair-loss-peeling-mask","status":"publish","type":"product","link":"https:\/\/melanin.md\/ru\/product\/anti-dandruff-hair-loss-peeling-mask\/","title":{"rendered":"Anti Dandruff &#038; Hair Loss Peeling Mask"},"content":{"rendered":"<p><b>\u041c\u0430\u0441\u043a\u0430-\u043f\u0438\u043b\u0438\u043d\u0433 \u043f\u0440\u043e\u0442\u0438\u0432 \u043f\u0435\u0440\u0445\u043e\u0442\u0438 \u0438 \u0432\u044b\u043f\u0430\u0434\u0435\u043d\u0438\u044f \u0432\u043e\u043b\u043e\u0441 330\u043c\u043b\u00a0<\/b><\/p>\n<p><b>pH 4,5\u00a0<\/b><\/p>\n<p class=\" translation-block\"><span style=\"font-weight: 400\">\u041c\u0430\u0441\u043a\u0430 \u0434\u043b\u044f \u043c\u0430\u043a\u0441\u0438\u043c\u0430\u043b\u044c\u043d\u043e\u0433\u043e \u043e\u0447\u0438\u0449\u0435\u043d\u0438\u044f \u043a\u043e\u0436\u0438 \u0433\u043e\u043b\u043e\u0432\u044b \u043e\u0442 \u043f\u0435\u0440\u0445\u043e\u0442\u0438, \u043e\u043c\u0435\u0440\u0442\u0432\u0435\u0432\u0448\u0438\u0445 \u043a\u043b\u0435\u0442\u043e\u043a \u0438 \u0434\u0435\u0442\u043e\u043a\u0441\u0438\u043a\u0430\u0446\u0438\u0438 \u0432\u043e\u043b\u043e\u0441 \u0441 \u043f\u043e\u043c\u043e\u0449\u044c\u044e \u0410\u041d\u0410-\u043a\u0438\u0441\u043b\u043e\u0442, \u044d\u043a\u0441\u0444\u043e\u043b\u0438\u0430\u043d\u0442\u043e\u0432 \u043b\u0438\u043c\u043e\u043d\u0430 \u0438 \u0440\u0430\u0441\u0442\u0432\u043e\u0440\u0438\u043c\u043e\u0439 \u043c\u043e\u043b\u043e\u0447\u043d\u043e\u0439 \u043a\u0438\u0441\u043b\u043e\u0442\u044b. \u0423\u0434\u0430\u043b\u044f\u0435\u0442 \u043f\u0435\u0440\u0445\u043e\u0442\u044c \u0431\u043b\u0430\u0433\u043e\u0434\u0430\u0440\u044f <\/span><b>\u041f\u0418\u0420\u0418\u0422\u0418\u041e\u041d\u0423 \u0426\u0418\u041d\u041a<\/b><span style=\"font-weight: 400\">. \u0421\u043e\u0434\u0435\u0440\u0436\u0438\u0442 <\/span><b>PHYTOCHERM\u00ae HAIR LOSS SP<\/b><span style=\"font-weight: 400\"> \u0438 \u0445\u0438\u043d\u0438\u043d, \u043a\u043e\u0442\u043e\u0440\u044b\u0439 \u043f\u0440\u0435\u0434\u043e\u0442\u0432\u0440\u0430\u0449\u0430\u0435\u0442 \u0432\u044b\u043f\u0430\u0434\u0435\u043d\u0438\u0435 \u0432\u043e\u043b\u043e\u0441. \u041f\u0430\u043d\u0442\u0435\u043d\u043e\u043b, \u0430\u043b\u043b\u0430\u043d\u0442\u043e\u0438\u043d, \u0431\u0438\u0441\u0430\u0431\u043e\u043b\u043e\u043b \u0438 \u0441\u0443\u043c\u0430\u0445 \u043e\u0431\u0435\u0441\u043f\u0435\u0447\u0438\u0432\u0430\u044e\u0442 \u0440\u0435\u0433\u0435\u043d\u0435\u0440\u0430\u0446\u0438\u044e \u043a\u043e\u0436\u0438 \u0433\u043e\u043b\u043e\u0432\u044b. \u041c\u0430\u0441\u043b\u043e \u043c\u044f\u0442\u044b \u043f\u0435\u0440\u0435\u0447\u043d\u043e\u0439 \u043f\u043e\u043c\u043e\u0433\u0430\u0435\u0442 \u0443\u043b\u0443\u0447\u0448\u0438\u0442\u044c \u043a\u0440\u043e\u0432\u043e\u043e\u0431\u0440\u0430\u0449\u0435\u043d\u0438\u0435 \u0438 \u043e\u043a\u0430\u0437\u044b\u0432\u0430\u0435\u0442 \u043e\u0445\u043b\u0430\u0436\u0434\u0430\u044e\u0449\u0435\u0435 \u0434\u0435\u0439\u0441\u0442\u0432\u0438\u0435.<\/span><\/p>\n<p><b>\u041f\u043e\u043a\u0430\u0437\u0430\u043d\u0438\u044f \u043a \u043f\u0440\u0438\u043c\u0435\u043d\u0435\u043d\u0438\u044e:\u00a0<\/b><\/p>\n<p><b>\u00a0\u041f\u043e \u043c\u0435\u0440\u0435 \u0438\u043d\u0442\u0435\u043d\u0441\u0438\u0432\u043d\u043e\u0433\u043e \u0448\u0435\u043b\u0443\u0448\u0435\u043d\u0438\u044f \u043a\u043e\u0436\u0438 \u0433\u043e\u043b\u043e\u0432\u044b.\u00a0<\/b><\/p>\n<ul>\n<li><b> <\/b><span style=\"font-weight: 400;\">\u041f\u0440\u0438 \u0436\u0438\u0440\u043d\u043e\u0439 \u043a\u043e\u0436\u0435 \u0433\u043e\u043b\u043e\u0432\u044b \u2014 \u043a\u0430\u0436\u0434\u044b\u0435 3 \u043c\u044b\u0442\u044c\u044f.<\/span><\/li>\n<li><b> <\/b><span style=\"font-weight: 400;\">\u0414\u043b\u044f \u043d\u043e\u0440\u043c\u0430\u043b\u044c\u043d\u043e\u0439 \u043a\u043e\u0436\u0438 \u0433\u043e\u043b\u043e\u0432\u044b \u2014 1 \u0440\u0430\u0437 \u0432 \u043d\u0435\u0434\u0435\u043b\u044e.<\/span><\/li>\n<li><b><\/b><span style=\"font-weight: 400;\"> \u0414\u043b\u044f \u0441\u0443\u0445\u043e\u0439 \u0438 \u0447\u0443\u0432\u0441\u0442\u0432\u0438\u0442\u0435\u043b\u044c\u043d\u043e\u0439 \u043a\u043e\u0436\u0438 \u0433\u043e\u043b\u043e\u0432\u044b \u0438\u0441\u043f\u043e\u043b\u044c\u0437\u0443\u0435\u0442\u0435 <\/span><b>MICELLAR CHELATING DETOX SHAMPOO.<\/b><\/li>\n<\/ul>\n<p><b>\u0421\u043f\u043e\u0441\u043e\u0431 \u043f\u0440\u0438\u043c\u0435\u043d\u0435\u043d\u0438\u044f:\u00a0<\/b><\/p>\n<ol>\n<li><b> <\/b><span style=\"font-weight: 400;\">\u041d\u0430\u043d\u0435\u0441\u0438\u0442\u0435 \u043c\u0430\u0441\u043a\u0443 \u043d\u0430 \u0432\u043b\u0430\u0436\u043d\u044b\u0435 \u0432\u043e\u043b\u043e\u0441\u044b \u0432 \u043e\u0431\u043b\u0430\u0441\u0442\u0438 \u043a\u043e\u0440\u043d\u0435\u0439.<\/span><\/li>\n<li><b> <\/b><span style=\"font-weight: 400;\">\u041f\u043e\u043c\u0430\u0441\u0441\u0438\u0440\u0443\u0439\u0442\u0435 \u043a\u043e\u0436\u0443 \u0433\u043e\u043b\u043e\u0432\u044b \u043a\u0440\u0443\u0433\u043e\u0432\u044b\u043c\u0438 \u0434\u0432\u0438\u0436\u0435\u043d\u0438\u044f\u043c\u0438 \u0438 \u043f\u043e\u0434\u0435\u0440\u0436\u0438\u0442\u0435 5-7 \u043c\u0438\u043d\u0443\u0442.<\/span><\/li>\n<li class=\" translation-block\"><b> <\/b><span style=\"font-weight: 400\">\u041c\u044b\u0442\u044c \u0448\u0430\u043c\u043f\u0443\u043d\u0435\u043c \u0438\u0437 \u0441\u0435\u0440\u0438\u0438<\/span><b> \u0411\u0418\u041e \u0411\u041e\u0422\u0410\u041d\u0418\u0427\u0415\u0421\u041a\u0410\u042f \u0422\u0420\u0418\u0425\u041e\u041b\u041e\u0413\u0418\u0427\u0415\u0421\u041a\u0410\u042f \u0422\u0415\u0420\u0410\u041f\u0418\u042f, <\/b><span style=\"font-weight : 400\">\u043e\u0440\u0438\u0435\u043d\u0442\u0438\u0440\u0443\u0439\u0442\u0435\u0441\u044c \u043f\u043e \u0441\u043e\u0441\u0442\u043e\u044f\u043d\u0438\u044e \u043a\u043e\u0436\u0438 \u0433\u043e\u043b\u043e\u0432\u044b.<\/span><\/li>\n<\/ol>\n<p>&nbsp;<\/p>\n<p><b>Ingredients : <\/b><span style=\"font-weight: 400;\">AQUA, CETEARYL ALCOHOL, CETRIMONIUM CHLORIDE,\u00a0 GLYCERIN, PARA FANUM LIQUIDUM, BEHENTRIMONIUM CHLORIDE, ZINC PYRITHIONE POLYLACTIC ACID, PANTHENOL, PEG-30 LANOLIN, ALLANTOIN, BISABOLOL, CETEARETH-25, LACTIC ACID, GLYCOLIC ACID, CITRIC ACID, MALIC ACID, SALIC\u00cdLIC ACID, PENTYLENE GLYCOL, PEG-40 HYDROGENATED CASTOR OIL, TRIDECETH-9, SINE ADIPE LAC, CINCHONA SUCCIRUBRA BARK EXTRACT, SODIUM BENZOATE, POTASSIUM SORBATE, POIYOUATERNUM.22, BIOTIN, GLYCOPROTEINS, ETHOXYDIGLYCOL, PROPYLENE GLYCOL, ALCOHOL DENAT, TOCOPHERYL <\/span><span style=\"font-weight: 400;\">ACETATE, PYRIDOXINE HOL, PANTHENOL, ZINC CHLORIDE, ACETYLCYSTEINE, GLUTAMINE, <\/span><span style=\"font-weight: 400;\">METHIONINE, SACCHAROMYCES LYSATE, PEG-8, COTINUS COGGYGRIA LEAF EXTRACT, <\/span><span style=\"font-weight: 400;\">DIAZOLIDINYL UREA, MENTHA PIPERITA OIL, PARFUM, LIMONENE, LINALOOL. PHENOXYETHANOL, ETHYLHEXYLGLYCERIN\u00a0<\/span><span style=\"font-weight: 400;\"><br \/>\n<\/span><\/p>","protected":false},"excerpt":{"rendered":"<p>\u0428\u0430\u043c\u043f\u0443\u043d\u044c \u0434\u043b\u044f \u043c\u0430\u043a\u0441\u0438\u043c\u0430\u043b\u044c\u043d\u043e\u0433\u043e \u043e\u0447\u0438\u0449\u0435\u043d\u0438\u044f \u043a\u043e\u0436\u0438 \u0433\u043e\u043b\u043e\u0432\u044b \u043e\u0442 \u043f\u0435\u0440\u0445\u043e\u0442\u0438.<\/p>","protected":false},"featured_media":22784,"template":"","meta":[],"product_brand":[],"product_cat":[84,1558,1567,79],"product_tag":[707],"class_list":{"0":"post-3329","1":"product","2":"type-product","3":"status-publish","4":"has-post-thumbnail","6":"product_cat-masca","7":"product_cat-spa-master","8":"product_cat-clean-detox-line-pentru-curatare-profunda-a-parului","9":"product_cat-toate","10":"product_tag-clean-detox-line-pentru-curatare-profunda-a-parului","12":"first","13":"instock","14":"shipping-taxable","15":"purchasable","16":"product-type-simple"},"yoast_head":"<!-- This site is optimized with the Yoast SEO plugin v27.0 - https:\/\/yoast.com\/product\/yoast-seo-wordpress\/ -->\n<title>Anti Dandruff &amp; Hair Loss Peeling Mask - Melanin Cosmetics<\/title>\n<meta name=\"robots\" content=\"index, follow, max-snippet:-1, max-image-preview:large, max-video-preview:-1\" \/>\n<link rel=\"canonical\" href=\"https:\/\/melanin.md\/ru\/product\/anti-dandruff-hair-loss-peeling-mask\/\" \/>\n<meta property=\"og:locale\" content=\"ru_RU\" \/>\n<meta property=\"og:type\" content=\"article\" \/>\n<meta property=\"og:title\" content=\"Anti Dandruff &amp; Hair Loss Peeling Mask - Melanin Cosmetics\" \/>\n<meta property=\"og:description\" content=\"Masc\u0103 pentru cur\u0103\u021barea maxim\u0103 a scalpului de m\u0103treat\u0103\" \/>\n<meta property=\"og:url\" content=\"https:\/\/melanin.md\/ru\/product\/anti-dandruff-hair-loss-peeling-mask\/\" \/>\n<meta property=\"og:site_name\" content=\"Melanin Cosmetics\" \/>\n<meta property=\"article:modified_time\" content=\"2026-02-16T07:15:30+00:00\" \/>\n<meta property=\"og:image\" content=\"https:\/\/melanin.md\/wp-content\/uploads\/2024\/07\/56.webp\" \/>\n\t<meta property=\"og:image:width\" content=\"800\" \/>\n\t<meta property=\"og:image:height\" content=\"800\" \/>\n\t<meta property=\"og:image:type\" content=\"image\/webp\" \/>\n<meta name=\"twitter:card\" content=\"summary_large_image\" \/>\n<meta name=\"twitter:label1\" content=\"\u041f\u0440\u0438\u043c\u0435\u0440\u043d\u043e\u0435 \u0432\u0440\u0435\u043c\u044f \u0434\u043b\u044f \u0447\u0442\u0435\u043d\u0438\u044f\" \/>\n\t<meta name=\"twitter:data1\" content=\"1 \u043c\u0438\u043d\u0443\u0442\u0430\" \/>\n<script type=\"application\/ld+json\" class=\"yoast-schema-graph\">{\"@context\":\"https:\/\/schema.org\",\"@graph\":[{\"@type\":\"WebPage\",\"@id\":\"https:\/\/melanin.md\/produs\/anti-dandruff-hair-loss-peeling-mask\/\",\"url\":\"https:\/\/melanin.md\/produs\/anti-dandruff-hair-loss-peeling-mask\/\",\"name\":\"Anti Dandruff & Hair Loss Peeling Mask - Melanin Cosmetics\",\"isPartOf\":{\"@id\":\"https:\/\/melanin.md\/#website\"},\"primaryImageOfPage\":{\"@id\":\"https:\/\/melanin.md\/produs\/anti-dandruff-hair-loss-peeling-mask\/#primaryimage\"},\"image\":{\"@id\":\"https:\/\/melanin.md\/produs\/anti-dandruff-hair-loss-peeling-mask\/#primaryimage\"},\"thumbnailUrl\":\"https:\/\/melanin.md\/wp-content\/uploads\/2024\/07\/56.webp\",\"datePublished\":\"2022-01-12T13:49:15+00:00\",\"dateModified\":\"2026-02-16T07:15:30+00:00\",\"breadcrumb\":{\"@id\":\"https:\/\/melanin.md\/produs\/anti-dandruff-hair-loss-peeling-mask\/#breadcrumb\"},\"inLanguage\":\"ru-RU\",\"potentialAction\":[{\"@type\":\"ReadAction\",\"target\":[\"https:\/\/melanin.md\/produs\/anti-dandruff-hair-loss-peeling-mask\/\"]}]},{\"@type\":\"ImageObject\",\"inLanguage\":\"ru-RU\",\"@id\":\"https:\/\/melanin.md\/produs\/anti-dandruff-hair-loss-peeling-mask\/#primaryimage\",\"url\":\"https:\/\/melanin.md\/wp-content\/uploads\/2024\/07\/56.webp\",\"contentUrl\":\"https:\/\/melanin.md\/wp-content\/uploads\/2024\/07\/56.webp\",\"width\":800,\"height\":800},{\"@type\":\"BreadcrumbList\",\"@id\":\"https:\/\/melanin.md\/produs\/anti-dandruff-hair-loss-peeling-mask\/#breadcrumb\",\"itemListElement\":[{\"@type\":\"ListItem\",\"position\":1,\"name\":\"Prima pagin\u0103\",\"item\":\"https:\/\/melanin.md\/\"},{\"@type\":\"ListItem\",\"position\":2,\"name\":\"Produse\",\"item\":\"https:\/\/melanin.md\/shop\/\"},{\"@type\":\"ListItem\",\"position\":3,\"name\":\"Anti Dandruff &#038; Hair Loss Peeling Mask\"}]},{\"@type\":\"WebSite\",\"@id\":\"https:\/\/melanin.md\/#website\",\"url\":\"https:\/\/melanin.md\/\",\"name\":\"Melanin Cosmetics\",\"description\":\"\u00cen fabric\u0103 producem cosmetice, \u00een magazine vindem speran\u021b\u0103.\",\"publisher\":{\"@id\":\"https:\/\/melanin.md\/#organization\"},\"potentialAction\":[{\"@type\":\"SearchAction\",\"target\":{\"@type\":\"EntryPoint\",\"urlTemplate\":\"https:\/\/melanin.md\/?s={search_term_string}\"},\"query-input\":{\"@type\":\"PropertyValueSpecification\",\"valueRequired\":true,\"valueName\":\"search_term_string\"}}],\"inLanguage\":\"ru-RU\"},{\"@type\":\"Organization\",\"@id\":\"https:\/\/melanin.md\/#organization\",\"name\":\"Melanin Cosmetics\",\"url\":\"https:\/\/melanin.md\/\",\"logo\":{\"@type\":\"ImageObject\",\"inLanguage\":\"ru-RU\",\"@id\":\"https:\/\/melanin.md\/#\/schema\/logo\/image\/\",\"url\":\"https:\/\/melanin.md\/wp-content\/uploads\/2023\/06\/cropped-SM-2-1.png\",\"contentUrl\":\"https:\/\/melanin.md\/wp-content\/uploads\/2023\/06\/cropped-SM-2-1.png\",\"width\":512,\"height\":512,\"caption\":\"Melanin Cosmetics\"},\"image\":{\"@id\":\"https:\/\/melanin.md\/#\/schema\/logo\/image\/\"}}]}<\/script>\n<!-- \/ Yoast SEO plugin. -->","yoast_head_json":{"title":"Anti Dandruff & Hair Loss Peeling Mask - Melanin Cosmetics","robots":{"index":"index","follow":"follow","max-snippet":"max-snippet:-1","max-image-preview":"max-image-preview:large","max-video-preview":"max-video-preview:-1"},"canonical":"https:\/\/melanin.md\/ru\/product\/anti-dandruff-hair-loss-peeling-mask\/","og_locale":"ru_RU","og_type":"article","og_title":"Anti Dandruff & Hair Loss Peeling Mask - Melanin Cosmetics","og_description":"Masc\u0103 pentru cur\u0103\u021barea maxim\u0103 a scalpului de m\u0103treat\u0103","og_url":"https:\/\/melanin.md\/ru\/product\/anti-dandruff-hair-loss-peeling-mask\/","og_site_name":"Melanin Cosmetics","article_modified_time":"2026-02-16T07:15:30+00:00","og_image":[{"width":800,"height":800,"url":"https:\/\/melanin.md\/wp-content\/uploads\/2024\/07\/56.webp","type":"image\/webp"}],"twitter_card":"summary_large_image","twitter_misc":{"\u041f\u0440\u0438\u043c\u0435\u0440\u043d\u043e\u0435 \u0432\u0440\u0435\u043c\u044f \u0434\u043b\u044f \u0447\u0442\u0435\u043d\u0438\u044f":"1 \u043c\u0438\u043d\u0443\u0442\u0430"},"schema":{"@context":"https:\/\/schema.org","@graph":[{"@type":"WebPage","@id":"https:\/\/melanin.md\/produs\/anti-dandruff-hair-loss-peeling-mask\/","url":"https:\/\/melanin.md\/produs\/anti-dandruff-hair-loss-peeling-mask\/","name":"Anti Dandruff & Hair Loss Peeling Mask - Melanin Cosmetics","isPartOf":{"@id":"https:\/\/melanin.md\/#website"},"primaryImageOfPage":{"@id":"https:\/\/melanin.md\/produs\/anti-dandruff-hair-loss-peeling-mask\/#primaryimage"},"image":{"@id":"https:\/\/melanin.md\/produs\/anti-dandruff-hair-loss-peeling-mask\/#primaryimage"},"thumbnailUrl":"https:\/\/melanin.md\/wp-content\/uploads\/2024\/07\/56.webp","datePublished":"2022-01-12T13:49:15+00:00","dateModified":"2026-02-16T07:15:30+00:00","breadcrumb":{"@id":"https:\/\/melanin.md\/produs\/anti-dandruff-hair-loss-peeling-mask\/#breadcrumb"},"inLanguage":"ru-RU","potentialAction":[{"@type":"ReadAction","target":["https:\/\/melanin.md\/produs\/anti-dandruff-hair-loss-peeling-mask\/"]}]},{"@type":"ImageObject","inLanguage":"ru-RU","@id":"https:\/\/melanin.md\/produs\/anti-dandruff-hair-loss-peeling-mask\/#primaryimage","url":"https:\/\/melanin.md\/wp-content\/uploads\/2024\/07\/56.webp","contentUrl":"https:\/\/melanin.md\/wp-content\/uploads\/2024\/07\/56.webp","width":800,"height":800},{"@type":"BreadcrumbList","@id":"https:\/\/melanin.md\/produs\/anti-dandruff-hair-loss-peeling-mask\/#breadcrumb","itemListElement":[{"@type":"ListItem","position":1,"name":"Prima pagin\u0103","item":"https:\/\/melanin.md\/"},{"@type":"ListItem","position":2,"name":"Produse","item":"https:\/\/melanin.md\/shop\/"},{"@type":"ListItem","position":3,"name":"Anti Dandruff &#038; Hair Loss Peeling Mask"}]},{"@type":"WebSite","@id":"https:\/\/melanin.md\/#website","url":"https:\/\/melanin.md\/","name":"Melanin Cosmetics","description":"\u00cen fabric\u0103 producem cosmetice, \u00een magazine vindem speran\u021b\u0103.","publisher":{"@id":"https:\/\/melanin.md\/#organization"},"potentialAction":[{"@type":"SearchAction","target":{"@type":"EntryPoint","urlTemplate":"https:\/\/melanin.md\/?s={search_term_string}"},"query-input":{"@type":"PropertyValueSpecification","valueRequired":true,"valueName":"search_term_string"}}],"inLanguage":"ru-RU"},{"@type":"Organization","@id":"https:\/\/melanin.md\/#organization","name":"Melanin Cosmetics","url":"https:\/\/melanin.md\/","logo":{"@type":"ImageObject","inLanguage":"ru-RU","@id":"https:\/\/melanin.md\/#\/schema\/logo\/image\/","url":"https:\/\/melanin.md\/wp-content\/uploads\/2023\/06\/cropped-SM-2-1.png","contentUrl":"https:\/\/melanin.md\/wp-content\/uploads\/2023\/06\/cropped-SM-2-1.png","width":512,"height":512,"caption":"Melanin Cosmetics"},"image":{"@id":"https:\/\/melanin.md\/#\/schema\/logo\/image\/"}}]}},"_links":{"self":[{"href":"https:\/\/melanin.md\/ru\/wp-json\/wp\/v2\/product\/3329","targetHints":{"allow":["GET"]}}],"collection":[{"href":"https:\/\/melanin.md\/ru\/wp-json\/wp\/v2\/product"}],"about":[{"href":"https:\/\/melanin.md\/ru\/wp-json\/wp\/v2\/types\/product"}],"version-history":[{"count":1,"href":"https:\/\/melanin.md\/ru\/wp-json\/wp\/v2\/product\/3329\/revisions"}],"predecessor-version":[{"id":22907,"href":"https:\/\/melanin.md\/ru\/wp-json\/wp\/v2\/product\/3329\/revisions\/22907"}],"wp:featuredmedia":[{"embeddable":true,"href":"https:\/\/melanin.md\/ru\/wp-json\/wp\/v2\/media\/22784"}],"wp:attachment":[{"href":"https:\/\/melanin.md\/ru\/wp-json\/wp\/v2\/media?parent=3329"}],"wp:term":[{"taxonomy":"product_brand","embeddable":true,"href":"https:\/\/melanin.md\/ru\/wp-json\/wp\/v2\/product_brand?post=3329"},{"taxonomy":"product_cat","embeddable":true,"href":"https:\/\/melanin.md\/ru\/wp-json\/wp\/v2\/product_cat?post=3329"},{"taxonomy":"product_tag","embeddable":true,"href":"https:\/\/melanin.md\/ru\/wp-json\/wp\/v2\/product_tag?post=3329"}],"curies":[{"name":"wp","href":"https:\/\/api.w.org\/{rel}","templated":true}]}}