{"id":3582,"date":"2022-01-13T15:27:59","date_gmt":"2022-01-13T13:27:59","guid":{"rendered":"https:\/\/spamaster.md\/?post_type=product&#038;p=3582"},"modified":"2026-02-16T09:11:01","modified_gmt":"2026-02-16T07:11:01","slug":"premium-beard-balm","status":"publish","type":"product","link":"https:\/\/melanin.md\/ru\/product\/premium-beard-balm\/","title":{"rendered":"Premium Beard Balm"},"content":{"rendered":"<p><b>\u0423\u0432\u043b\u0430\u0436\u043d\u044f\u044e\u0449\u0438\u0439 \u0431\u0430\u043b\u044c\u0437\u0430\u043c \u0434\u043b\u044f \u0431\u043e\u0440\u043e\u0434\u044b 30\u043c\u043b\u00a0<\/b><\/p>\n<p><span style=\"font-weight: 400;\">\u0421\u043e\u0434\u0435\u0440\u0436\u0438\u0442 \u043f\u0447\u0435\u043b\u0438\u043d\u044b\u0439 \u0432\u043e\u0441\u043a, \u043c\u0430\u0441\u043b\u043e \u0448\u0438, \u043a\u043e\u043a\u043e\u0441\u0430, \u043a\u0430\u043a\u0430\u043e, \u0436\u043e\u0436\u043e\u0431\u0430, \u043a\u0430\u0441\u0442\u043e\u0440\u043e\u0432\u043e\u0435, \u0447\u0438\u0430, \u0430\u0440\u0433\u0430\u043d\u044b \u0438 \u043c\u0438\u043d\u0434\u0430\u043b\u044f. \u0411\u0430\u043b\u044c\u0437\u0430\u043c \u0438\u043c\u0435\u0435\u0442 \u0441\u0432\u0435\u0436\u0438\u0439 \u043b\u0438\u043c\u043e\u043d\u043d\u044b\u0439 \u0430\u0440\u043e\u043c\u0430\u0442.\u00a0<\/span><\/p>\n<p><b>\u0421\u043f\u043e\u0441\u043e\u0431 \u043f\u0440\u0438\u043c\u0435\u043d\u0435\u043d\u0438\u044f:\u00a0<\/b><\/p>\n<p><span style=\"font-weight: 400;\">\u0421\u043e\u0433\u0440\u0435\u0439\u0442\u0435 \u043d\u0435\u0431\u043e\u043b\u044c\u0448\u043e\u0435 \u043a\u043e\u043b\u0438\u0447\u0435\u0441\u0442\u0432\u043e \u043f\u0440\u043e\u0434\u0443\u043a\u0442\u0430 \u0432 \u043b\u0430\u0434\u043e\u043d\u044f\u0445, \u0430 \u0437\u0430\u0442\u0435\u043c \u043d\u0430\u043d\u0435\u0441\u0438\u0442\u0435 \u043d\u0430 \u0431\u043e\u0440\u043e\u0434\u0443. \u0418\u0437\u0431\u0435\u0433\u0430\u0439\u0442\u0435 \u043f\u043e\u043f\u0430\u0434\u0430\u043d\u0438\u044f \u0432 \u0433\u043b\u0430\u0437\u0430.\u00a0 <\/span><span style=\"font-weight: 400;\">\u00a0<\/span><\/p>\n<p><b>Ingredients : <\/b><span style=\"font-weight: 400;\">COCOS NUCIFERA SEED BUTTER, RICINUS COMMUNIS SEED OIL, BUTYROSPERMUM PARKII BUTTER, <\/span><span style=\"font-weight: 400;\">BEESWAX, PRUNUS AMYGDALUS DULCIS OIL, SIMMONDSIA CHINENSIS SEED OIL ARGANIA <\/span><span style=\"font-weight: 400;\">SPINOSA KERNEL OIL, SALVIA HISPANICA SEED OIL, THEOBROMA CACAO SEED BUTTER, LANOLIN, <\/span><span style=\"font-weight: 400;\">CYMBOPOGON FLEXUOSUS OIL, CITRAL, CITRONELLOL, GERANIOL, LIMONENE, LINALOOL, BHT<\/span><\/p>","protected":false},"excerpt":{"rendered":"<p>\u0423\u0432\u043b\u0430\u0436\u043d\u044f\u044e\u0449\u0438\u0439 \u0431\u0430\u043b\u044c\u0437\u0430\u043c \u0434\u043b\u044f \u0431\u043e\u0440\u043e\u0434\u044b<\/p>","protected":false},"featured_media":22733,"template":"","meta":[],"product_brand":[],"product_cat":[1558,1571,85,79],"product_tag":[],"class_list":{"0":"post-3582","1":"product","2":"type-product","3":"status-publish","4":"has-post-thumbnail","6":"product_cat-spa-master","7":"product_cat-mens-master-pentru-barbati","8":"product_cat-mens-master","9":"product_cat-toate","11":"first","12":"instock","13":"shipping-taxable","14":"purchasable","15":"product-type-simple"},"yoast_head":"<!-- This site is optimized with the Yoast SEO plugin v27.0 - https:\/\/yoast.com\/product\/yoast-seo-wordpress\/ -->\n<title>Premium Beard Balm - Melanin Cosmetics<\/title>\n<meta name=\"robots\" content=\"index, follow, max-snippet:-1, max-image-preview:large, max-video-preview:-1\" \/>\n<link rel=\"canonical\" href=\"https:\/\/melanin.md\/ru\/product\/premium-beard-balm\/\" \/>\n<meta property=\"og:locale\" content=\"ru_RU\" \/>\n<meta property=\"og:type\" content=\"article\" \/>\n<meta property=\"og:title\" content=\"Premium Beard Balm - Melanin Cosmetics\" \/>\n<meta property=\"og:description\" content=\"Balsam Hidratant pentru barb\u0103\" \/>\n<meta property=\"og:url\" content=\"https:\/\/melanin.md\/ru\/product\/premium-beard-balm\/\" \/>\n<meta property=\"og:site_name\" content=\"Melanin Cosmetics\" \/>\n<meta property=\"article:modified_time\" content=\"2026-02-16T07:11:01+00:00\" \/>\n<meta property=\"og:image\" content=\"https:\/\/melanin.md\/wp-content\/uploads\/2024\/07\/5.webp\" \/>\n\t<meta property=\"og:image:width\" content=\"800\" \/>\n\t<meta property=\"og:image:height\" content=\"800\" \/>\n\t<meta property=\"og:image:type\" content=\"image\/webp\" \/>\n<meta name=\"twitter:card\" content=\"summary_large_image\" \/>\n<meta name=\"twitter:label1\" content=\"\u041f\u0440\u0438\u043c\u0435\u0440\u043d\u043e\u0435 \u0432\u0440\u0435\u043c\u044f \u0434\u043b\u044f \u0447\u0442\u0435\u043d\u0438\u044f\" \/>\n\t<meta name=\"twitter:data1\" content=\"1 \u043c\u0438\u043d\u0443\u0442\u0430\" \/>\n<script type=\"application\/ld+json\" class=\"yoast-schema-graph\">{\"@context\":\"https:\/\/schema.org\",\"@graph\":[{\"@type\":\"WebPage\",\"@id\":\"https:\/\/melanin.md\/produs\/premium-beard-balm\/\",\"url\":\"https:\/\/melanin.md\/produs\/premium-beard-balm\/\",\"name\":\"Premium Beard Balm - Melanin Cosmetics\",\"isPartOf\":{\"@id\":\"https:\/\/melanin.md\/#website\"},\"primaryImageOfPage\":{\"@id\":\"https:\/\/melanin.md\/produs\/premium-beard-balm\/#primaryimage\"},\"image\":{\"@id\":\"https:\/\/melanin.md\/produs\/premium-beard-balm\/#primaryimage\"},\"thumbnailUrl\":\"https:\/\/melanin.md\/wp-content\/uploads\/2024\/07\/5.webp\",\"datePublished\":\"2022-01-13T13:27:59+00:00\",\"dateModified\":\"2026-02-16T07:11:01+00:00\",\"breadcrumb\":{\"@id\":\"https:\/\/melanin.md\/produs\/premium-beard-balm\/#breadcrumb\"},\"inLanguage\":\"ru-RU\",\"potentialAction\":[{\"@type\":\"ReadAction\",\"target\":[\"https:\/\/melanin.md\/produs\/premium-beard-balm\/\"]}]},{\"@type\":\"ImageObject\",\"inLanguage\":\"ru-RU\",\"@id\":\"https:\/\/melanin.md\/produs\/premium-beard-balm\/#primaryimage\",\"url\":\"https:\/\/melanin.md\/wp-content\/uploads\/2024\/07\/5.webp\",\"contentUrl\":\"https:\/\/melanin.md\/wp-content\/uploads\/2024\/07\/5.webp\",\"width\":800,\"height\":800},{\"@type\":\"BreadcrumbList\",\"@id\":\"https:\/\/melanin.md\/produs\/premium-beard-balm\/#breadcrumb\",\"itemListElement\":[{\"@type\":\"ListItem\",\"position\":1,\"name\":\"Prima pagin\u0103\",\"item\":\"https:\/\/melanin.md\/\"},{\"@type\":\"ListItem\",\"position\":2,\"name\":\"Produse\",\"item\":\"https:\/\/melanin.md\/shop\/\"},{\"@type\":\"ListItem\",\"position\":3,\"name\":\"Premium Beard Balm\"}]},{\"@type\":\"WebSite\",\"@id\":\"https:\/\/melanin.md\/#website\",\"url\":\"https:\/\/melanin.md\/\",\"name\":\"Melanin Cosmetics\",\"description\":\"\u00cen fabric\u0103 producem cosmetice, \u00een magazine vindem speran\u021b\u0103.\",\"publisher\":{\"@id\":\"https:\/\/melanin.md\/#organization\"},\"potentialAction\":[{\"@type\":\"SearchAction\",\"target\":{\"@type\":\"EntryPoint\",\"urlTemplate\":\"https:\/\/melanin.md\/?s={search_term_string}\"},\"query-input\":{\"@type\":\"PropertyValueSpecification\",\"valueRequired\":true,\"valueName\":\"search_term_string\"}}],\"inLanguage\":\"ru-RU\"},{\"@type\":\"Organization\",\"@id\":\"https:\/\/melanin.md\/#organization\",\"name\":\"Melanin Cosmetics\",\"url\":\"https:\/\/melanin.md\/\",\"logo\":{\"@type\":\"ImageObject\",\"inLanguage\":\"ru-RU\",\"@id\":\"https:\/\/melanin.md\/#\/schema\/logo\/image\/\",\"url\":\"https:\/\/melanin.md\/wp-content\/uploads\/2023\/06\/cropped-SM-2-1.png\",\"contentUrl\":\"https:\/\/melanin.md\/wp-content\/uploads\/2023\/06\/cropped-SM-2-1.png\",\"width\":512,\"height\":512,\"caption\":\"Melanin Cosmetics\"},\"image\":{\"@id\":\"https:\/\/melanin.md\/#\/schema\/logo\/image\/\"}}]}<\/script>\n<!-- \/ Yoast SEO plugin. -->","yoast_head_json":{"title":"Premium Beard Balm - Melanin Cosmetics","robots":{"index":"index","follow":"follow","max-snippet":"max-snippet:-1","max-image-preview":"max-image-preview:large","max-video-preview":"max-video-preview:-1"},"canonical":"https:\/\/melanin.md\/ru\/product\/premium-beard-balm\/","og_locale":"ru_RU","og_type":"article","og_title":"Premium Beard Balm - Melanin Cosmetics","og_description":"Balsam Hidratant pentru barb\u0103","og_url":"https:\/\/melanin.md\/ru\/product\/premium-beard-balm\/","og_site_name":"Melanin Cosmetics","article_modified_time":"2026-02-16T07:11:01+00:00","og_image":[{"width":800,"height":800,"url":"https:\/\/melanin.md\/wp-content\/uploads\/2024\/07\/5.webp","type":"image\/webp"}],"twitter_card":"summary_large_image","twitter_misc":{"\u041f\u0440\u0438\u043c\u0435\u0440\u043d\u043e\u0435 \u0432\u0440\u0435\u043c\u044f \u0434\u043b\u044f \u0447\u0442\u0435\u043d\u0438\u044f":"1 \u043c\u0438\u043d\u0443\u0442\u0430"},"schema":{"@context":"https:\/\/schema.org","@graph":[{"@type":"WebPage","@id":"https:\/\/melanin.md\/produs\/premium-beard-balm\/","url":"https:\/\/melanin.md\/produs\/premium-beard-balm\/","name":"Premium Beard Balm - Melanin Cosmetics","isPartOf":{"@id":"https:\/\/melanin.md\/#website"},"primaryImageOfPage":{"@id":"https:\/\/melanin.md\/produs\/premium-beard-balm\/#primaryimage"},"image":{"@id":"https:\/\/melanin.md\/produs\/premium-beard-balm\/#primaryimage"},"thumbnailUrl":"https:\/\/melanin.md\/wp-content\/uploads\/2024\/07\/5.webp","datePublished":"2022-01-13T13:27:59+00:00","dateModified":"2026-02-16T07:11:01+00:00","breadcrumb":{"@id":"https:\/\/melanin.md\/produs\/premium-beard-balm\/#breadcrumb"},"inLanguage":"ru-RU","potentialAction":[{"@type":"ReadAction","target":["https:\/\/melanin.md\/produs\/premium-beard-balm\/"]}]},{"@type":"ImageObject","inLanguage":"ru-RU","@id":"https:\/\/melanin.md\/produs\/premium-beard-balm\/#primaryimage","url":"https:\/\/melanin.md\/wp-content\/uploads\/2024\/07\/5.webp","contentUrl":"https:\/\/melanin.md\/wp-content\/uploads\/2024\/07\/5.webp","width":800,"height":800},{"@type":"BreadcrumbList","@id":"https:\/\/melanin.md\/produs\/premium-beard-balm\/#breadcrumb","itemListElement":[{"@type":"ListItem","position":1,"name":"Prima pagin\u0103","item":"https:\/\/melanin.md\/"},{"@type":"ListItem","position":2,"name":"Produse","item":"https:\/\/melanin.md\/shop\/"},{"@type":"ListItem","position":3,"name":"Premium Beard Balm"}]},{"@type":"WebSite","@id":"https:\/\/melanin.md\/#website","url":"https:\/\/melanin.md\/","name":"Melanin Cosmetics","description":"\u00cen fabric\u0103 producem cosmetice, \u00een magazine vindem speran\u021b\u0103.","publisher":{"@id":"https:\/\/melanin.md\/#organization"},"potentialAction":[{"@type":"SearchAction","target":{"@type":"EntryPoint","urlTemplate":"https:\/\/melanin.md\/?s={search_term_string}"},"query-input":{"@type":"PropertyValueSpecification","valueRequired":true,"valueName":"search_term_string"}}],"inLanguage":"ru-RU"},{"@type":"Organization","@id":"https:\/\/melanin.md\/#organization","name":"Melanin Cosmetics","url":"https:\/\/melanin.md\/","logo":{"@type":"ImageObject","inLanguage":"ru-RU","@id":"https:\/\/melanin.md\/#\/schema\/logo\/image\/","url":"https:\/\/melanin.md\/wp-content\/uploads\/2023\/06\/cropped-SM-2-1.png","contentUrl":"https:\/\/melanin.md\/wp-content\/uploads\/2023\/06\/cropped-SM-2-1.png","width":512,"height":512,"caption":"Melanin Cosmetics"},"image":{"@id":"https:\/\/melanin.md\/#\/schema\/logo\/image\/"}}]}},"_links":{"self":[{"href":"https:\/\/melanin.md\/ru\/wp-json\/wp\/v2\/product\/3582","targetHints":{"allow":["GET"]}}],"collection":[{"href":"https:\/\/melanin.md\/ru\/wp-json\/wp\/v2\/product"}],"about":[{"href":"https:\/\/melanin.md\/ru\/wp-json\/wp\/v2\/types\/product"}],"version-history":[{"count":1,"href":"https:\/\/melanin.md\/ru\/wp-json\/wp\/v2\/product\/3582\/revisions"}],"predecessor-version":[{"id":22874,"href":"https:\/\/melanin.md\/ru\/wp-json\/wp\/v2\/product\/3582\/revisions\/22874"}],"wp:featuredmedia":[{"embeddable":true,"href":"https:\/\/melanin.md\/ru\/wp-json\/wp\/v2\/media\/22733"}],"wp:attachment":[{"href":"https:\/\/melanin.md\/ru\/wp-json\/wp\/v2\/media?parent=3582"}],"wp:term":[{"taxonomy":"product_brand","embeddable":true,"href":"https:\/\/melanin.md\/ru\/wp-json\/wp\/v2\/product_brand?post=3582"},{"taxonomy":"product_cat","embeddable":true,"href":"https:\/\/melanin.md\/ru\/wp-json\/wp\/v2\/product_cat?post=3582"},{"taxonomy":"product_tag","embeddable":true,"href":"https:\/\/melanin.md\/ru\/wp-json\/wp\/v2\/product_tag?post=3582"}],"curies":[{"name":"wp","href":"https:\/\/api.w.org\/{rel}","templated":true}]}}