{"id":3691,"date":"2022-01-14T09:23:06","date_gmt":"2022-01-14T07:23:06","guid":{"rendered":"https:\/\/spamaster.md\/?post_type=product&#038;p=3691"},"modified":"2026-02-16T09:04:27","modified_gmt":"2026-02-16T07:04:27","slug":"1-2-set-pentru-volumul-parului-cu-colagen","status":"publish","type":"product","link":"https:\/\/melanin.md\/ru\/product\/1-2-set-pentru-volumul-parului-cu-colagen\/","title":{"rendered":"#1-2 Set Anti-Age Line"},"content":{"rendered":"<p><strong>LIFTING COLLAGEN ANTI-AGE LINE\u00a0<\/strong><\/p>\n<p>\u0423\u043b\u0443\u0447\u0448\u0435\u043d\u043d\u0430\u044f \u043b\u0438\u043d\u0435\u0439\u043a\u0430 \u0441\u0440\u0435\u0434\u0441\u0442\u0432 \u0434\u043b\u044f \u0441\u0438\u043b\u044c\u043d\u043e \u043f\u043e\u0432\u0440\u0435\u0436\u0434\u0435\u043d\u043d\u044b\u0445 \u0438 \u0445\u0438\u043c\u0438\u0447\u0435\u0441\u043a\u0438 \u0437\u0430\u0432\u0438\u0442\u044b\u0445 \u0432\u043e\u043b\u043e\u0441. \u0421\u043f\u0435\u0446\u0438\u0430\u043b\u044c\u043d\u043e \u0440\u0430\u0437\u0440\u0430\u0431\u043e\u0442\u0430\u043d \u0434\u043b\u044f \u043e\u043a\u0440\u0430\u0448\u0435\u043d\u043d\u044b\u0445 \u0438 \u00ab\u0443\u0441\u0442\u0430\u0432\u0448\u0438\u0445\u00bb \u0432\u043e\u043b\u043e\u0441. \u0421\u0442\u0440\u0443\u043a\u0442\u0443\u0440\u0438\u0440\u0443\u0435\u0442 \u043f\u043e\u0434\u043a\u0440\u0443\u0447\u0438\u0432\u0430\u0435\u0442 \u0438 \u0443\u0441\u0442\u0440\u0430\u043d\u044f\u0435\u0442 \u043f\u043e\u0440\u0438\u0441\u0442\u043e\u0441\u0442\u044c, \u043f\u0440\u0438\u0434\u0430\u0435\u0442 \u043e\u0431\u044a\u0435\u043c, \u0443\u0432\u043b\u0430\u0436\u043d\u044f\u0435\u0442, \u0434\u0435\u043b\u0430\u0435\u0442 \u0432\u043e\u043b\u043e\u0441\u044b \u043c\u044f\u0433\u043a\u0438\u043c\u0438 \u0438 \u044d\u043b\u0430\u0441\u0442\u0438\u0447\u043d\u044b\u043c\u0438. \u0412 \u043e\u0441\u043d\u043e\u0432\u0435 \u0441\u0435\u0440\u0438\u0438 \u043a\u043e\u043b\u043b\u0430\u0433\u0435\u043d, \u0434\u0430\u043c\u0430\u0441\u0441\u043a\u0430\u044f \u0440\u043e\u0437\u0430, \u043c\u0430\u0441\u043b\u043e \u0448\u0438, \u043c\u0430\u043a\u0430\u0434\u0430\u043c\u0438\u0438, \u0430\u0432\u043e\u043a\u0430\u0434\u043e \u0438 \u043f\u0430\u043b\u044c\u043c\u043e\u0432\u043e\u0435 \u043c\u0430\u0441\u043b\u043e. \u041e\u043d \u0442\u0430\u043a\u0436\u0435 \u0441\u043e\u0434\u0435\u0440\u0436\u0438\u0442 SilPLEX\u00ae, \u0433\u043b\u0438\u0446\u0435\u0440\u0438\u043d \u0438 \u043f\u0430\u043d\u0442\u0435\u043d\u043e\u043b.<\/p>\n<p><strong>\u0412 \u043d\u0430\u0431\u043e\u0440 \u0432\u0445\u043e\u0434\u044f\u0442:<\/strong><\/p>\n<ol>\n<li>\u0428\u0430\u043c\u043f\u0443\u043d\u044c \u0434\u043b\u044f \u043e\u0431\u044a\u0435\u043c\u0430 \u0432\u043e\u043b\u043e\u0441 \u0441 \u043a\u043e\u043b\u043b\u0430\u0433\u0435\u043d\u043e\u043c 330\u043c\u043b<\/li>\n<li>\u041a\u043e\u043d\u0434\u0438\u0446\u0438\u043e\u043d\u0435\u0440 \u0434\u043b\u044f \u043e\u0431\u044a\u0435\u043c\u0430 \u0432\u043e\u043b\u043e\u0441 \u0441 \u043a\u043e\u043b\u043b\u0430\u0433\u0435\u043d\u043e\u043c 970\u043c\u043b<\/li>\n<li>\u0423\u0432\u043b\u0430\u0436\u043d\u044f\u044e\u0449\u0430\u044f \u043c\u0430\u0441\u043a\u0430 \u0434\u043b\u044f \u0432\u043e\u043b\u043e\u0441 \u0441 \u0434\u0430\u043c\u0430\u0441\u0441\u043a\u043e\u0439 \u0440\u043e\u0437\u043e\u0439 \u0438 \u043f\u0430\u043b\u044c\u043c\u043e\u0432\u044b\u043c \u043c\u0430\u0441\u043b\u043e\u043c 500\u043c\u043b<\/li>\n<\/ol>","protected":false},"excerpt":{"rendered":"<p>\u041d\u0430\u0431\u043e\u0440 \u0434\u043b\u044f \u043e\u0431\u044a\u0435\u043c\u0430 \u0432\u043e\u043b\u043e\u0441 \u0441 \u043a\u043e\u043b\u043b\u0430\u0433\u0435\u043d\u043e\u043c<\/p>","protected":false},"featured_media":23007,"template":"","meta":[],"product_brand":[],"product_cat":[1558,1566,86,79],"product_tag":[706],"class_list":{"0":"post-3691","1":"product","2":"type-product","3":"status-publish","4":"has-post-thumbnail","6":"product_cat-spa-master","7":"product_cat-anti-age-line-pentru-volumul-parului","8":"product_cat-seturi","9":"product_cat-toate","10":"product_tag-anti-age-line-pentru-volumul-parului","12":"first","13":"instock","14":"shipping-taxable","15":"purchasable","16":"product-type-simple"},"yoast_head":"<!-- This site is optimized with the Yoast SEO plugin v27.0 - https:\/\/yoast.com\/product\/yoast-seo-wordpress\/ -->\n<title>#1-2 Set Anti-Age Line - Melanin Cosmetics<\/title>\n<meta name=\"robots\" content=\"index, follow, max-snippet:-1, max-image-preview:large, max-video-preview:-1\" \/>\n<link rel=\"canonical\" href=\"https:\/\/melanin.md\/ru\/product\/1-2-set-pentru-volumul-parului-cu-colagen\/\" \/>\n<meta property=\"og:locale\" content=\"ru_RU\" \/>\n<meta property=\"og:type\" content=\"article\" \/>\n<meta property=\"og:title\" content=\"#1-2 Set Anti-Age Line - Melanin Cosmetics\" \/>\n<meta property=\"og:description\" content=\"Set pentru volumul p\u0103rului cu colagen\" \/>\n<meta property=\"og:url\" content=\"https:\/\/melanin.md\/ru\/product\/1-2-set-pentru-volumul-parului-cu-colagen\/\" \/>\n<meta property=\"og:site_name\" content=\"Melanin Cosmetics\" \/>\n<meta property=\"article:modified_time\" content=\"2026-02-16T07:04:27+00:00\" \/>\n<meta property=\"og:image\" content=\"https:\/\/melanin.md\/wp-content\/uploads\/2024\/07\/set_1-2-scaled-1-scaled-1.webp\" \/>\n\t<meta property=\"og:image:width\" content=\"1600\" \/>\n\t<meta property=\"og:image:height\" content=\"1600\" \/>\n\t<meta property=\"og:image:type\" content=\"image\/webp\" \/>\n<meta name=\"twitter:card\" content=\"summary_large_image\" \/>\n<script type=\"application\/ld+json\" class=\"yoast-schema-graph\">{\"@context\":\"https:\/\/schema.org\",\"@graph\":[{\"@type\":\"WebPage\",\"@id\":\"https:\/\/melanin.md\/produs\/1-2-set-pentru-volumul-parului-cu-colagen\/\",\"url\":\"https:\/\/melanin.md\/produs\/1-2-set-pentru-volumul-parului-cu-colagen\/\",\"name\":\"#1-2 Set Anti-Age Line - Melanin Cosmetics\",\"isPartOf\":{\"@id\":\"https:\/\/melanin.md\/#website\"},\"primaryImageOfPage\":{\"@id\":\"https:\/\/melanin.md\/produs\/1-2-set-pentru-volumul-parului-cu-colagen\/#primaryimage\"},\"image\":{\"@id\":\"https:\/\/melanin.md\/produs\/1-2-set-pentru-volumul-parului-cu-colagen\/#primaryimage\"},\"thumbnailUrl\":\"https:\/\/melanin.md\/wp-content\/uploads\/2024\/07\/set_1-2-scaled-1-scaled-1.webp\",\"datePublished\":\"2022-01-14T07:23:06+00:00\",\"dateModified\":\"2026-02-16T07:04:27+00:00\",\"breadcrumb\":{\"@id\":\"https:\/\/melanin.md\/produs\/1-2-set-pentru-volumul-parului-cu-colagen\/#breadcrumb\"},\"inLanguage\":\"ru-RU\",\"potentialAction\":[{\"@type\":\"ReadAction\",\"target\":[\"https:\/\/melanin.md\/produs\/1-2-set-pentru-volumul-parului-cu-colagen\/\"]}]},{\"@type\":\"ImageObject\",\"inLanguage\":\"ru-RU\",\"@id\":\"https:\/\/melanin.md\/produs\/1-2-set-pentru-volumul-parului-cu-colagen\/#primaryimage\",\"url\":\"https:\/\/melanin.md\/wp-content\/uploads\/2024\/07\/set_1-2-scaled-1-scaled-1.webp\",\"contentUrl\":\"https:\/\/melanin.md\/wp-content\/uploads\/2024\/07\/set_1-2-scaled-1-scaled-1.webp\",\"width\":1600,\"height\":1600},{\"@type\":\"BreadcrumbList\",\"@id\":\"https:\/\/melanin.md\/produs\/1-2-set-pentru-volumul-parului-cu-colagen\/#breadcrumb\",\"itemListElement\":[{\"@type\":\"ListItem\",\"position\":1,\"name\":\"Prima pagin\u0103\",\"item\":\"https:\/\/melanin.md\/\"},{\"@type\":\"ListItem\",\"position\":2,\"name\":\"Produse\",\"item\":\"https:\/\/melanin.md\/shop\/\"},{\"@type\":\"ListItem\",\"position\":3,\"name\":\"#1-2 Set Anti-Age Line\"}]},{\"@type\":\"WebSite\",\"@id\":\"https:\/\/melanin.md\/#website\",\"url\":\"https:\/\/melanin.md\/\",\"name\":\"Melanin Cosmetics\",\"description\":\"\u00cen fabric\u0103 producem cosmetice, \u00een magazine vindem speran\u021b\u0103.\",\"publisher\":{\"@id\":\"https:\/\/melanin.md\/#organization\"},\"potentialAction\":[{\"@type\":\"SearchAction\",\"target\":{\"@type\":\"EntryPoint\",\"urlTemplate\":\"https:\/\/melanin.md\/?s={search_term_string}\"},\"query-input\":{\"@type\":\"PropertyValueSpecification\",\"valueRequired\":true,\"valueName\":\"search_term_string\"}}],\"inLanguage\":\"ru-RU\"},{\"@type\":\"Organization\",\"@id\":\"https:\/\/melanin.md\/#organization\",\"name\":\"Melanin Cosmetics\",\"url\":\"https:\/\/melanin.md\/\",\"logo\":{\"@type\":\"ImageObject\",\"inLanguage\":\"ru-RU\",\"@id\":\"https:\/\/melanin.md\/#\/schema\/logo\/image\/\",\"url\":\"https:\/\/melanin.md\/wp-content\/uploads\/2023\/06\/cropped-SM-2-1.png\",\"contentUrl\":\"https:\/\/melanin.md\/wp-content\/uploads\/2023\/06\/cropped-SM-2-1.png\",\"width\":512,\"height\":512,\"caption\":\"Melanin Cosmetics\"},\"image\":{\"@id\":\"https:\/\/melanin.md\/#\/schema\/logo\/image\/\"}}]}<\/script>\n<!-- \/ Yoast SEO plugin. -->","yoast_head_json":{"title":"#1-2 Set Anti-Age Line - Melanin Cosmetics","robots":{"index":"index","follow":"follow","max-snippet":"max-snippet:-1","max-image-preview":"max-image-preview:large","max-video-preview":"max-video-preview:-1"},"canonical":"https:\/\/melanin.md\/ru\/product\/1-2-set-pentru-volumul-parului-cu-colagen\/","og_locale":"ru_RU","og_type":"article","og_title":"#1-2 Set Anti-Age Line - Melanin Cosmetics","og_description":"Set pentru volumul p\u0103rului cu colagen","og_url":"https:\/\/melanin.md\/ru\/product\/1-2-set-pentru-volumul-parului-cu-colagen\/","og_site_name":"Melanin Cosmetics","article_modified_time":"2026-02-16T07:04:27+00:00","og_image":[{"width":1600,"height":1600,"url":"https:\/\/melanin.md\/wp-content\/uploads\/2024\/07\/set_1-2-scaled-1-scaled-1.webp","type":"image\/webp"}],"twitter_card":"summary_large_image","schema":{"@context":"https:\/\/schema.org","@graph":[{"@type":"WebPage","@id":"https:\/\/melanin.md\/produs\/1-2-set-pentru-volumul-parului-cu-colagen\/","url":"https:\/\/melanin.md\/produs\/1-2-set-pentru-volumul-parului-cu-colagen\/","name":"#1-2 Set Anti-Age Line - Melanin Cosmetics","isPartOf":{"@id":"https:\/\/melanin.md\/#website"},"primaryImageOfPage":{"@id":"https:\/\/melanin.md\/produs\/1-2-set-pentru-volumul-parului-cu-colagen\/#primaryimage"},"image":{"@id":"https:\/\/melanin.md\/produs\/1-2-set-pentru-volumul-parului-cu-colagen\/#primaryimage"},"thumbnailUrl":"https:\/\/melanin.md\/wp-content\/uploads\/2024\/07\/set_1-2-scaled-1-scaled-1.webp","datePublished":"2022-01-14T07:23:06+00:00","dateModified":"2026-02-16T07:04:27+00:00","breadcrumb":{"@id":"https:\/\/melanin.md\/produs\/1-2-set-pentru-volumul-parului-cu-colagen\/#breadcrumb"},"inLanguage":"ru-RU","potentialAction":[{"@type":"ReadAction","target":["https:\/\/melanin.md\/produs\/1-2-set-pentru-volumul-parului-cu-colagen\/"]}]},{"@type":"ImageObject","inLanguage":"ru-RU","@id":"https:\/\/melanin.md\/produs\/1-2-set-pentru-volumul-parului-cu-colagen\/#primaryimage","url":"https:\/\/melanin.md\/wp-content\/uploads\/2024\/07\/set_1-2-scaled-1-scaled-1.webp","contentUrl":"https:\/\/melanin.md\/wp-content\/uploads\/2024\/07\/set_1-2-scaled-1-scaled-1.webp","width":1600,"height":1600},{"@type":"BreadcrumbList","@id":"https:\/\/melanin.md\/produs\/1-2-set-pentru-volumul-parului-cu-colagen\/#breadcrumb","itemListElement":[{"@type":"ListItem","position":1,"name":"Prima pagin\u0103","item":"https:\/\/melanin.md\/"},{"@type":"ListItem","position":2,"name":"Produse","item":"https:\/\/melanin.md\/shop\/"},{"@type":"ListItem","position":3,"name":"#1-2 Set Anti-Age Line"}]},{"@type":"WebSite","@id":"https:\/\/melanin.md\/#website","url":"https:\/\/melanin.md\/","name":"Melanin Cosmetics","description":"\u00cen fabric\u0103 producem cosmetice, \u00een magazine vindem speran\u021b\u0103.","publisher":{"@id":"https:\/\/melanin.md\/#organization"},"potentialAction":[{"@type":"SearchAction","target":{"@type":"EntryPoint","urlTemplate":"https:\/\/melanin.md\/?s={search_term_string}"},"query-input":{"@type":"PropertyValueSpecification","valueRequired":true,"valueName":"search_term_string"}}],"inLanguage":"ru-RU"},{"@type":"Organization","@id":"https:\/\/melanin.md\/#organization","name":"Melanin Cosmetics","url":"https:\/\/melanin.md\/","logo":{"@type":"ImageObject","inLanguage":"ru-RU","@id":"https:\/\/melanin.md\/#\/schema\/logo\/image\/","url":"https:\/\/melanin.md\/wp-content\/uploads\/2023\/06\/cropped-SM-2-1.png","contentUrl":"https:\/\/melanin.md\/wp-content\/uploads\/2023\/06\/cropped-SM-2-1.png","width":512,"height":512,"caption":"Melanin Cosmetics"},"image":{"@id":"https:\/\/melanin.md\/#\/schema\/logo\/image\/"}}]}},"_links":{"self":[{"href":"https:\/\/melanin.md\/ru\/wp-json\/wp\/v2\/product\/3691","targetHints":{"allow":["GET"]}}],"collection":[{"href":"https:\/\/melanin.md\/ru\/wp-json\/wp\/v2\/product"}],"about":[{"href":"https:\/\/melanin.md\/ru\/wp-json\/wp\/v2\/types\/product"}],"version-history":[{"count":1,"href":"https:\/\/melanin.md\/ru\/wp-json\/wp\/v2\/product\/3691\/revisions"}],"predecessor-version":[{"id":23030,"href":"https:\/\/melanin.md\/ru\/wp-json\/wp\/v2\/product\/3691\/revisions\/23030"}],"wp:featuredmedia":[{"embeddable":true,"href":"https:\/\/melanin.md\/ru\/wp-json\/wp\/v2\/media\/23007"}],"wp:attachment":[{"href":"https:\/\/melanin.md\/ru\/wp-json\/wp\/v2\/media?parent=3691"}],"wp:term":[{"taxonomy":"product_brand","embeddable":true,"href":"https:\/\/melanin.md\/ru\/wp-json\/wp\/v2\/product_brand?post=3691"},{"taxonomy":"product_cat","embeddable":true,"href":"https:\/\/melanin.md\/ru\/wp-json\/wp\/v2\/product_cat?post=3691"},{"taxonomy":"product_tag","embeddable":true,"href":"https:\/\/melanin.md\/ru\/wp-json\/wp\/v2\/product_tag?post=3691"}],"curies":[{"name":"wp","href":"https:\/\/api.w.org\/{rel}","templated":true}]}}