{"id":3765,"date":"2022-01-14T12:04:46","date_gmt":"2022-01-14T10:04:46","guid":{"rendered":"https:\/\/spamaster.md\/?post_type=product&#038;p=3765"},"modified":"2026-02-16T09:07:53","modified_gmt":"2026-02-16T07:07:53","slug":"5-4-set-impotriva-matretii-si-caderii-parului","status":"publish","type":"product","link":"https:\/\/melanin.md\/ru\/product\/5-4-set-impotriva-matretii-si-caderii-parului\/","title":{"rendered":"#5-4 Set Bio-Botanical"},"content":{"rendered":"<p><strong>BIO-BOTANICAL TRICHOLOGY THERAPY\u00a0<\/strong><\/p>\n<p><span style=\"font-weight: 400;\">\u0414\u043b\u044f \u043b\u0435\u0447\u0435\u043d\u0438\u044f \u0438 \u043f\u0440\u043e\u0444\u0438\u043b\u0430\u043a\u0442\u0438\u043a\u0438 \u043f\u0440\u043e\u0431\u043b\u0435\u043c \u043a\u043e\u0436\u0438 \u0433\u043e\u043b\u043e\u0432\u044b. \u041f\u0440\u043e\u0434\u0443\u043a\u0442\u044b \u044d\u0442\u043e\u0439 \u0441\u0435\u0440\u0438\u0438 \u043d\u0435 \u0441\u043e\u0434\u0435\u0440\u0436\u0430\u0442 \u0441\u0443\u043b\u044c\u0444\u0430\u0442\u043e\u0432 \u0438 \u0438\u043c\u0435\u044e\u0442 \u0438\u0434\u0435\u0430\u043b\u044c\u043d\u044b\u0439 \u0431\u0430\u043b\u0430\u043d\u0441 pH. \u0422\u0430\u043a\u0436\u0435 \u043e\u043d\u0438 \u0441\u043e\u0434\u0435\u0440\u0436\u0430\u0442 \u0432\u043d\u0443\u0448\u0438\u0442\u0435\u043b\u044c\u043d\u043e\u0435 \u043a\u043e\u043b\u0438\u0447\u0435\u0441\u0442\u0432\u043e \u0430\u043a\u0442\u0438\u0432\u043d\u044b\u0445 \u0440\u0430\u0441\u0442\u0438\u0442\u0435\u043b\u044c\u043d\u044b\u0445 \u0438\u043d\u0433\u0440\u0435\u0434\u0438\u0435\u043d\u0442\u043e\u0432: \u043c\u0430\u0441\u0435\u043b \u0438 \u044d\u043a\u0441\u0442\u0440\u0430\u043a\u0442\u043e\u0432, \u043f\u0440\u043e\u0431\u0438\u043e\u0442\u0438\u043a\u043e\u0432 \u0438 \u044d\u043d\u0435\u0440\u0433\u0438\u0438. \u0411\u043e\u0440\u0435\u0442\u0441\u044f \u0441 \u0432\u044b\u043f\u0430\u0434\u0435\u043d\u0438\u0435\u043c \u0432\u043e\u043b\u043e\u0441 \u0438 \u043f\u0435\u0440\u0445\u043e\u0442\u044c\u044e, \u0432\u043e\u0441\u0441\u0442\u0430\u043d\u0430\u0432\u043b\u0438\u0432\u0430\u0435\u0442 \u0433\u0438\u0434\u0440\u043e\u043b\u0438\u043f\u0438\u0434\u043d\u044b\u0439 \u0431\u0430\u043b\u0430\u043d\u0441, \u043e\u0431\u043d\u043e\u0432\u043b\u044f\u044f \u0435\u0441\u0442\u0435\u0441\u0442\u0432\u0435\u043d\u043d\u0443\u044e \u043c\u0438\u043a\u0440\u043e\u0444\u043b\u043e\u0440\u0443 \u043a\u043e\u0436\u0438 \u0433\u043e\u043b\u043e\u0432\u044b \u0438 \u043f\u0440\u0435\u0434\u043e\u0442\u0432\u0440\u0430\u0449\u0430\u0435\u0442 \u0440\u0435\u0446\u0438\u0434\u0438\u0432\u044b.<\/span><\/p>\n<p><strong>\u0412 \u043d\u0430\u0431\u043e\u0440 \u0432\u0445\u043e\u0434\u044f\u0442:<\/strong><\/p>\n<ol>\n<li>\u0428\u0430\u043c\u043f\u0443\u043d\u044c \u043f\u0440\u043e\u0442\u0438\u0432 \u043f\u0435\u0440\u0445\u043e\u0442\u0438 \u0438 \u0432\u044b\u043f\u0430\u0434\u0435\u043d\u0438\u044f \u0432\u043e\u043b\u043e\u0441 970\u043c\u043b<\/li>\n<li>\u041c\u0430\u0441\u043a\u0430 \u0434\u043b\u044f \u043a\u043e\u0436\u0438 \u0433\u043e\u043b\u043e\u0432\u044b \u0438 \u0432\u043e\u043b\u043e\u0441 970\u043c\u043b<\/li>\n<li>\u041f\u0440\u043e\u0431\u0438\u043e\u0442\u0438\u0447\u0435\u0441\u043a\u0438\u0439 \u044d\u043d\u0435\u0440\u0433\u0435\u0442\u0438\u0447\u0435\u0441\u043a\u0438\u0439 \u0442\u043e\u043d\u0438\u043a \u0434\u043b\u044f \u043a\u043e\u0436\u0438 \u0433\u043e\u043b\u043e\u0432\u044b 135\u043c\u043b<\/li>\n<\/ol>","protected":false},"excerpt":{"rendered":"<p>\u041d\u0430\u0431\u043e\u0440 \u043f\u0440\u043e\u0442\u0438\u0432 \u043f\u0435\u0440\u0445\u043e\u0442\u0438 \u0438 \u0432\u044b\u043f\u0430\u0434\u0435\u043d\u0438\u044f \u0432\u043e\u043b\u043e\u0441<\/p>","protected":false},"featured_media":23002,"template":"","meta":[],"product_brand":[],"product_cat":[1558,1565,86,79],"product_tag":[705],"class_list":{"0":"post-3765","1":"product","2":"type-product","3":"status-publish","4":"has-post-thumbnail","6":"product_cat-spa-master","7":"product_cat-trichology-therapy-line-pentru-tratamentul-si-prevenirea-problemelor-scalpului","8":"product_cat-seturi","9":"product_cat-toate","10":"product_tag-trichology-therapy-line-pentru-tratamentul-si-prevenirea-problemelor-scalpului","12":"first","13":"instock","14":"shipping-taxable","15":"purchasable","16":"product-type-simple"},"yoast_head":"<!-- This site is optimized with the Yoast SEO plugin v27.0 - https:\/\/yoast.com\/product\/yoast-seo-wordpress\/ -->\n<title>#5-4 Set Bio-Botanical - Melanin Cosmetics<\/title>\n<meta name=\"robots\" content=\"index, follow, max-snippet:-1, max-image-preview:large, max-video-preview:-1\" \/>\n<link rel=\"canonical\" href=\"https:\/\/melanin.md\/ru\/product\/5-4-set-impotriva-matretii-si-caderii-parului\/\" \/>\n<meta property=\"og:locale\" content=\"ru_RU\" \/>\n<meta property=\"og:type\" content=\"article\" \/>\n<meta property=\"og:title\" content=\"#5-4 Set Bio-Botanical - Melanin Cosmetics\" \/>\n<meta property=\"og:description\" content=\"Set \u00eempotriva m\u0103tre\u021bii \u0219i c\u0103derii p\u0103rului\" \/>\n<meta property=\"og:url\" content=\"https:\/\/melanin.md\/ru\/product\/5-4-set-impotriva-matretii-si-caderii-parului\/\" \/>\n<meta property=\"og:site_name\" content=\"Melanin Cosmetics\" \/>\n<meta property=\"article:modified_time\" content=\"2026-02-16T07:07:53+00:00\" \/>\n<meta property=\"og:image\" content=\"https:\/\/melanin.md\/wp-content\/uploads\/2024\/07\/set5-4-scaled.webp\" \/>\n\t<meta property=\"og:image:width\" content=\"2560\" \/>\n\t<meta property=\"og:image:height\" content=\"2560\" \/>\n\t<meta property=\"og:image:type\" content=\"image\/webp\" \/>\n<meta name=\"twitter:card\" content=\"summary_large_image\" \/>\n<script type=\"application\/ld+json\" class=\"yoast-schema-graph\">{\"@context\":\"https:\/\/schema.org\",\"@graph\":[{\"@type\":\"WebPage\",\"@id\":\"https:\/\/melanin.md\/produs\/5-4-set-impotriva-matretii-si-caderii-parului\/\",\"url\":\"https:\/\/melanin.md\/produs\/5-4-set-impotriva-matretii-si-caderii-parului\/\",\"name\":\"#5-4 Set Bio-Botanical - Melanin Cosmetics\",\"isPartOf\":{\"@id\":\"https:\/\/melanin.md\/#website\"},\"primaryImageOfPage\":{\"@id\":\"https:\/\/melanin.md\/produs\/5-4-set-impotriva-matretii-si-caderii-parului\/#primaryimage\"},\"image\":{\"@id\":\"https:\/\/melanin.md\/produs\/5-4-set-impotriva-matretii-si-caderii-parului\/#primaryimage\"},\"thumbnailUrl\":\"https:\/\/melanin.md\/wp-content\/uploads\/2024\/07\/set5-4-scaled.webp\",\"datePublished\":\"2022-01-14T10:04:46+00:00\",\"dateModified\":\"2026-02-16T07:07:53+00:00\",\"breadcrumb\":{\"@id\":\"https:\/\/melanin.md\/produs\/5-4-set-impotriva-matretii-si-caderii-parului\/#breadcrumb\"},\"inLanguage\":\"ru-RU\",\"potentialAction\":[{\"@type\":\"ReadAction\",\"target\":[\"https:\/\/melanin.md\/produs\/5-4-set-impotriva-matretii-si-caderii-parului\/\"]}]},{\"@type\":\"ImageObject\",\"inLanguage\":\"ru-RU\",\"@id\":\"https:\/\/melanin.md\/produs\/5-4-set-impotriva-matretii-si-caderii-parului\/#primaryimage\",\"url\":\"https:\/\/melanin.md\/wp-content\/uploads\/2024\/07\/set5-4-scaled.webp\",\"contentUrl\":\"https:\/\/melanin.md\/wp-content\/uploads\/2024\/07\/set5-4-scaled.webp\",\"width\":2560,\"height\":2560},{\"@type\":\"BreadcrumbList\",\"@id\":\"https:\/\/melanin.md\/produs\/5-4-set-impotriva-matretii-si-caderii-parului\/#breadcrumb\",\"itemListElement\":[{\"@type\":\"ListItem\",\"position\":1,\"name\":\"Prima pagin\u0103\",\"item\":\"https:\/\/melanin.md\/\"},{\"@type\":\"ListItem\",\"position\":2,\"name\":\"Produse\",\"item\":\"https:\/\/melanin.md\/shop\/\"},{\"@type\":\"ListItem\",\"position\":3,\"name\":\"#5-4 Set Bio-Botanical\"}]},{\"@type\":\"WebSite\",\"@id\":\"https:\/\/melanin.md\/#website\",\"url\":\"https:\/\/melanin.md\/\",\"name\":\"Melanin Cosmetics\",\"description\":\"\u00cen fabric\u0103 producem cosmetice, \u00een magazine vindem speran\u021b\u0103.\",\"publisher\":{\"@id\":\"https:\/\/melanin.md\/#organization\"},\"potentialAction\":[{\"@type\":\"SearchAction\",\"target\":{\"@type\":\"EntryPoint\",\"urlTemplate\":\"https:\/\/melanin.md\/?s={search_term_string}\"},\"query-input\":{\"@type\":\"PropertyValueSpecification\",\"valueRequired\":true,\"valueName\":\"search_term_string\"}}],\"inLanguage\":\"ru-RU\"},{\"@type\":\"Organization\",\"@id\":\"https:\/\/melanin.md\/#organization\",\"name\":\"Melanin Cosmetics\",\"url\":\"https:\/\/melanin.md\/\",\"logo\":{\"@type\":\"ImageObject\",\"inLanguage\":\"ru-RU\",\"@id\":\"https:\/\/melanin.md\/#\/schema\/logo\/image\/\",\"url\":\"https:\/\/melanin.md\/wp-content\/uploads\/2023\/06\/cropped-SM-2-1.png\",\"contentUrl\":\"https:\/\/melanin.md\/wp-content\/uploads\/2023\/06\/cropped-SM-2-1.png\",\"width\":512,\"height\":512,\"caption\":\"Melanin Cosmetics\"},\"image\":{\"@id\":\"https:\/\/melanin.md\/#\/schema\/logo\/image\/\"}}]}<\/script>\n<!-- \/ Yoast SEO plugin. -->","yoast_head_json":{"title":"#5-4 Set Bio-Botanical - Melanin Cosmetics","robots":{"index":"index","follow":"follow","max-snippet":"max-snippet:-1","max-image-preview":"max-image-preview:large","max-video-preview":"max-video-preview:-1"},"canonical":"https:\/\/melanin.md\/ru\/product\/5-4-set-impotriva-matretii-si-caderii-parului\/","og_locale":"ru_RU","og_type":"article","og_title":"#5-4 Set Bio-Botanical - Melanin Cosmetics","og_description":"Set \u00eempotriva m\u0103tre\u021bii \u0219i c\u0103derii p\u0103rului","og_url":"https:\/\/melanin.md\/ru\/product\/5-4-set-impotriva-matretii-si-caderii-parului\/","og_site_name":"Melanin Cosmetics","article_modified_time":"2026-02-16T07:07:53+00:00","og_image":[{"width":2560,"height":2560,"url":"https:\/\/melanin.md\/wp-content\/uploads\/2024\/07\/set5-4-scaled.webp","type":"image\/webp"}],"twitter_card":"summary_large_image","schema":{"@context":"https:\/\/schema.org","@graph":[{"@type":"WebPage","@id":"https:\/\/melanin.md\/produs\/5-4-set-impotriva-matretii-si-caderii-parului\/","url":"https:\/\/melanin.md\/produs\/5-4-set-impotriva-matretii-si-caderii-parului\/","name":"#5-4 Set Bio-Botanical - Melanin Cosmetics","isPartOf":{"@id":"https:\/\/melanin.md\/#website"},"primaryImageOfPage":{"@id":"https:\/\/melanin.md\/produs\/5-4-set-impotriva-matretii-si-caderii-parului\/#primaryimage"},"image":{"@id":"https:\/\/melanin.md\/produs\/5-4-set-impotriva-matretii-si-caderii-parului\/#primaryimage"},"thumbnailUrl":"https:\/\/melanin.md\/wp-content\/uploads\/2024\/07\/set5-4-scaled.webp","datePublished":"2022-01-14T10:04:46+00:00","dateModified":"2026-02-16T07:07:53+00:00","breadcrumb":{"@id":"https:\/\/melanin.md\/produs\/5-4-set-impotriva-matretii-si-caderii-parului\/#breadcrumb"},"inLanguage":"ru-RU","potentialAction":[{"@type":"ReadAction","target":["https:\/\/melanin.md\/produs\/5-4-set-impotriva-matretii-si-caderii-parului\/"]}]},{"@type":"ImageObject","inLanguage":"ru-RU","@id":"https:\/\/melanin.md\/produs\/5-4-set-impotriva-matretii-si-caderii-parului\/#primaryimage","url":"https:\/\/melanin.md\/wp-content\/uploads\/2024\/07\/set5-4-scaled.webp","contentUrl":"https:\/\/melanin.md\/wp-content\/uploads\/2024\/07\/set5-4-scaled.webp","width":2560,"height":2560},{"@type":"BreadcrumbList","@id":"https:\/\/melanin.md\/produs\/5-4-set-impotriva-matretii-si-caderii-parului\/#breadcrumb","itemListElement":[{"@type":"ListItem","position":1,"name":"Prima pagin\u0103","item":"https:\/\/melanin.md\/"},{"@type":"ListItem","position":2,"name":"Produse","item":"https:\/\/melanin.md\/shop\/"},{"@type":"ListItem","position":3,"name":"#5-4 Set Bio-Botanical"}]},{"@type":"WebSite","@id":"https:\/\/melanin.md\/#website","url":"https:\/\/melanin.md\/","name":"Melanin Cosmetics","description":"\u00cen fabric\u0103 producem cosmetice, \u00een magazine vindem speran\u021b\u0103.","publisher":{"@id":"https:\/\/melanin.md\/#organization"},"potentialAction":[{"@type":"SearchAction","target":{"@type":"EntryPoint","urlTemplate":"https:\/\/melanin.md\/?s={search_term_string}"},"query-input":{"@type":"PropertyValueSpecification","valueRequired":true,"valueName":"search_term_string"}}],"inLanguage":"ru-RU"},{"@type":"Organization","@id":"https:\/\/melanin.md\/#organization","name":"Melanin Cosmetics","url":"https:\/\/melanin.md\/","logo":{"@type":"ImageObject","inLanguage":"ru-RU","@id":"https:\/\/melanin.md\/#\/schema\/logo\/image\/","url":"https:\/\/melanin.md\/wp-content\/uploads\/2023\/06\/cropped-SM-2-1.png","contentUrl":"https:\/\/melanin.md\/wp-content\/uploads\/2023\/06\/cropped-SM-2-1.png","width":512,"height":512,"caption":"Melanin Cosmetics"},"image":{"@id":"https:\/\/melanin.md\/#\/schema\/logo\/image\/"}}]}},"_links":{"self":[{"href":"https:\/\/melanin.md\/ru\/wp-json\/wp\/v2\/product\/3765","targetHints":{"allow":["GET"]}}],"collection":[{"href":"https:\/\/melanin.md\/ru\/wp-json\/wp\/v2\/product"}],"about":[{"href":"https:\/\/melanin.md\/ru\/wp-json\/wp\/v2\/types\/product"}],"version-history":[{"count":1,"href":"https:\/\/melanin.md\/ru\/wp-json\/wp\/v2\/product\/3765\/revisions"}],"predecessor-version":[{"id":23056,"href":"https:\/\/melanin.md\/ru\/wp-json\/wp\/v2\/product\/3765\/revisions\/23056"}],"wp:featuredmedia":[{"embeddable":true,"href":"https:\/\/melanin.md\/ru\/wp-json\/wp\/v2\/media\/23002"}],"wp:attachment":[{"href":"https:\/\/melanin.md\/ru\/wp-json\/wp\/v2\/media?parent=3765"}],"wp:term":[{"taxonomy":"product_brand","embeddable":true,"href":"https:\/\/melanin.md\/ru\/wp-json\/wp\/v2\/product_brand?post=3765"},{"taxonomy":"product_cat","embeddable":true,"href":"https:\/\/melanin.md\/ru\/wp-json\/wp\/v2\/product_cat?post=3765"},{"taxonomy":"product_tag","embeddable":true,"href":"https:\/\/melanin.md\/ru\/wp-json\/wp\/v2\/product_tag?post=3765"}],"curies":[{"name":"wp","href":"https:\/\/api.w.org\/{rel}","templated":true}]}}